{"id":705,"date":"2024-06-10T18:25:13","date_gmt":"2024-06-10T16:25:13","guid":{"rendered":"https:\/\/zsjosefov.cz\/?page_id=705"},"modified":"2025-09-02T20:49:07","modified_gmt":"2025-09-02T18:49:07","slug":"skolni-jidelna","status":"publish","type":"page","link":"https:\/\/zsjosefov.cz\/?page_id=705","title":{"rendered":"\u0160koln\u00ed j\u00eddelna"},"content":{"rendered":"\t\t<div data-elementor-type=\"wp-page\" data-elementor-id=\"705\" class=\"elementor elementor-705\">\n\t\t\t\t<div class=\"elementor-element elementor-element-0830c80 e-flex e-con-boxed e-con e-parent\" data-id=\"0830c80\" data-element_type=\"container\">\n\t\t\t\t\t<div class=\"e-con-inner\">\n\t\t\t\t<div class=\"elementor-element elementor-element-5b42d8d elementor-widget elementor-widget-text-editor\" data-id=\"5b42d8d\" data-element_type=\"widget\" data-widget_type=\"text-editor.default\">\n\t\t\t\t<div class=\"elementor-widget-container\">\n\t\t\t\t\t\t\t\t\t<div class=\"CjVfdc\" style=\"text-align: center;\"><strong><span class=\"C9DxTc \">Za\u0159\u00edzen\u00ed \u0161koln\u00edho stravov\u00e1n\u00ed Jarom\u011b\u0159<\/span><\/strong><\/div><p class=\"zfr3Q CDt4Ke \" dir=\"ltr\" style=\"text-align: center;\"><span class=\"C9DxTc \">I\u010cO: 70926719<\/span><\/p><p class=\"zfr3Q CDt4Ke \" dir=\"ltr\" style=\"text-align: center;\"><span class=\"C9DxTc \">\u0159editelka: Jaroslava H\u016flkov\u00e1\u00a0 \u00a0telefon:\u00a0 737 336 766<\/span><\/p><p class=\"zfr3Q CDt4Ke \" dir=\"ltr\" style=\"text-align: center;\"><span class=\"C9DxTc \">Telefon kancel\u00e1\u0159 Jarom\u011b\u0159, Na Karlov\u011b 181:\u00a0 491 811 064, 491 811 027<\/span><\/p><p class=\"zfr3Q CDt4Ke \" dir=\"ltr\" style=\"text-align: center;\"><span class=\"C9DxTc \">Telefon do kuchyn\u011b na Karlov\u011b 181, v p\u0159\u00edpad\u011b, \u017ee telefon v kancel\u00e1\u0159i nikdo nezved\u00e1: 491 811 196<\/span><\/p><p class=\"zfr3Q CDt4Ke \" dir=\"ltr\" style=\"text-align: center;\"><span class=\"C9DxTc \">Telefon Josefov, Vod\u00e1rensk\u00e1 370: 724 074 654<\/span><\/p><p class=\"zfr3Q CDt4Ke \" dir=\"ltr\" style=\"text-align: center;\"><span class=\"C9DxTc \">E-mail: \u00a0 \u00a0\u00a0<\/span><a class=\"XqQF9c\" href=\"mailto:jidelnakarlov@seznam.cz\" target=\"_blank\" rel=\"noopener\"><span class=\"C9DxTc aw5Odc \">jidelnakarlov@seznam.cz<\/span><\/a><\/p><p dir=\"ltr\" style=\"text-align: center;\">\u010d. \u00fa.: 78-8829790207\/0100<\/p>\t\t\t\t\t\t\t\t<\/div>\n\t\t\t\t<\/div>\n\t\t\t\t\t<\/div>\n\t\t\t\t<\/div>\n\t\t<div class=\"elementor-element elementor-element-4ffaf88 e-flex e-con-boxed e-con e-parent\" data-id=\"4ffaf88\" data-element_type=\"container\">\n\t\t\t\t\t<div class=\"e-con-inner\">\n\t\t\t\t<div class=\"elementor-element elementor-element-ad2d6a7 elementor-widget elementor-widget-text-editor\" data-id=\"ad2d6a7\" data-element_type=\"widget\" data-widget_type=\"text-editor.default\">\n\t\t\t\t<div class=\"elementor-widget-container\">\n\t\t\t\t\t\t\t\t\t<p style=\"text-align: center;\"><strong><u>V\u00fddejn\u00ed doba:<\/u><\/strong><\/p>\n<p style=\"padding-left: 40px;\">Ciz\u00ed str\u00e1vn\u00edci: 10:30 \u2013 11:00<\/p>\n<p style=\"padding-left: 40px;\">\u017d\u00e1ci a zam\u011bstnanci \u0161koly: 11:20 \u2013 14:15<\/p>\n<p style=\"text-align: center;\">PROS\u00cdME V\u0160ECHNY STR\u00c1VN\u00cdKY O DODR\u017dOV\u00c1N\u00cd \u010cASOV\u00ddCH \u00daSEK\u016e.<\/p>\n<p>N\u00c1VOD K NOV\u00c9MU OBJEDN\u00c1VKOV\u00c9MU SYST\u00c9MU: <a href=\"https:\/\/zsjosefov.cz\/?attachment_id=1630\" rel=\"attachment wp-att-1630\">N\u00e1vod &#8211; ANeTMenu &#8211; p\u0159ihl\u00e1\u0161en\u00ed a objedn\u00e1v\u00e1n\u00ed<\/a><\/p><p>P\u0159ihl\u00e1\u0161eni:&nbsp;https:\/\/zssjaromer.isis.cz\/<\/p>\t\t\t\t\t\t\t\t<\/div>\n\t\t\t\t<\/div>\n\t\t\t\t\t<\/div>\n\t\t\t\t<\/div>\n\t\t\t\t<\/div>\n\t\t","protected":false},"excerpt":{"rendered":"<p>Za\u0159\u00edzen\u00ed \u0161koln\u00edho stravov\u00e1n\u00ed Jarom\u011b\u0159 I\u010cO: 70926719 \u0159editelka: Jaroslava H\u016flkov\u00e1\u00a0 \u00a0telefon:\u00a0 737 336 766 Telefon kancel\u00e1\u0159 Jarom\u011b\u0159, Na Karlov\u011b 181:\u00a0 491 811 064, 491 811 027 Telefon do kuchyn\u011b na Karlov\u011b 181, v p\u0159\u00edpad\u011b, \u017ee telefon v kancel\u00e1\u0159i nikdo nezved\u00e1: 491 811 196 Telefon Josefov, Vod\u00e1rensk\u00e1 370: 724 074 654 E-mail: \u00a0 \u00a0\u00a0jidelnakarlov@seznam.cz \u010d. \u00fa.: 78-8829790207\/0100 [&hellip;]<\/p>\n","protected":false},"author":1,"featured_media":0,"parent":0,"menu_order":0,"comment_status":"closed","ping_status":"closed","template":"","meta":{"footnotes":""},"class_list":["post-705","page","type-page","status-publish","hentry"],"yoast_head":"<!-- This site is optimized with the Yoast SEO plugin v24.3 - https:\/\/yoast.com\/wordpress\/plugins\/seo\/ -->\n<title>\u0160koln\u00ed j\u00eddelna - Z\u00e1kladn\u00ed \u0161kola Jarom\u011b\u0159 - Josefov<\/title>\n<meta name=\"robots\" content=\"index, follow, max-snippet:-1, max-image-preview:large, max-video-preview:-1\" \/>\n<link rel=\"canonical\" href=\"https:\/\/zsjosefov.cz\/?page_id=705\" \/>\n<meta property=\"og:locale\" content=\"cs_CZ\" \/>\n<meta property=\"og:type\" content=\"article\" \/>\n<meta property=\"og:title\" content=\"\u0160koln\u00ed j\u00eddelna - Z\u00e1kladn\u00ed \u0161kola Jarom\u011b\u0159 - Josefov\" \/>\n<meta property=\"og:description\" content=\"Za\u0159\u00edzen\u00ed \u0161koln\u00edho stravov\u00e1n\u00ed Jarom\u011b\u0159 I\u010cO: 70926719 \u0159editelka: Jaroslava H\u016flkov\u00e1\u00a0 \u00a0telefon:\u00a0 737 336 766 Telefon kancel\u00e1\u0159 Jarom\u011b\u0159, Na Karlov\u011b 181:\u00a0 491 811 064, 491 811 027 Telefon do kuchyn\u011b na Karlov\u011b 181, v p\u0159\u00edpad\u011b, \u017ee telefon v kancel\u00e1\u0159i nikdo nezved\u00e1: 491 811 196 Telefon Josefov, Vod\u00e1rensk\u00e1 370: 724 074 654 E-mail: \u00a0 \u00a0\u00a0jidelnakarlov@seznam.cz \u010d. \u00fa.: 78-8829790207\/0100 [&hellip;]\" \/>\n<meta property=\"og:url\" content=\"https:\/\/zsjosefov.cz\/?page_id=705\" \/>\n<meta property=\"og:site_name\" content=\"Z\u00e1kladn\u00ed \u0161kola Jarom\u011b\u0159 - Josefov\" \/>\n<meta property=\"article:modified_time\" content=\"2025-09-02T18:49:07+00:00\" \/>\n<meta name=\"twitter:card\" content=\"summary_large_image\" \/>\n<meta name=\"twitter:label1\" content=\"Odhadovan\u00e1 doba \u010dten\u00ed\" \/>\n\t<meta name=\"twitter:data1\" content=\"1 minuta\" \/>\n<script type=\"application\/ld+json\" class=\"yoast-schema-graph\">{\"@context\":\"https:\/\/schema.org\",\"@graph\":[{\"@type\":\"WebPage\",\"@id\":\"https:\/\/zsjosefov.cz\/?page_id=705\",\"url\":\"https:\/\/zsjosefov.cz\/?page_id=705\",\"name\":\"\u0160koln\u00ed j\u00eddelna - Z\u00e1kladn\u00ed \u0161kola Jarom\u011b\u0159 - Josefov\",\"isPartOf\":{\"@id\":\"https:\/\/dev.zsjosefov.cz\/#website\"},\"datePublished\":\"2024-06-10T16:25:13+00:00\",\"dateModified\":\"2025-09-02T18:49:07+00:00\",\"breadcrumb\":{\"@id\":\"https:\/\/zsjosefov.cz\/?page_id=705#breadcrumb\"},\"inLanguage\":\"cs\",\"potentialAction\":[{\"@type\":\"ReadAction\",\"target\":[\"https:\/\/zsjosefov.cz\/?page_id=705\"]}]},{\"@type\":\"BreadcrumbList\",\"@id\":\"https:\/\/zsjosefov.cz\/?page_id=705#breadcrumb\",\"itemListElement\":[{\"@type\":\"ListItem\",\"position\":1,\"name\":\"Dom\u016f\",\"item\":\"https:\/\/zsjosefov.cz\/\"},{\"@type\":\"ListItem\",\"position\":2,\"name\":\"\u0160koln\u00ed j\u00eddelna\"}]},{\"@type\":\"WebSite\",\"@id\":\"https:\/\/dev.zsjosefov.cz\/#website\",\"url\":\"https:\/\/dev.zsjosefov.cz\/\",\"name\":\"Z\u00e1kladn\u00ed \u0161kola Jarom\u011b\u0159 - Josefov\",\"description\":\"\",\"potentialAction\":[{\"@type\":\"SearchAction\",\"target\":{\"@type\":\"EntryPoint\",\"urlTemplate\":\"https:\/\/dev.zsjosefov.cz\/?s={search_term_string}\"},\"query-input\":{\"@type\":\"PropertyValueSpecification\",\"valueRequired\":true,\"valueName\":\"search_term_string\"}}],\"inLanguage\":\"cs\"}]}<\/script>\n<!-- \/ Yoast SEO plugin. -->","yoast_head_json":{"title":"\u0160koln\u00ed j\u00eddelna - Z\u00e1kladn\u00ed \u0161kola Jarom\u011b\u0159 - Josefov","robots":{"index":"index","follow":"follow","max-snippet":"max-snippet:-1","max-image-preview":"max-image-preview:large","max-video-preview":"max-video-preview:-1"},"canonical":"https:\/\/zsjosefov.cz\/?page_id=705","og_locale":"cs_CZ","og_type":"article","og_title":"\u0160koln\u00ed j\u00eddelna - Z\u00e1kladn\u00ed \u0161kola Jarom\u011b\u0159 - Josefov","og_description":"Za\u0159\u00edzen\u00ed \u0161koln\u00edho stravov\u00e1n\u00ed Jarom\u011b\u0159 I\u010cO: 70926719 \u0159editelka: Jaroslava H\u016flkov\u00e1\u00a0 \u00a0telefon:\u00a0 737 336 766 Telefon kancel\u00e1\u0159 Jarom\u011b\u0159, Na Karlov\u011b 181:\u00a0 491 811 064, 491 811 027 Telefon do kuchyn\u011b na Karlov\u011b 181, v p\u0159\u00edpad\u011b, \u017ee telefon v kancel\u00e1\u0159i nikdo nezved\u00e1: 491 811 196 Telefon Josefov, Vod\u00e1rensk\u00e1 370: 724 074 654 E-mail: \u00a0 \u00a0\u00a0jidelnakarlov@seznam.cz \u010d. \u00fa.: 78-8829790207\/0100 [&hellip;]","og_url":"https:\/\/zsjosefov.cz\/?page_id=705","og_site_name":"Z\u00e1kladn\u00ed \u0161kola Jarom\u011b\u0159 - Josefov","article_modified_time":"2025-09-02T18:49:07+00:00","twitter_card":"summary_large_image","twitter_misc":{"Odhadovan\u00e1 doba \u010dten\u00ed":"1 minuta"},"schema":{"@context":"https:\/\/schema.org","@graph":[{"@type":"WebPage","@id":"https:\/\/zsjosefov.cz\/?page_id=705","url":"https:\/\/zsjosefov.cz\/?page_id=705","name":"\u0160koln\u00ed j\u00eddelna - Z\u00e1kladn\u00ed \u0161kola Jarom\u011b\u0159 - Josefov","isPartOf":{"@id":"https:\/\/dev.zsjosefov.cz\/#website"},"datePublished":"2024-06-10T16:25:13+00:00","dateModified":"2025-09-02T18:49:07+00:00","breadcrumb":{"@id":"https:\/\/zsjosefov.cz\/?page_id=705#breadcrumb"},"inLanguage":"cs","potentialAction":[{"@type":"ReadAction","target":["https:\/\/zsjosefov.cz\/?page_id=705"]}]},{"@type":"BreadcrumbList","@id":"https:\/\/zsjosefov.cz\/?page_id=705#breadcrumb","itemListElement":[{"@type":"ListItem","position":1,"name":"Dom\u016f","item":"https:\/\/zsjosefov.cz\/"},{"@type":"ListItem","position":2,"name":"\u0160koln\u00ed j\u00eddelna"}]},{"@type":"WebSite","@id":"https:\/\/dev.zsjosefov.cz\/#website","url":"https:\/\/dev.zsjosefov.cz\/","name":"Z\u00e1kladn\u00ed \u0161kola Jarom\u011b\u0159 - Josefov","description":"","potentialAction":[{"@type":"SearchAction","target":{"@type":"EntryPoint","urlTemplate":"https:\/\/dev.zsjosefov.cz\/?s={search_term_string}"},"query-input":{"@type":"PropertyValueSpecification","valueRequired":true,"valueName":"search_term_string"}}],"inLanguage":"cs"}]}},"_links":{"self":[{"href":"https:\/\/zsjosefov.cz\/index.php?rest_route=\/wp\/v2\/pages\/705","targetHints":{"allow":["GET"]}}],"collection":[{"href":"https:\/\/zsjosefov.cz\/index.php?rest_route=\/wp\/v2\/pages"}],"about":[{"href":"https:\/\/zsjosefov.cz\/index.php?rest_route=\/wp\/v2\/types\/page"}],"author":[{"embeddable":true,"href":"https:\/\/zsjosefov.cz\/index.php?rest_route=\/wp\/v2\/users\/1"}],"replies":[{"embeddable":true,"href":"https:\/\/zsjosefov.cz\/index.php?rest_route=%2Fwp%2Fv2%2Fcomments&post=705"}],"version-history":[{"count":28,"href":"https:\/\/zsjosefov.cz\/index.php?rest_route=\/wp\/v2\/pages\/705\/revisions"}],"predecessor-version":[{"id":1637,"href":"https:\/\/zsjosefov.cz\/index.php?rest_route=\/wp\/v2\/pages\/705\/revisions\/1637"}],"wp:attachment":[{"href":"https:\/\/zsjosefov.cz\/index.php?rest_route=%2Fwp%2Fv2%2Fmedia&parent=705"}],"curies":[{"name":"wp","href":"https:\/\/api.w.org\/{rel}","templated":true}]}}