{"id":703,"date":"2024-06-10T18:25:03","date_gmt":"2024-06-10T16:25:03","guid":{"rendered":"https:\/\/zsjosefov.cz\/?page_id=703"},"modified":"2026-01-22T07:31:15","modified_gmt":"2026-01-22T06:31:15","slug":"skolni-druzina","status":"publish","type":"page","link":"https:\/\/zsjosefov.cz\/?page_id=703","title":{"rendered":"\u0160koln\u00ed dru\u017eina"},"content":{"rendered":"\t\t<div data-elementor-type=\"wp-page\" data-elementor-id=\"703\" class=\"elementor elementor-703\">\n\t\t\t\t<div class=\"elementor-element elementor-element-dcb9b0c e-flex e-con-boxed e-con e-parent\" data-id=\"dcb9b0c\" data-element_type=\"container\">\n\t\t\t\t\t<div class=\"e-con-inner\">\n\t\t\t\t<div class=\"elementor-element elementor-element-8ad9ba6 elementor-widget elementor-widget-heading\" data-id=\"8ad9ba6\" data-element_type=\"widget\" data-widget_type=\"heading.default\">\n\t\t\t\t<div class=\"elementor-widget-container\">\n\t\t\t\t\t<h2 class=\"elementor-heading-title elementor-size-default\">\u0160KOLN\u00cd DRU\u017dINA <\/h2>\t\t\t\t<\/div>\n\t\t\t\t<\/div>\n\t\t\t\t\t<\/div>\n\t\t\t\t<\/div>\n\t\t<div class=\"elementor-element elementor-element-ccceadb e-flex e-con-boxed e-con e-parent\" data-id=\"ccceadb\" data-element_type=\"container\">\n\t\t\t\t\t<div class=\"e-con-inner\">\n\t\t\t\t<div class=\"elementor-element elementor-element-9933e2f elementor-widget elementor-widget-text-editor\" data-id=\"9933e2f\" data-element_type=\"widget\" data-widget_type=\"text-editor.default\">\n\t\t\t\t<div class=\"elementor-widget-container\">\n\t\t\t\t\t\t\t\t\t<p class=\"justify\">\u0160koln\u00ed dru\u017eina je z\u0159\u00edzena na z\u00e1klad\u011b z\u00e1kona \u010d. 561\/2004 Sb. o p\u0159ed\u0161koln\u00edm, z\u00e1kladn\u00edm, st\u0159edn\u00edm, vy\u0161\u0161\u00edm odborn\u00e9m a jin\u00e9m vzd\u011bl\u00e1v\u00e1n\u00ed a \u0159\u00edd\u00ed se podle vyhl\u00e1\u0161ky M\u0160MT \u010d. 74\/2005 Sb. o z\u00e1jmov\u00e9m vzd\u011bl\u00e1v\u00e1n\u00ed.<\/p><p class=\"justify\">\u0160koln\u00ed dru\u017eina slou\u017e\u00ed k\u00a0v\u00fdchov\u011b, vzd\u011bl\u00e1v\u00e1n\u00ed, rekrea\u010dn\u00ed, sportovn\u00ed a z\u00e1jmov\u00e9 \u010dinnosti \u017e\u00e1k\u016f v\u00a0dob\u011b mimo vyu\u010dov\u00e1n\u00ed. \u010cinnosti prob\u00edhaj\u00ed formou pravideln\u00fdch nebo p\u0159\u00edle\u017eitostn\u00fdch aktivit a umo\u017e\u0148uje \u017e\u00e1k\u016fm i p\u0159\u00edpravu na vyu\u010dov\u00e1n\u00ed.<\/p><p class=\"justify\">Na\u0161e \u0161koln\u00ed dru\u017eina se nach\u00e1z\u00ed v\u00a0p\u0159\u00edzem\u00ed budovy \u0161koly. Jsou zde t\u0159i herny vybaven\u00e9 n\u00e1bytkem, koberci, stavebnicemi a velk\u00fdm v\u00fdb\u011brem her. Pro pobyt venku je k\u00a0dispozici vlastn\u00ed h\u0159i\u0161t\u011b. K\u00a0\u010dinnostem d\u00e1le vyu\u017e\u00edv\u00e1me t\u011blocvi\u010dnu, volno\u010dasovou u\u010debnu, \u0161koln\u00ed kuchy\u0148ku a h\u0159i\u0161t\u011b s\u00a0baz\u00e9nem.<\/p><p class=\"bold\"><strong>Informace \u0160D<\/strong><\/p><ul><li>Do \u0160D se p\u0159ij\u00edmaj\u00ed \u017e\u00e1ci I. stupn\u011b.<\/li><li>Kapacita \u0160D je 60 \u017e\u00e1k\u016f (2 odd\u011blen\u00ed).<\/li><li>Provoz \u0161koln\u00ed dru\u017einy je r\u00e1no od 6:00 do 7:45 hodin a po skon\u010den\u00ed vyu\u010dov\u00e1n\u00ed od 11:30 do 16:00 hodin.<\/li><li>Rann\u00ed \u010dinnost prob\u00edh\u00e1 pouze v\u00a0jedn\u00e9 dru\u017ein\u011b.<\/li><\/ul><p>\u00a0<\/p><p><strong>Platba \u0160D<\/strong><\/p><p>\u00dahrada na \u00fa\u010det: 78-8829780287\/0100<\/p><p>Do zpr\u00e1vy pro p\u0159\u00edjemce pros\u00edm v\u017edy uv\u00e1d\u011bjte jm\u00e9no d\u00edt\u011bte a t\u0159\u00eddu.<\/p><p>\u00a0<\/p><p class=\"bold\"><strong>Krou\u017eky \u0161koln\u00ed dru\u017einy ve \u0161koln\u00edm roce 2025\/2026:<\/strong><\/p><p>anglick\u00fd jazyk<\/p>\t\t\t\t\t\t\t\t<\/div>\n\t\t\t\t<\/div>\n\t\t\t\t\t<\/div>\n\t\t\t\t<\/div>\n\t\t<div class=\"elementor-element elementor-element-5b34129 e-flex e-con-boxed e-con e-parent\" data-id=\"5b34129\" data-element_type=\"container\">\n\t\t\t\t\t<div class=\"e-con-inner\">\n\t\t\t\t<div class=\"elementor-element elementor-element-4e1189e elementor-widget elementor-widget-text-editor\" data-id=\"4e1189e\" data-element_type=\"widget\" data-widget_type=\"text-editor.default\">\n\t\t\t\t<div class=\"elementor-widget-container\">\n\t\t\t\t\t\t\t\t\t<p><strong>Kontakty<\/strong><\/p><table><tbody><tr><td width=\"566\"><p>Bc. Ren\u00e1ta Zvol\u00e1nkov\u00e1\u00a0\u00a0 \u00a0\u00a0<a href=\"mailto:renata.zvolankova@zsjosefov.cz\">renata.zvolankova@zsjosefov.cz<\/a> \u00a0\u00a0\u00a0\u00a0\u00a0 491 813 145\/linka 35, 731 988 170<\/p><\/td><\/tr><tr><td width=\"566\"><p>Lidmila Urbanov\u00e1\u00a0\u00a0\u00a0\u00a0\u00a0\u00a0\u00a0\u00a0\u00a0\u00a0\u00a0\u00a0\u00a0<a href=\"mailto:lidmila.urbanova@zsjosefov.cz\">lidmila.urbanova@zsjosefov.cz<\/a>\u00a0\u00a0\u00a0\u00a0\u00a0\u00a0\u00a0\u00a0 491\u00a0813\u00a0145\/linka 36<\/p><\/td><\/tr><tr><td width=\"566\"><p>Lucie Op\u011blov\u00e1\u00a0\u00a0\u00a0\u00a0\u00a0\u00a0\u00a0\u00a0\u00a0\u00a0\u00a0\u00a0\u00a0\u00a0\u00a0\u00a0\u00a0\u00a0\u00a0<a href=\"mailto:lucie.opelova@zsjosefov.cz\">lucie.opelova@zsjosefov.cz<\/a>\u00a0\u00a0\u00a0\u00a0\u00a0\u00a0\u00a0\u00a0\u00a0\u00a0\u00a0\u00a0\u00a0\u00a0 491\u00a0813\u00a0145\/linka 31<\/p><\/td><\/tr><\/tbody><\/table>\t\t\t\t\t\t\t\t<\/div>\n\t\t\t\t<\/div>\n\t\t\t\t\t<\/div>\n\t\t\t\t<\/div>\n\t\t\t\t<\/div>\n\t\t","protected":false},"excerpt":{"rendered":"<p>\u0160KOLN\u00cd DRU\u017dINA \u0160koln\u00ed dru\u017eina je z\u0159\u00edzena na z\u00e1klad\u011b z\u00e1kona \u010d. 561\/2004 Sb. o p\u0159ed\u0161koln\u00edm, z\u00e1kladn\u00edm, st\u0159edn\u00edm, vy\u0161\u0161\u00edm odborn\u00e9m a jin\u00e9m vzd\u011bl\u00e1v\u00e1n\u00ed a \u0159\u00edd\u00ed se podle vyhl\u00e1\u0161ky M\u0160MT \u010d. 74\/2005 Sb. o z\u00e1jmov\u00e9m vzd\u011bl\u00e1v\u00e1n\u00ed. \u0160koln\u00ed dru\u017eina slou\u017e\u00ed k\u00a0v\u00fdchov\u011b, vzd\u011bl\u00e1v\u00e1n\u00ed, rekrea\u010dn\u00ed, sportovn\u00ed a z\u00e1jmov\u00e9 \u010dinnosti \u017e\u00e1k\u016f v\u00a0dob\u011b mimo vyu\u010dov\u00e1n\u00ed. \u010cinnosti prob\u00edhaj\u00ed formou pravideln\u00fdch nebo p\u0159\u00edle\u017eitostn\u00fdch aktivit a [&hellip;]<\/p>\n","protected":false},"author":1,"featured_media":0,"parent":0,"menu_order":0,"comment_status":"closed","ping_status":"closed","template":"","meta":{"footnotes":""},"class_list":["post-703","page","type-page","status-publish","hentry"],"yoast_head":"<!-- This site is optimized with the Yoast SEO plugin v24.3 - https:\/\/yoast.com\/wordpress\/plugins\/seo\/ -->\n<title>\u0160koln\u00ed dru\u017eina - Z\u00e1kladn\u00ed \u0161kola Jarom\u011b\u0159 - Josefov<\/title>\n<meta name=\"robots\" content=\"index, follow, max-snippet:-1, max-image-preview:large, max-video-preview:-1\" \/>\n<link rel=\"canonical\" href=\"https:\/\/zsjosefov.cz\/?page_id=703\" \/>\n<meta property=\"og:locale\" content=\"cs_CZ\" \/>\n<meta property=\"og:type\" content=\"article\" \/>\n<meta property=\"og:title\" content=\"\u0160koln\u00ed dru\u017eina - Z\u00e1kladn\u00ed \u0161kola Jarom\u011b\u0159 - Josefov\" \/>\n<meta property=\"og:description\" content=\"\u0160KOLN\u00cd DRU\u017dINA \u0160koln\u00ed dru\u017eina je z\u0159\u00edzena na z\u00e1klad\u011b z\u00e1kona \u010d. 561\/2004 Sb. o p\u0159ed\u0161koln\u00edm, z\u00e1kladn\u00edm, st\u0159edn\u00edm, vy\u0161\u0161\u00edm odborn\u00e9m a jin\u00e9m vzd\u011bl\u00e1v\u00e1n\u00ed a \u0159\u00edd\u00ed se podle vyhl\u00e1\u0161ky M\u0160MT \u010d. 74\/2005 Sb. o z\u00e1jmov\u00e9m vzd\u011bl\u00e1v\u00e1n\u00ed. \u0160koln\u00ed dru\u017eina slou\u017e\u00ed k\u00a0v\u00fdchov\u011b, vzd\u011bl\u00e1v\u00e1n\u00ed, rekrea\u010dn\u00ed, sportovn\u00ed a z\u00e1jmov\u00e9 \u010dinnosti \u017e\u00e1k\u016f v\u00a0dob\u011b mimo vyu\u010dov\u00e1n\u00ed. \u010cinnosti prob\u00edhaj\u00ed formou pravideln\u00fdch nebo p\u0159\u00edle\u017eitostn\u00fdch aktivit a [&hellip;]\" \/>\n<meta property=\"og:url\" content=\"https:\/\/zsjosefov.cz\/?page_id=703\" \/>\n<meta property=\"og:site_name\" content=\"Z\u00e1kladn\u00ed \u0161kola Jarom\u011b\u0159 - Josefov\" \/>\n<meta property=\"article:modified_time\" content=\"2026-01-22T06:31:15+00:00\" \/>\n<meta name=\"twitter:card\" content=\"summary_large_image\" \/>\n<meta name=\"twitter:label1\" content=\"Odhadovan\u00e1 doba \u010dten\u00ed\" \/>\n\t<meta name=\"twitter:data1\" content=\"2 minuty\" \/>\n<script type=\"application\/ld+json\" class=\"yoast-schema-graph\">{\"@context\":\"https:\/\/schema.org\",\"@graph\":[{\"@type\":\"WebPage\",\"@id\":\"https:\/\/zsjosefov.cz\/?page_id=703\",\"url\":\"https:\/\/zsjosefov.cz\/?page_id=703\",\"name\":\"\u0160koln\u00ed dru\u017eina - Z\u00e1kladn\u00ed \u0161kola Jarom\u011b\u0159 - Josefov\",\"isPartOf\":{\"@id\":\"https:\/\/dev.zsjosefov.cz\/#website\"},\"datePublished\":\"2024-06-10T16:25:03+00:00\",\"dateModified\":\"2026-01-22T06:31:15+00:00\",\"breadcrumb\":{\"@id\":\"https:\/\/zsjosefov.cz\/?page_id=703#breadcrumb\"},\"inLanguage\":\"cs\",\"potentialAction\":[{\"@type\":\"ReadAction\",\"target\":[\"https:\/\/zsjosefov.cz\/?page_id=703\"]}]},{\"@type\":\"BreadcrumbList\",\"@id\":\"https:\/\/zsjosefov.cz\/?page_id=703#breadcrumb\",\"itemListElement\":[{\"@type\":\"ListItem\",\"position\":1,\"name\":\"Dom\u016f\",\"item\":\"https:\/\/zsjosefov.cz\/\"},{\"@type\":\"ListItem\",\"position\":2,\"name\":\"\u0160koln\u00ed dru\u017eina\"}]},{\"@type\":\"WebSite\",\"@id\":\"https:\/\/dev.zsjosefov.cz\/#website\",\"url\":\"https:\/\/dev.zsjosefov.cz\/\",\"name\":\"Z\u00e1kladn\u00ed \u0161kola Jarom\u011b\u0159 - Josefov\",\"description\":\"\",\"potentialAction\":[{\"@type\":\"SearchAction\",\"target\":{\"@type\":\"EntryPoint\",\"urlTemplate\":\"https:\/\/dev.zsjosefov.cz\/?s={search_term_string}\"},\"query-input\":{\"@type\":\"PropertyValueSpecification\",\"valueRequired\":true,\"valueName\":\"search_term_string\"}}],\"inLanguage\":\"cs\"}]}<\/script>\n<!-- \/ Yoast SEO plugin. -->","yoast_head_json":{"title":"\u0160koln\u00ed dru\u017eina - Z\u00e1kladn\u00ed \u0161kola Jarom\u011b\u0159 - Josefov","robots":{"index":"index","follow":"follow","max-snippet":"max-snippet:-1","max-image-preview":"max-image-preview:large","max-video-preview":"max-video-preview:-1"},"canonical":"https:\/\/zsjosefov.cz\/?page_id=703","og_locale":"cs_CZ","og_type":"article","og_title":"\u0160koln\u00ed dru\u017eina - Z\u00e1kladn\u00ed \u0161kola Jarom\u011b\u0159 - Josefov","og_description":"\u0160KOLN\u00cd DRU\u017dINA \u0160koln\u00ed dru\u017eina je z\u0159\u00edzena na z\u00e1klad\u011b z\u00e1kona \u010d. 561\/2004 Sb. o p\u0159ed\u0161koln\u00edm, z\u00e1kladn\u00edm, st\u0159edn\u00edm, vy\u0161\u0161\u00edm odborn\u00e9m a jin\u00e9m vzd\u011bl\u00e1v\u00e1n\u00ed a \u0159\u00edd\u00ed se podle vyhl\u00e1\u0161ky M\u0160MT \u010d. 74\/2005 Sb. o z\u00e1jmov\u00e9m vzd\u011bl\u00e1v\u00e1n\u00ed. \u0160koln\u00ed dru\u017eina slou\u017e\u00ed k\u00a0v\u00fdchov\u011b, vzd\u011bl\u00e1v\u00e1n\u00ed, rekrea\u010dn\u00ed, sportovn\u00ed a z\u00e1jmov\u00e9 \u010dinnosti \u017e\u00e1k\u016f v\u00a0dob\u011b mimo vyu\u010dov\u00e1n\u00ed. \u010cinnosti prob\u00edhaj\u00ed formou pravideln\u00fdch nebo p\u0159\u00edle\u017eitostn\u00fdch aktivit a [&hellip;]","og_url":"https:\/\/zsjosefov.cz\/?page_id=703","og_site_name":"Z\u00e1kladn\u00ed \u0161kola Jarom\u011b\u0159 - Josefov","article_modified_time":"2026-01-22T06:31:15+00:00","twitter_card":"summary_large_image","twitter_misc":{"Odhadovan\u00e1 doba \u010dten\u00ed":"2 minuty"},"schema":{"@context":"https:\/\/schema.org","@graph":[{"@type":"WebPage","@id":"https:\/\/zsjosefov.cz\/?page_id=703","url":"https:\/\/zsjosefov.cz\/?page_id=703","name":"\u0160koln\u00ed dru\u017eina - Z\u00e1kladn\u00ed \u0161kola Jarom\u011b\u0159 - Josefov","isPartOf":{"@id":"https:\/\/dev.zsjosefov.cz\/#website"},"datePublished":"2024-06-10T16:25:03+00:00","dateModified":"2026-01-22T06:31:15+00:00","breadcrumb":{"@id":"https:\/\/zsjosefov.cz\/?page_id=703#breadcrumb"},"inLanguage":"cs","potentialAction":[{"@type":"ReadAction","target":["https:\/\/zsjosefov.cz\/?page_id=703"]}]},{"@type":"BreadcrumbList","@id":"https:\/\/zsjosefov.cz\/?page_id=703#breadcrumb","itemListElement":[{"@type":"ListItem","position":1,"name":"Dom\u016f","item":"https:\/\/zsjosefov.cz\/"},{"@type":"ListItem","position":2,"name":"\u0160koln\u00ed dru\u017eina"}]},{"@type":"WebSite","@id":"https:\/\/dev.zsjosefov.cz\/#website","url":"https:\/\/dev.zsjosefov.cz\/","name":"Z\u00e1kladn\u00ed \u0161kola Jarom\u011b\u0159 - Josefov","description":"","potentialAction":[{"@type":"SearchAction","target":{"@type":"EntryPoint","urlTemplate":"https:\/\/dev.zsjosefov.cz\/?s={search_term_string}"},"query-input":{"@type":"PropertyValueSpecification","valueRequired":true,"valueName":"search_term_string"}}],"inLanguage":"cs"}]}},"_links":{"self":[{"href":"https:\/\/zsjosefov.cz\/index.php?rest_route=\/wp\/v2\/pages\/703","targetHints":{"allow":["GET"]}}],"collection":[{"href":"https:\/\/zsjosefov.cz\/index.php?rest_route=\/wp\/v2\/pages"}],"about":[{"href":"https:\/\/zsjosefov.cz\/index.php?rest_route=\/wp\/v2\/types\/page"}],"author":[{"embeddable":true,"href":"https:\/\/zsjosefov.cz\/index.php?rest_route=\/wp\/v2\/users\/1"}],"replies":[{"embeddable":true,"href":"https:\/\/zsjosefov.cz\/index.php?rest_route=%2Fwp%2Fv2%2Fcomments&post=703"}],"version-history":[{"count":25,"href":"https:\/\/zsjosefov.cz\/index.php?rest_route=\/wp\/v2\/pages\/703\/revisions"}],"predecessor-version":[{"id":1854,"href":"https:\/\/zsjosefov.cz\/index.php?rest_route=\/wp\/v2\/pages\/703\/revisions\/1854"}],"wp:attachment":[{"href":"https:\/\/zsjosefov.cz\/index.php?rest_route=%2Fwp%2Fv2%2Fmedia&parent=703"}],"curies":[{"name":"wp","href":"https:\/\/api.w.org\/{rel}","templated":true}]}}