{"id":701,"date":"2024-06-10T18:24:51","date_gmt":"2024-06-10T16:24:51","guid":{"rendered":"https:\/\/zsjosefov.cz\/?page_id=701"},"modified":"2025-10-06T12:58:31","modified_gmt":"2025-10-06T10:58:31","slug":"ii-stupen","status":"publish","type":"page","link":"https:\/\/zsjosefov.cz\/?page_id=701","title":{"rendered":"II. stupe\u0148"},"content":{"rendered":"\t\t<div data-elementor-type=\"wp-page\" data-elementor-id=\"701\" class=\"elementor elementor-701\">\n\t\t\t\t<div class=\"elementor-element elementor-element-8e4a25e e-flex e-con-boxed e-con e-parent\" data-id=\"8e4a25e\" data-element_type=\"container\">\n\t\t\t\t\t<div class=\"e-con-inner\">\n\t\t\t\t<div class=\"elementor-element elementor-element-28dfdad elementor-widget elementor-widget-heading\" data-id=\"28dfdad\" data-element_type=\"widget\" data-widget_type=\"heading.default\">\n\t\t\t\t<div class=\"elementor-widget-container\">\n\t\t\t\t\t<h2 class=\"elementor-heading-title elementor-size-default\">T\u0159\u00eddnictv\u00ed a kontakty II. stupn\u011b<\/h2>\t\t\t\t<\/div>\n\t\t\t\t<\/div>\n\t\t\t\t\t<\/div>\n\t\t\t\t<\/div>\n\t\t<div class=\"elementor-element elementor-element-d4752f9 e-flex e-con-boxed e-con e-parent\" data-id=\"d4752f9\" data-element_type=\"container\">\n\t\t\t\t\t<div class=\"e-con-inner\">\n\t\t\t\t<div class=\"elementor-element elementor-element-f23c1ed elementor-widget elementor-widget-text-editor\" data-id=\"f23c1ed\" data-element_type=\"widget\" data-widget_type=\"text-editor.default\">\n\t\t\t\t<div class=\"elementor-widget-container\">\n\t\t\t\t\t\t\t\t\t<p><strong>T\u0159\u00eddn\u00ed u\u010ditel\u00e9:<\/strong><\/p><table><tbody><tr><td width=\"278\"><strong>6. A Ing. Alena Frindtov\u00e1<\/strong><\/td><td width=\"286\"><a tabindex=\"-1\" href=\"mailto:alena.frindtova@zsjosefov.cz\" target=\"_blank\" rel=\"noopener\">alena.frindtova@zsjosefov.cz<\/a><\/td><\/tr><tr><td width=\"278\"><strong>6. B Mgr. Michal Soukup<\/strong><\/td><td width=\"286\"><a href=\"mailto:michal.soukup@zsjosefov.cz\">michal.soukup@zsjosefov.cz<\/a><\/td><\/tr><tr><td width=\"278\"><strong>7. A Mgr. Pavl\u00edna Kr\u00e1mov\u00e1<\/strong><\/td><td width=\"286\"><a href=\"mailto:pavlina.kramova@zsjosefov.cz\">pavlina.kramova@zsjosefov.cz<\/a><\/td><\/tr><tr><td width=\"278\"><strong>8. A Mgr. Tereza Martinov\u00e1<\/strong><\/td><td width=\"286\"><a href=\"mailto:tereza.martinova@zsjosefov.cz\">tereza.martinova@zsjosefov.cz<\/a><\/td><\/tr><tr><td width=\"278\"><strong>9. A Zuzana Kladivov\u00e1<\/strong><\/td><td width=\"286\"><a href=\"mailto:zuzana.kladivova@zsjosefov.cz\">zuzana.kladivova@zsjosefov.cz<\/a><\/td><\/tr><tr><td width=\"278\"><strong>9. B Mgr. Kate\u0159ina H\u00e1tlov\u00e1<\/strong><\/td><td><a href=\"mailto:katerina.hatlova@zsjosefov.cz\">katerina.hatlova@zsjosefov.cz<\/a><\/td><\/tr><tr><td width=\"278\">\u00a0<\/td><td>\u00a0<\/td><\/tr><\/tbody><\/table><p><strong>Net\u0159\u00eddn\u00ed u\u010ditel\u00e9:<\/strong><\/p><table><tbody><tr><td width=\"283\"><p><strong>Mgr. Nat\u00e1lie Kuncov\u00e1<\/strong><\/p><p><strong>Mgr. Pavel Gabri\u0161<\/strong><\/p><\/td><td width=\"274\"><p><a href=\"mailto:natalie.kuncova@zsjosefov.cz\">natalie.kuncova@zsjosefov.cz<\/a><\/p><p><a tabindex=\"-1\" href=\"mailto:pavel.gabris@zsjosefov.cz\" target=\"_blank\" rel=\"noopener\">pavel.gabris@zsjosefov.cz<\/a><\/p><\/td><\/tr><tr><td width=\"283\"><strong>Mgr. Josef Hovorka<\/strong><\/td><td width=\"274\"><a href=\"mailto:josef.hovorka@zsjosefov.cz\">josef.hovorka@zsjosefov.cz<\/a><\/td><\/tr><tr><td width=\"283\"><strong>Bc. Stanislava Chejnovsk\u00e1<\/strong><\/td><td width=\"274\"><a href=\"mailto:stanislava.chejnovska@zsjosefov.cz\">stanislava.chejnovska@zsjosefov.cz<\/a><\/td><\/tr><tr><td width=\"283\"><strong>Ilona Val\u00e1\u0161kov\u00e1<\/strong><\/td><td width=\"274\"><a href=\"mailto:ilona.valaskova@zsjosefov.cz\">ilona.valaskova@zsjosefov.cz<\/a><\/td><\/tr><\/tbody><\/table><p><strong>Asistenti pedagoga:<\/strong><\/p><table><tbody><tr><td width=\"283\"><p><strong>Simona Provost<\/strong><\/p><p><strong>\u0160\u00e1rka Chejnovsk\u00e1<\/strong><\/p><\/td><td width=\"274\"><p><a href=\"mailto:simona.provost@zsjosefov.cz\">simona.provost@zsjosefov.cz<\/a><\/p><p><a href=\"mailto:sarka.chejnovska@zsjosefov.cz\">sarka.chejnovska<\/a><a href=\"mailto:sarka.chejnovska@zsjosefov.cz\">@zsjosefov.cz<\/a><\/p><\/td><\/tr><tr><td width=\"283\"><p><strong>Ilona Val\u00e1\u0161kov\u00e1<\/strong><\/p><p><strong>Jitka Cardov\u00e1<\/strong><\/p><\/td><td width=\"274\"><p><a href=\"mailto:ilona.valaskova@zsjosefov.cz\">ilona.valaskova@zsjosefov.cz<\/a><\/p><p><a href=\"mailto:jitka.cardova@zsjosefov.cz\">jitka.cardova@zsjosefov.cz<\/a><\/p><\/td><\/tr><tr><td width=\"283\"><b>M<\/b><b style=\"font-family: inherit; font-size: inherit;\">arcela Ka\u0148kov\u00e1<\/b><b><\/b><\/td><td width=\"274\"><a href=\"mailto:marcela.kankova@zsjosefov.cz\">marcela.kankova@zsjosefov.cz<\/a><\/td><\/tr><tr><td width=\"283\"><strong>Aneta Pac\u00e1kov\u00e1<\/strong><\/td><td width=\"274\"><a href=\"mailto:aneta.pacakova@zsjosefov.cz\">aneta.pacakova@zsjosefov.cz<\/a><\/td><\/tr><\/tbody><\/table>\t\t\t\t\t\t\t\t<\/div>\n\t\t\t\t<\/div>\n\t\t\t\t\t<\/div>\n\t\t\t\t<\/div>\n\t\t\t\t<\/div>\n\t\t","protected":false},"excerpt":{"rendered":"<p>T\u0159\u00eddnictv\u00ed a kontakty II. stupn\u011b T\u0159\u00eddn\u00ed u\u010ditel\u00e9: 6. A Ing. Alena Frindtov\u00e1 alena.frindtova@zsjosefov.cz 6. B Mgr. Michal Soukup michal.soukup@zsjosefov.cz 7. A Mgr. Pavl\u00edna Kr\u00e1mov\u00e1 pavlina.kramova@zsjosefov.cz 8. A Mgr. Tereza Martinov\u00e1 tereza.martinova@zsjosefov.cz 9. A Zuzana Kladivov\u00e1 zuzana.kladivova@zsjosefov.cz 9. B Mgr. Kate\u0159ina H\u00e1tlov\u00e1 katerina.hatlova@zsjosefov.cz \u00a0 \u00a0 Net\u0159\u00eddn\u00ed u\u010ditel\u00e9: Mgr. Nat\u00e1lie Kuncov\u00e1 Mgr. Pavel Gabri\u0161 natalie.kuncova@zsjosefov.cz pavel.gabris@zsjosefov.cz Mgr. [&hellip;]<\/p>\n","protected":false},"author":1,"featured_media":0,"parent":0,"menu_order":0,"comment_status":"closed","ping_status":"closed","template":"","meta":{"footnotes":""},"class_list":["post-701","page","type-page","status-publish","hentry"],"yoast_head":"<!-- This site is optimized with the Yoast SEO plugin v24.3 - https:\/\/yoast.com\/wordpress\/plugins\/seo\/ -->\n<title>II. stupe\u0148 - Z\u00e1kladn\u00ed \u0161kola Jarom\u011b\u0159 - Josefov<\/title>\n<meta name=\"robots\" content=\"index, follow, max-snippet:-1, max-image-preview:large, max-video-preview:-1\" \/>\n<link rel=\"canonical\" href=\"https:\/\/zsjosefov.cz\/?page_id=701\" \/>\n<meta property=\"og:locale\" content=\"cs_CZ\" \/>\n<meta property=\"og:type\" content=\"article\" \/>\n<meta property=\"og:title\" content=\"II. stupe\u0148 - Z\u00e1kladn\u00ed \u0161kola Jarom\u011b\u0159 - Josefov\" \/>\n<meta property=\"og:description\" content=\"T\u0159\u00eddnictv\u00ed a kontakty II. stupn\u011b T\u0159\u00eddn\u00ed u\u010ditel\u00e9: 6. A Ing. Alena Frindtov\u00e1 alena.frindtova@zsjosefov.cz 6. B Mgr. Michal Soukup michal.soukup@zsjosefov.cz 7. A Mgr. Pavl\u00edna Kr\u00e1mov\u00e1 pavlina.kramova@zsjosefov.cz 8. A Mgr. Tereza Martinov\u00e1 tereza.martinova@zsjosefov.cz 9. A Zuzana Kladivov\u00e1 zuzana.kladivova@zsjosefov.cz 9. B Mgr. Kate\u0159ina H\u00e1tlov\u00e1 katerina.hatlova@zsjosefov.cz \u00a0 \u00a0 Net\u0159\u00eddn\u00ed u\u010ditel\u00e9: Mgr. Nat\u00e1lie Kuncov\u00e1 Mgr. Pavel Gabri\u0161 natalie.kuncova@zsjosefov.cz pavel.gabris@zsjosefov.cz Mgr. [&hellip;]\" \/>\n<meta property=\"og:url\" content=\"https:\/\/zsjosefov.cz\/?page_id=701\" \/>\n<meta property=\"og:site_name\" content=\"Z\u00e1kladn\u00ed \u0161kola Jarom\u011b\u0159 - Josefov\" \/>\n<meta property=\"article:modified_time\" content=\"2025-10-06T10:58:31+00:00\" \/>\n<meta name=\"twitter:card\" content=\"summary_large_image\" \/>\n<meta name=\"twitter:label1\" content=\"Odhadovan\u00e1 doba \u010dten\u00ed\" \/>\n\t<meta name=\"twitter:data1\" content=\"1 minuta\" \/>\n<script type=\"application\/ld+json\" class=\"yoast-schema-graph\">{\"@context\":\"https:\/\/schema.org\",\"@graph\":[{\"@type\":\"WebPage\",\"@id\":\"https:\/\/zsjosefov.cz\/?page_id=701\",\"url\":\"https:\/\/zsjosefov.cz\/?page_id=701\",\"name\":\"II. stupe\u0148 - Z\u00e1kladn\u00ed \u0161kola Jarom\u011b\u0159 - Josefov\",\"isPartOf\":{\"@id\":\"https:\/\/dev.zsjosefov.cz\/#website\"},\"datePublished\":\"2024-06-10T16:24:51+00:00\",\"dateModified\":\"2025-10-06T10:58:31+00:00\",\"breadcrumb\":{\"@id\":\"https:\/\/zsjosefov.cz\/?page_id=701#breadcrumb\"},\"inLanguage\":\"cs\",\"potentialAction\":[{\"@type\":\"ReadAction\",\"target\":[\"https:\/\/zsjosefov.cz\/?page_id=701\"]}]},{\"@type\":\"BreadcrumbList\",\"@id\":\"https:\/\/zsjosefov.cz\/?page_id=701#breadcrumb\",\"itemListElement\":[{\"@type\":\"ListItem\",\"position\":1,\"name\":\"Dom\u016f\",\"item\":\"https:\/\/zsjosefov.cz\/\"},{\"@type\":\"ListItem\",\"position\":2,\"name\":\"II. stupe\u0148\"}]},{\"@type\":\"WebSite\",\"@id\":\"https:\/\/dev.zsjosefov.cz\/#website\",\"url\":\"https:\/\/dev.zsjosefov.cz\/\",\"name\":\"Z\u00e1kladn\u00ed \u0161kola Jarom\u011b\u0159 - Josefov\",\"description\":\"\",\"potentialAction\":[{\"@type\":\"SearchAction\",\"target\":{\"@type\":\"EntryPoint\",\"urlTemplate\":\"https:\/\/dev.zsjosefov.cz\/?s={search_term_string}\"},\"query-input\":{\"@type\":\"PropertyValueSpecification\",\"valueRequired\":true,\"valueName\":\"search_term_string\"}}],\"inLanguage\":\"cs\"}]}<\/script>\n<!-- \/ Yoast SEO plugin. -->","yoast_head_json":{"title":"II. stupe\u0148 - Z\u00e1kladn\u00ed \u0161kola Jarom\u011b\u0159 - Josefov","robots":{"index":"index","follow":"follow","max-snippet":"max-snippet:-1","max-image-preview":"max-image-preview:large","max-video-preview":"max-video-preview:-1"},"canonical":"https:\/\/zsjosefov.cz\/?page_id=701","og_locale":"cs_CZ","og_type":"article","og_title":"II. stupe\u0148 - Z\u00e1kladn\u00ed \u0161kola Jarom\u011b\u0159 - Josefov","og_description":"T\u0159\u00eddnictv\u00ed a kontakty II. stupn\u011b T\u0159\u00eddn\u00ed u\u010ditel\u00e9: 6. A Ing. Alena Frindtov\u00e1 alena.frindtova@zsjosefov.cz 6. B Mgr. Michal Soukup michal.soukup@zsjosefov.cz 7. A Mgr. Pavl\u00edna Kr\u00e1mov\u00e1 pavlina.kramova@zsjosefov.cz 8. A Mgr. Tereza Martinov\u00e1 tereza.martinova@zsjosefov.cz 9. A Zuzana Kladivov\u00e1 zuzana.kladivova@zsjosefov.cz 9. B Mgr. Kate\u0159ina H\u00e1tlov\u00e1 katerina.hatlova@zsjosefov.cz \u00a0 \u00a0 Net\u0159\u00eddn\u00ed u\u010ditel\u00e9: Mgr. Nat\u00e1lie Kuncov\u00e1 Mgr. Pavel Gabri\u0161 natalie.kuncova@zsjosefov.cz pavel.gabris@zsjosefov.cz Mgr. [&hellip;]","og_url":"https:\/\/zsjosefov.cz\/?page_id=701","og_site_name":"Z\u00e1kladn\u00ed \u0161kola Jarom\u011b\u0159 - Josefov","article_modified_time":"2025-10-06T10:58:31+00:00","twitter_card":"summary_large_image","twitter_misc":{"Odhadovan\u00e1 doba \u010dten\u00ed":"1 minuta"},"schema":{"@context":"https:\/\/schema.org","@graph":[{"@type":"WebPage","@id":"https:\/\/zsjosefov.cz\/?page_id=701","url":"https:\/\/zsjosefov.cz\/?page_id=701","name":"II. stupe\u0148 - Z\u00e1kladn\u00ed \u0161kola Jarom\u011b\u0159 - Josefov","isPartOf":{"@id":"https:\/\/dev.zsjosefov.cz\/#website"},"datePublished":"2024-06-10T16:24:51+00:00","dateModified":"2025-10-06T10:58:31+00:00","breadcrumb":{"@id":"https:\/\/zsjosefov.cz\/?page_id=701#breadcrumb"},"inLanguage":"cs","potentialAction":[{"@type":"ReadAction","target":["https:\/\/zsjosefov.cz\/?page_id=701"]}]},{"@type":"BreadcrumbList","@id":"https:\/\/zsjosefov.cz\/?page_id=701#breadcrumb","itemListElement":[{"@type":"ListItem","position":1,"name":"Dom\u016f","item":"https:\/\/zsjosefov.cz\/"},{"@type":"ListItem","position":2,"name":"II. stupe\u0148"}]},{"@type":"WebSite","@id":"https:\/\/dev.zsjosefov.cz\/#website","url":"https:\/\/dev.zsjosefov.cz\/","name":"Z\u00e1kladn\u00ed \u0161kola Jarom\u011b\u0159 - Josefov","description":"","potentialAction":[{"@type":"SearchAction","target":{"@type":"EntryPoint","urlTemplate":"https:\/\/dev.zsjosefov.cz\/?s={search_term_string}"},"query-input":{"@type":"PropertyValueSpecification","valueRequired":true,"valueName":"search_term_string"}}],"inLanguage":"cs"}]}},"_links":{"self":[{"href":"https:\/\/zsjosefov.cz\/index.php?rest_route=\/wp\/v2\/pages\/701","targetHints":{"allow":["GET"]}}],"collection":[{"href":"https:\/\/zsjosefov.cz\/index.php?rest_route=\/wp\/v2\/pages"}],"about":[{"href":"https:\/\/zsjosefov.cz\/index.php?rest_route=\/wp\/v2\/types\/page"}],"author":[{"embeddable":true,"href":"https:\/\/zsjosefov.cz\/index.php?rest_route=\/wp\/v2\/users\/1"}],"replies":[{"embeddable":true,"href":"https:\/\/zsjosefov.cz\/index.php?rest_route=%2Fwp%2Fv2%2Fcomments&post=701"}],"version-history":[{"count":31,"href":"https:\/\/zsjosefov.cz\/index.php?rest_route=\/wp\/v2\/pages\/701\/revisions"}],"predecessor-version":[{"id":1695,"href":"https:\/\/zsjosefov.cz\/index.php?rest_route=\/wp\/v2\/pages\/701\/revisions\/1695"}],"wp:attachment":[{"href":"https:\/\/zsjosefov.cz\/index.php?rest_route=%2Fwp%2Fv2%2Fmedia&parent=701"}],"curies":[{"name":"wp","href":"https:\/\/api.w.org\/{rel}","templated":true}]}}