{"id":695,"date":"2024-06-10T18:24:10","date_gmt":"2024-06-10T16:24:10","guid":{"rendered":"https:\/\/zsjosefov.cz\/?page_id=695"},"modified":"2024-11-28T18:29:50","modified_gmt":"2024-11-28T17:29:50","slug":"vychovne-poradenstvi","status":"publish","type":"page","link":"https:\/\/zsjosefov.cz\/?page_id=695","title":{"rendered":"\u0160koln\u00ed poradensk\u00e9 pracovi\u0161t\u011b"},"content":{"rendered":"\t\t<div data-elementor-type=\"wp-page\" data-elementor-id=\"695\" class=\"elementor elementor-695\">\n\t\t\t\t<div class=\"elementor-element elementor-element-658e95e e-flex e-con-boxed e-con e-parent\" data-id=\"658e95e\" data-element_type=\"container\">\n\t\t\t\t\t<div class=\"e-con-inner\">\n\t\t\t\t<div class=\"elementor-element elementor-element-d9acdb9 elementor-widget elementor-widget-heading\" data-id=\"d9acdb9\" data-element_type=\"widget\" data-widget_type=\"heading.default\">\n\t\t\t\t<div class=\"elementor-widget-container\">\n\t\t\t\t\t<h2 class=\"elementor-heading-title elementor-size-default\">V\u00fdchovn\u00e9 a kari\u00e9rn\u00ed poradenstv\u00ed<\/h2>\t\t\t\t<\/div>\n\t\t\t\t<\/div>\n\t\t\t\t\t<\/div>\n\t\t\t\t<\/div>\n\t\t<div class=\"elementor-element elementor-element-898e781 e-flex e-con-boxed e-con e-parent\" data-id=\"898e781\" data-element_type=\"container\">\n\t\t\t\t\t<div class=\"e-con-inner\">\n\t\t\t\t<div class=\"elementor-element elementor-element-0d1bed1 elementor-widget elementor-widget-text-editor\" data-id=\"0d1bed1\" data-element_type=\"widget\" data-widget_type=\"text-editor.default\">\n\t\t\t\t<div class=\"elementor-widget-container\">\n\t\t\t\t\t\t\t\t\t<p>Na\u0161e \u0161kole nab\u00edz\u00ed \u017e\u00e1k\u016fm podporu v r\u016fzn\u00fdch obt\u00ed\u017en\u00fdch situac\u00edch.<\/p><p>Pro v\u0161echny tyto z\u00e1le\u017eitosti funguje \u0160koln\u00ed poradensk\u00e9 pracovi\u0161t\u011b.<\/p><table width=\"0\"><tbody><tr><td width=\"148\"><p><strong>Pracovn\u00edk<\/strong><\/p><\/td><td width=\"232\"><p><strong>Oblast poradensk\u00e9 slu\u017eby<\/strong><\/p><\/td><td width=\"84\"><p><strong>Tel.<\/strong><\/p><\/td><td width=\"198\"><p><strong>E-mail<\/strong><\/p><\/td><td width=\"92\"><p><strong>Kancel\u00e1\u0159<\/strong><\/p><\/td><\/tr><tr><td width=\"148\"><p>Z\u00e1stupkyn\u011b \u0159editele: <br \/>Mgr. Irena Kr\u00e1tk\u00e1<\/p><\/td><td width=\"232\"><p>Spolupr\u00e1ce s\u00a0poradensk\u00fdmi za\u0159\u00edzen\u00edmi<\/p><p>Spolupr\u00e1ce se z\u00e1konn\u00fdmi z\u00e1stupci \u017e\u00e1k\u016f<\/p><\/td><td width=\"84\"><p>491813145<\/p><\/td><td width=\"198\"><p>irena.kratka@zsjosefov.cz<\/p><\/td><td width=\"92\"><p>Z\u00e1stupce \u0159editele<\/p><\/td><\/tr><tr><td width=\"148\"><p>V\u00fdchovn\u00e1 poradkyn\u011b: Mgr. Pavl\u00edna Kr\u00e1mov\u00e1<\/p><\/td><td width=\"232\"><p>Prevence \u0161koln\u00ed ne\u00fasp\u011b\u0161nosti<\/p><p>Spolupr\u00e1ce se z\u00e1konn\u00fdmi z\u00e1stupci \u017e\u00e1k\u016f<\/p><\/td><td width=\"84\"><p>491813145<\/p><\/td><td width=\"198\"><p>pavlina.kramova@zsjosefov.cz<\/p><\/td><td width=\"92\"><p>Kabinet CH<\/p><\/td><\/tr><tr><td width=\"148\"><p>\u0160koln\u00ed metodi\u010dka prevence: <br \/>Mgr. Pavl\u00edna Kr\u00e1mov\u00e1<\/p><\/td><td width=\"232\"><p>Prevence soci\u00e1ln\u011b patologick\u00fdch jev\u016f<\/p><p>Spolupr\u00e1ce se z\u00e1konn\u00fdmi z\u00e1stupci \u017e\u00e1k\u016f<\/p><\/td><td width=\"84\"><p>491813145<\/p><\/td><td width=\"198\"><p>pavlina.kramova@zsjosefov.cz<\/p><\/td><td width=\"92\"><p>Kabinet CH<\/p><\/td><\/tr><tr><td width=\"148\"><p>Preventistka p\u0159edch\u00e1zen\u00ed z\u00e1\u0161kol\u00e1ctv\u00ed:<\/p><p>Mgr. Nat\u00e1lie Kuncov\u00e1<\/p><\/td><td width=\"232\"><p>Prevence z\u00e1\u0161kol\u00e1ctv\u00ed, absence \u017e\u00e1k\u016f.<\/p><p>Spolupr\u00e1ce se z\u00e1konn\u00fdmi z\u00e1stupci \u017e\u00e1k\u016f<\/p><\/td><td width=\"84\"><p>491813145<\/p><\/td><td width=\"198\"><p>natalie.kuncova@zsjosefov.cz<\/p><\/td><td width=\"92\"><p>Kabinet \u010cJ<\/p><\/td><\/tr><tr><td width=\"148\"><p>\u0160koln\u00ed speci\u00e1ln\u00ed pedago\u017eka:<\/p><p>Bc. Edita Bu\u0159ilov\u00e1<\/p><\/td><td width=\"232\"><p>\u017d\u00e1ci se speci\u00e1ln\u00edmi vzd\u011bl\u00e1vac\u00edmi pot\u0159ebami<\/p><p>\u017d\u00e1ci nadan\u00ed<\/p><p>Spolupr\u00e1ce se z\u00e1konn\u00fdmi z\u00e1stupci \u017e\u00e1k\u016f<\/p><\/td><td width=\"84\"><p>491813145<\/p><\/td><td width=\"198\"><p>edita.burilova@zsjosefov.cz<\/p><\/td><td width=\"92\"><p>Kabinet \u0161koln\u00ed speci\u00e1ln\u00ed pedago\u017eky<\/p><\/td><\/tr><tr><td width=\"148\"><p>Kari\u00e9rov\u00e1 poradkyn\u011b:<\/p><p>Ing. Alena Frindtov\u00e1<\/p><\/td><td width=\"232\"><p>Kari\u00e9rov\u00e9 poradenstv\u00ed<\/p><p>Spolupr\u00e1ce se z\u00e1konn\u00fdmi z\u00e1stupci \u017e\u00e1k\u016f<\/p><\/td><td width=\"84\"><p>491813145<\/p><\/td><td width=\"198\"><p>alena.frindtov\u00e1@zsjosefov.cz<\/p><\/td><td width=\"92\"><p>Kabinet CH<\/p><\/td><\/tr><\/tbody><\/table><p>Pl\u00e1n \u0160PP ke sta\u017een\u00ed <a href=\"https:\/\/zsjosefov.cz\/?attachment_id=1289\" rel=\"attachment wp-att-1289\">ZDE<\/a><\/p><p><a href=\"https:\/\/zsjosefov.cz\/wp-content\/uploads\/2024\/09\/karierni-poradenstvi-1.pptx\">Kari\u00e9rn\u00ed poradenstv\u00ed<\/a><\/p>\t\t\t\t\t\t\t\t<\/div>\n\t\t\t\t<\/div>\n\t\t\t\t\t<\/div>\n\t\t\t\t<\/div>\n\t\t\t\t<\/div>\n\t\t","protected":false},"excerpt":{"rendered":"<p>V\u00fdchovn\u00e9 a kari\u00e9rn\u00ed poradenstv\u00ed Na\u0161e \u0161kole nab\u00edz\u00ed \u017e\u00e1k\u016fm podporu v r\u016fzn\u00fdch obt\u00ed\u017en\u00fdch situac\u00edch. Pro v\u0161echny tyto z\u00e1le\u017eitosti funguje \u0160koln\u00ed poradensk\u00e9 pracovi\u0161t\u011b. Pracovn\u00edk Oblast poradensk\u00e9 slu\u017eby Tel. E-mail Kancel\u00e1\u0159 Z\u00e1stupkyn\u011b \u0159editele: Mgr. Irena Kr\u00e1tk\u00e1 Spolupr\u00e1ce s\u00a0poradensk\u00fdmi za\u0159\u00edzen\u00edmi Spolupr\u00e1ce se z\u00e1konn\u00fdmi z\u00e1stupci \u017e\u00e1k\u016f 491813145 irena.kratka@zsjosefov.cz Z\u00e1stupce \u0159editele V\u00fdchovn\u00e1 poradkyn\u011b: Mgr. Pavl\u00edna Kr\u00e1mov\u00e1 Prevence \u0161koln\u00ed ne\u00fasp\u011b\u0161nosti Spolupr\u00e1ce se [&hellip;]<\/p>\n","protected":false},"author":1,"featured_media":0,"parent":0,"menu_order":0,"comment_status":"closed","ping_status":"closed","template":"","meta":{"footnotes":""},"class_list":["post-695","page","type-page","status-publish","hentry"],"yoast_head":"<!-- This site is optimized with the Yoast SEO plugin v24.3 - https:\/\/yoast.com\/wordpress\/plugins\/seo\/ -->\n<title>\u0160koln\u00ed poradensk\u00e9 pracovi\u0161t\u011b - Z\u00e1kladn\u00ed \u0161kola Jarom\u011b\u0159 - Josefov<\/title>\n<meta name=\"robots\" content=\"index, follow, max-snippet:-1, max-image-preview:large, max-video-preview:-1\" \/>\n<link rel=\"canonical\" href=\"https:\/\/zsjosefov.cz\/?page_id=695\" \/>\n<meta property=\"og:locale\" content=\"cs_CZ\" \/>\n<meta property=\"og:type\" content=\"article\" \/>\n<meta property=\"og:title\" content=\"\u0160koln\u00ed poradensk\u00e9 pracovi\u0161t\u011b - Z\u00e1kladn\u00ed \u0161kola Jarom\u011b\u0159 - Josefov\" \/>\n<meta property=\"og:description\" content=\"V\u00fdchovn\u00e9 a kari\u00e9rn\u00ed poradenstv\u00ed Na\u0161e \u0161kole nab\u00edz\u00ed \u017e\u00e1k\u016fm podporu v r\u016fzn\u00fdch obt\u00ed\u017en\u00fdch situac\u00edch. Pro v\u0161echny tyto z\u00e1le\u017eitosti funguje \u0160koln\u00ed poradensk\u00e9 pracovi\u0161t\u011b. Pracovn\u00edk Oblast poradensk\u00e9 slu\u017eby Tel. E-mail Kancel\u00e1\u0159 Z\u00e1stupkyn\u011b \u0159editele: Mgr. Irena Kr\u00e1tk\u00e1 Spolupr\u00e1ce s\u00a0poradensk\u00fdmi za\u0159\u00edzen\u00edmi Spolupr\u00e1ce se z\u00e1konn\u00fdmi z\u00e1stupci \u017e\u00e1k\u016f 491813145 irena.kratka@zsjosefov.cz Z\u00e1stupce \u0159editele V\u00fdchovn\u00e1 poradkyn\u011b: Mgr. Pavl\u00edna Kr\u00e1mov\u00e1 Prevence \u0161koln\u00ed ne\u00fasp\u011b\u0161nosti Spolupr\u00e1ce se [&hellip;]\" \/>\n<meta property=\"og:url\" content=\"https:\/\/zsjosefov.cz\/?page_id=695\" \/>\n<meta property=\"og:site_name\" content=\"Z\u00e1kladn\u00ed \u0161kola Jarom\u011b\u0159 - Josefov\" \/>\n<meta property=\"article:modified_time\" content=\"2024-11-28T17:29:50+00:00\" \/>\n<meta name=\"twitter:card\" content=\"summary_large_image\" \/>\n<meta name=\"twitter:label1\" content=\"Odhadovan\u00e1 doba \u010dten\u00ed\" \/>\n\t<meta name=\"twitter:data1\" content=\"1 minuta\" \/>\n<script type=\"application\/ld+json\" class=\"yoast-schema-graph\">{\"@context\":\"https:\/\/schema.org\",\"@graph\":[{\"@type\":\"WebPage\",\"@id\":\"https:\/\/zsjosefov.cz\/?page_id=695\",\"url\":\"https:\/\/zsjosefov.cz\/?page_id=695\",\"name\":\"\u0160koln\u00ed poradensk\u00e9 pracovi\u0161t\u011b - Z\u00e1kladn\u00ed \u0161kola Jarom\u011b\u0159 - Josefov\",\"isPartOf\":{\"@id\":\"https:\/\/dev.zsjosefov.cz\/#website\"},\"datePublished\":\"2024-06-10T16:24:10+00:00\",\"dateModified\":\"2024-11-28T17:29:50+00:00\",\"breadcrumb\":{\"@id\":\"https:\/\/zsjosefov.cz\/?page_id=695#breadcrumb\"},\"inLanguage\":\"cs\",\"potentialAction\":[{\"@type\":\"ReadAction\",\"target\":[\"https:\/\/zsjosefov.cz\/?page_id=695\"]}]},{\"@type\":\"BreadcrumbList\",\"@id\":\"https:\/\/zsjosefov.cz\/?page_id=695#breadcrumb\",\"itemListElement\":[{\"@type\":\"ListItem\",\"position\":1,\"name\":\"Dom\u016f\",\"item\":\"https:\/\/zsjosefov.cz\/\"},{\"@type\":\"ListItem\",\"position\":2,\"name\":\"\u0160koln\u00ed poradensk\u00e9 pracovi\u0161t\u011b\"}]},{\"@type\":\"WebSite\",\"@id\":\"https:\/\/dev.zsjosefov.cz\/#website\",\"url\":\"https:\/\/dev.zsjosefov.cz\/\",\"name\":\"Z\u00e1kladn\u00ed \u0161kola Jarom\u011b\u0159 - Josefov\",\"description\":\"\",\"potentialAction\":[{\"@type\":\"SearchAction\",\"target\":{\"@type\":\"EntryPoint\",\"urlTemplate\":\"https:\/\/dev.zsjosefov.cz\/?s={search_term_string}\"},\"query-input\":{\"@type\":\"PropertyValueSpecification\",\"valueRequired\":true,\"valueName\":\"search_term_string\"}}],\"inLanguage\":\"cs\"}]}<\/script>\n<!-- \/ Yoast SEO plugin. -->","yoast_head_json":{"title":"\u0160koln\u00ed poradensk\u00e9 pracovi\u0161t\u011b - Z\u00e1kladn\u00ed \u0161kola Jarom\u011b\u0159 - Josefov","robots":{"index":"index","follow":"follow","max-snippet":"max-snippet:-1","max-image-preview":"max-image-preview:large","max-video-preview":"max-video-preview:-1"},"canonical":"https:\/\/zsjosefov.cz\/?page_id=695","og_locale":"cs_CZ","og_type":"article","og_title":"\u0160koln\u00ed poradensk\u00e9 pracovi\u0161t\u011b - Z\u00e1kladn\u00ed \u0161kola Jarom\u011b\u0159 - Josefov","og_description":"V\u00fdchovn\u00e9 a kari\u00e9rn\u00ed poradenstv\u00ed Na\u0161e \u0161kole nab\u00edz\u00ed \u017e\u00e1k\u016fm podporu v r\u016fzn\u00fdch obt\u00ed\u017en\u00fdch situac\u00edch. Pro v\u0161echny tyto z\u00e1le\u017eitosti funguje \u0160koln\u00ed poradensk\u00e9 pracovi\u0161t\u011b. Pracovn\u00edk Oblast poradensk\u00e9 slu\u017eby Tel. E-mail Kancel\u00e1\u0159 Z\u00e1stupkyn\u011b \u0159editele: Mgr. Irena Kr\u00e1tk\u00e1 Spolupr\u00e1ce s\u00a0poradensk\u00fdmi za\u0159\u00edzen\u00edmi Spolupr\u00e1ce se z\u00e1konn\u00fdmi z\u00e1stupci \u017e\u00e1k\u016f 491813145 irena.kratka@zsjosefov.cz Z\u00e1stupce \u0159editele V\u00fdchovn\u00e1 poradkyn\u011b: Mgr. Pavl\u00edna Kr\u00e1mov\u00e1 Prevence \u0161koln\u00ed ne\u00fasp\u011b\u0161nosti Spolupr\u00e1ce se [&hellip;]","og_url":"https:\/\/zsjosefov.cz\/?page_id=695","og_site_name":"Z\u00e1kladn\u00ed \u0161kola Jarom\u011b\u0159 - Josefov","article_modified_time":"2024-11-28T17:29:50+00:00","twitter_card":"summary_large_image","twitter_misc":{"Odhadovan\u00e1 doba \u010dten\u00ed":"1 minuta"},"schema":{"@context":"https:\/\/schema.org","@graph":[{"@type":"WebPage","@id":"https:\/\/zsjosefov.cz\/?page_id=695","url":"https:\/\/zsjosefov.cz\/?page_id=695","name":"\u0160koln\u00ed poradensk\u00e9 pracovi\u0161t\u011b - Z\u00e1kladn\u00ed \u0161kola Jarom\u011b\u0159 - Josefov","isPartOf":{"@id":"https:\/\/dev.zsjosefov.cz\/#website"},"datePublished":"2024-06-10T16:24:10+00:00","dateModified":"2024-11-28T17:29:50+00:00","breadcrumb":{"@id":"https:\/\/zsjosefov.cz\/?page_id=695#breadcrumb"},"inLanguage":"cs","potentialAction":[{"@type":"ReadAction","target":["https:\/\/zsjosefov.cz\/?page_id=695"]}]},{"@type":"BreadcrumbList","@id":"https:\/\/zsjosefov.cz\/?page_id=695#breadcrumb","itemListElement":[{"@type":"ListItem","position":1,"name":"Dom\u016f","item":"https:\/\/zsjosefov.cz\/"},{"@type":"ListItem","position":2,"name":"\u0160koln\u00ed poradensk\u00e9 pracovi\u0161t\u011b"}]},{"@type":"WebSite","@id":"https:\/\/dev.zsjosefov.cz\/#website","url":"https:\/\/dev.zsjosefov.cz\/","name":"Z\u00e1kladn\u00ed \u0161kola Jarom\u011b\u0159 - Josefov","description":"","potentialAction":[{"@type":"SearchAction","target":{"@type":"EntryPoint","urlTemplate":"https:\/\/dev.zsjosefov.cz\/?s={search_term_string}"},"query-input":{"@type":"PropertyValueSpecification","valueRequired":true,"valueName":"search_term_string"}}],"inLanguage":"cs"}]}},"_links":{"self":[{"href":"https:\/\/zsjosefov.cz\/index.php?rest_route=\/wp\/v2\/pages\/695","targetHints":{"allow":["GET"]}}],"collection":[{"href":"https:\/\/zsjosefov.cz\/index.php?rest_route=\/wp\/v2\/pages"}],"about":[{"href":"https:\/\/zsjosefov.cz\/index.php?rest_route=\/wp\/v2\/types\/page"}],"author":[{"embeddable":true,"href":"https:\/\/zsjosefov.cz\/index.php?rest_route=\/wp\/v2\/users\/1"}],"replies":[{"embeddable":true,"href":"https:\/\/zsjosefov.cz\/index.php?rest_route=%2Fwp%2Fv2%2Fcomments&post=695"}],"version-history":[{"count":23,"href":"https:\/\/zsjosefov.cz\/index.php?rest_route=\/wp\/v2\/pages\/695\/revisions"}],"predecessor-version":[{"id":1292,"href":"https:\/\/zsjosefov.cz\/index.php?rest_route=\/wp\/v2\/pages\/695\/revisions\/1292"}],"wp:attachment":[{"href":"https:\/\/zsjosefov.cz\/index.php?rest_route=%2Fwp%2Fv2%2Fmedia&parent=695"}],"curies":[{"name":"wp","href":"https:\/\/api.w.org\/{rel}","templated":true}]}}