{"id":693,"date":"2024-06-10T18:23:55","date_gmt":"2024-06-10T16:23:55","guid":{"rendered":"https:\/\/zsjosefov.cz\/?page_id=693"},"modified":"2026-02-13T11:30:36","modified_gmt":"2026-02-13T10:30:36","slug":"pro-predskolaky","status":"publish","type":"page","link":"https:\/\/zsjosefov.cz\/?page_id=693","title":{"rendered":"Pro p\u0159ed\u0161kol\u00e1ky"},"content":{"rendered":"\t\t<div data-elementor-type=\"wp-page\" data-elementor-id=\"693\" class=\"elementor elementor-693\">\n\t\t\t\t<div class=\"elementor-element elementor-element-e653956 e-flex e-con-boxed e-con e-parent\" data-id=\"e653956\" data-element_type=\"container\">\n\t\t\t\t\t<div class=\"e-con-inner\">\n\t\t\t\t<div class=\"elementor-element elementor-element-516b5ef elementor-widget elementor-widget-heading\" data-id=\"516b5ef\" data-element_type=\"widget\" data-widget_type=\"heading.default\">\n\t\t\t\t<div class=\"elementor-widget-container\">\n\t\t\t\t\t<h2 class=\"elementor-heading-title elementor-size-default\">Pro\u010d pr\u00e1v\u011b na\u0161e \u0161kola?<\/h2>\t\t\t\t<\/div>\n\t\t\t\t<\/div>\n\t\t\t\t\t<\/div>\n\t\t\t\t<\/div>\n\t\t<div class=\"elementor-element elementor-element-679f945 e-flex e-con-boxed e-con e-parent\" data-id=\"679f945\" data-element_type=\"container\">\n\t\t\t\t\t<div class=\"e-con-inner\">\n\t\t\t\t<div class=\"elementor-element elementor-element-87422c1 elementor-widget elementor-widget-text-editor\" data-id=\"87422c1\" data-element_type=\"widget\" data-widget_type=\"text-editor.default\">\n\t\t\t\t<div class=\"elementor-widget-container\">\n\t\t\t\t\t\t\t\t\t<ul><li>jsme men\u0161\u00ed \u0161kola s rodinn\u00fdm p\u0159\u00edstupem, vz\u00e1jemn\u011b se zn\u00e1me,<\/li><li>m\u00e1me I. i II. stupe\u0148 v r\u00e1mci jedn\u00e9 budovy,<\/li><li>disponujeme dv\u011bma t\u011blocvi\u010dnami a vlastn\u00edm venkovn\u00edm sportovi\u0161t\u011bm,<\/li><li>\u0161koln\u00ed j\u00eddelna a dru\u017einy jsou tak\u00e9 sou\u010d\u00e1st\u00ed budovy Z\u0160,<\/li><li>zast\u00e1vka autobusu je p\u0159\u00edmo p\u0159ed budovou, spoje jezd\u00ed pravideln\u011b,<\/li><li>na \u0161kole p\u016fsob\u00ed speci\u00e1ln\u00ed pedagog,<\/li><li>\u00fa\u010deln\u011b vyu\u017e\u00edv\u00e1me asistenty pedagoga,<\/li><li>m\u00e1me p\u0159\u00edpravnou t\u0159\u00eddu,<\/li><li>pro \u017e\u00e1ky po\u0159\u00e1d\u00e1me \u0159adu akc\u00ed, v\u010detn\u011b zahrani\u010dn\u00edch v\u00fdjezd\u016f,<\/li><li>organizujeme p\u0159ed\u0161koli\u010dku.<\/li><\/ul><p style=\"padding-left: 120px;\">Je\u0161t\u011b v\u00e1h\u00e1te? P\u0159ij\u010fte se k n\u00e1m pod\u00edvat na Den otev\u0159en\u00fdch dve\u0159\u00ed \ud83d\ude42<\/p><p>Term\u00edny p\u0159ed\u0161koli\u010dky: viz let\u00e1k<\/p><p style=\"text-align: center;\">\u00a0 <a href=\"https:\/\/zsjosefov.cz\/?attachment_id=1869\" rel=\"attachment wp-att-1869\"><img fetchpriority=\"high\" decoding=\"async\" class=\"alignnone size-medium wp-image-1869\" src=\"https:\/\/zsjosefov.cz\/wp-content\/uploads\/2026\/02\/Zapis-seznam-260x300.jpg\" alt=\"\" width=\"260\" height=\"300\" srcset=\"https:\/\/zsjosefov.cz\/wp-content\/uploads\/2026\/02\/Zapis-seznam-260x300.jpg 260w, https:\/\/zsjosefov.cz\/wp-content\/uploads\/2026\/02\/Zapis-seznam.jpg 655w\" sizes=\"(max-width: 260px) 100vw, 260px\" \/><\/a><\/p>\t\t\t\t\t\t\t\t<\/div>\n\t\t\t\t<\/div>\n\t\t\t\t\t<\/div>\n\t\t\t\t<\/div>\n\t\t<div class=\"elementor-element elementor-element-eaa77d2 e-flex e-con-boxed e-con e-parent\" data-id=\"eaa77d2\" data-element_type=\"container\">\n\t\t\t\t\t<div class=\"e-con-inner\">\n\t\t\t\t<div class=\"elementor-element elementor-element-d1bddc9 elementor-widget elementor-widget-text-editor\" data-id=\"d1bddc9\" data-element_type=\"widget\" data-widget_type=\"text-editor.default\">\n\t\t\t\t<div class=\"elementor-widget-container\">\n\t\t\t\t\t\t\t\t\t<ul><li>K z\u00e1pisu do 1. t\u0159\u00edd se m\u016f\u017eete dostavit osobn\u011b 10. 2. a 11. 2. od 14:00 do 17:00.<\/li><\/ul><p>V\u00edce informac\u00ed na str\u00e1nk\u00e1ch \u0161koly.<\/p><ul><li><strong>P\u0159ihl\u00e1\u0161en\u00ed do 1. t\u0159\u00eddy je mo\u017en\u00e9 i pomoc\u00ed elektronick\u00e9 p\u0159ihl\u00e1\u0161ky. <\/strong><\/li><\/ul><p>V term\u00ednu od 15. 1. do 15. 2. 2026 bude elektronick\u00e1 p\u0159ihl\u00e1\u0161ka zp\u0159\u00edstupn\u011bna na odkazu:<\/p><p><a href=\"https:\/\/aplikace.skolaonline.cz\/SOL\/PublicWeb\/ZSJOS\/KWE015_Prihlaska.aspx?ID=3417\"><em>https:\/\/aplikace.skolaonline.cz\/SOL\/PublicWeb\/ZSJOS\/KWE015_Prihlaska.aspx?ID=3417<\/em><\/a><\/p><p><strong><em>\u00a0<\/em><\/strong><\/p><p><em>\u00a0\u00a0\u00a0\u00a0\u00a0\u00a0\u00a0\u00a0\u00a0\u00a0 V\u00a0elektronick\u00e9 p\u0159ihl\u00e1\u0161ce povinn\u011b vypl\u0148te barevn\u00e1 pole. <br \/>\u00a0\u00a0\u00a0\u00a0\u00a0\u00a0\u00a0\u00a0\u00a0\u00a0 V p\u0159\u00edpad\u011b, \u017ee zapisujete v\u00edce d\u011bt\u00ed, V\u00e1m sta\u010d\u00ed pouze jedna p\u0159ihl\u00e1\u0161ka. Ka\u017ed\u00e9 d\u00edt\u011b je ale <\/em><em>nutn\u00e9 zapsat zvl\u00e1\u0161\u0165 (D\u00edt\u011b 1, D\u00edt\u011b 2\u2026).<br \/>\u00a0\u00a0\u00a0\u00a0\u00a0\u00a0\u00a0\u00a0\u00a0\u00a0 Po vypln\u011bn\u00ed p\u0159ihl\u00e1\u0161ky ji nezapome\u0148te Odeslat.<\/em><\/p>\t\t\t\t\t\t\t\t<\/div>\n\t\t\t\t<\/div>\n\t\t\t\t\t<\/div>\n\t\t\t\t<\/div>\n\t\t<div class=\"elementor-element elementor-element-da069b6 e-flex e-con-boxed e-con e-parent\" data-id=\"da069b6\" data-element_type=\"container\">\n\t\t\t\t\t<div class=\"e-con-inner\">\n\t\t\t\t<div class=\"elementor-element elementor-element-2fa9e3b elementor-widget elementor-widget-heading\" data-id=\"2fa9e3b\" data-element_type=\"widget\" data-widget_type=\"heading.default\">\n\t\t\t\t<div class=\"elementor-widget-container\">\n\t\t\t\t\t<h2 class=\"elementor-heading-title elementor-size-default\">\n\n<\/h2>\t\t\t\t<\/div>\n\t\t\t\t<\/div>\n\t\t\t\t\t<\/div>\n\t\t\t\t<\/div>\n\t\t<div class=\"elementor-element elementor-element-4e0eac9 e-flex e-con-boxed e-con e-parent\" data-id=\"4e0eac9\" data-element_type=\"container\">\n\t\t\t\t\t<div class=\"e-con-inner\">\n\t\t\t\t<div class=\"elementor-element elementor-element-ff7e08d elementor-widget elementor-widget-text-editor\" data-id=\"ff7e08d\" data-element_type=\"widget\" data-widget_type=\"text-editor.default\">\n\t\t\t\t<div class=\"elementor-widget-container\">\n\t\t\t\t\t\t\t\t\t<p>Ve\u0161ker\u00e9 bli\u017e\u0161\u00ed informace a formul\u00e1\u0159e \u017e\u00e1dost\u00ed naleznete <a href=\"https:\/\/zsjosefov.cz\/?attachment_id=1776\" rel=\"attachment wp-att-1776\">ZDE<\/a><\/p><p>D\u016fle\u017eit\u00e9 dokumenty:<\/p><p><a href=\"https:\/\/zsjosefov.cz\/?attachment_id=1778\" rel=\"attachment wp-att-1778\">Vyhl\u00e1\u0161ka o stanoven\u00ed \u0161kolsk\u00e9ho obvody<\/a><\/p><p><a href=\"https:\/\/zsjosefov.cz\/?attachment_id=1777\" rel=\"attachment wp-att-1777\">Zm\u011bna \u0161kolsk\u00fdch obvod\u016f<\/a><\/p><p><a href=\"https:\/\/zsjosefov.cz\/?attachment_id=1830\" rel=\"attachment wp-att-1830\">P\u0159ihl\u00e1\u0161ka k z\u00e1pisu<\/a><\/p><p><a href=\"https:\/\/zsjosefov.cz\/?attachment_id=1831\" rel=\"attachment wp-att-1831\">\u017d\u00e1dost o odklad povinn\u00e9 \u0161koln\u00ed doch\u00e1zky<\/a><\/p>\t\t\t\t\t\t\t\t<\/div>\n\t\t\t\t<\/div>\n\t\t\t\t\t<\/div>\n\t\t\t\t<\/div>\n\t\t\t\t<\/div>\n\t\t","protected":false},"excerpt":{"rendered":"<p>Pro\u010d pr\u00e1v\u011b na\u0161e \u0161kola? jsme men\u0161\u00ed \u0161kola s rodinn\u00fdm p\u0159\u00edstupem, vz\u00e1jemn\u011b se zn\u00e1me, m\u00e1me I. i II. stupe\u0148 v r\u00e1mci jedn\u00e9 budovy, disponujeme dv\u011bma t\u011blocvi\u010dnami a vlastn\u00edm venkovn\u00edm sportovi\u0161t\u011bm, \u0161koln\u00ed j\u00eddelna a dru\u017einy jsou tak\u00e9 sou\u010d\u00e1st\u00ed budovy Z\u0160, zast\u00e1vka autobusu je p\u0159\u00edmo p\u0159ed budovou, spoje jezd\u00ed pravideln\u011b, na \u0161kole p\u016fsob\u00ed speci\u00e1ln\u00ed pedagog, \u00fa\u010deln\u011b vyu\u017e\u00edv\u00e1me asistenty [&hellip;]<\/p>\n","protected":false},"author":1,"featured_media":0,"parent":0,"menu_order":0,"comment_status":"closed","ping_status":"closed","template":"","meta":{"footnotes":""},"class_list":["post-693","page","type-page","status-publish","hentry"],"yoast_head":"<!-- This site is optimized with the Yoast SEO plugin v24.3 - https:\/\/yoast.com\/wordpress\/plugins\/seo\/ -->\n<title>Pro p\u0159ed\u0161kol\u00e1ky - Z\u00e1kladn\u00ed \u0161kola Jarom\u011b\u0159 - Josefov<\/title>\n<meta name=\"robots\" content=\"index, follow, max-snippet:-1, max-image-preview:large, max-video-preview:-1\" \/>\n<link rel=\"canonical\" href=\"https:\/\/zsjosefov.cz\/?page_id=693\" \/>\n<meta property=\"og:locale\" content=\"cs_CZ\" \/>\n<meta property=\"og:type\" content=\"article\" \/>\n<meta property=\"og:title\" content=\"Pro p\u0159ed\u0161kol\u00e1ky - Z\u00e1kladn\u00ed \u0161kola Jarom\u011b\u0159 - Josefov\" \/>\n<meta property=\"og:description\" content=\"Pro\u010d pr\u00e1v\u011b na\u0161e \u0161kola? jsme men\u0161\u00ed \u0161kola s rodinn\u00fdm p\u0159\u00edstupem, vz\u00e1jemn\u011b se zn\u00e1me, m\u00e1me I. i II. stupe\u0148 v r\u00e1mci jedn\u00e9 budovy, disponujeme dv\u011bma t\u011blocvi\u010dnami a vlastn\u00edm venkovn\u00edm sportovi\u0161t\u011bm, \u0161koln\u00ed j\u00eddelna a dru\u017einy jsou tak\u00e9 sou\u010d\u00e1st\u00ed budovy Z\u0160, zast\u00e1vka autobusu je p\u0159\u00edmo p\u0159ed budovou, spoje jezd\u00ed pravideln\u011b, na \u0161kole p\u016fsob\u00ed speci\u00e1ln\u00ed pedagog, \u00fa\u010deln\u011b vyu\u017e\u00edv\u00e1me asistenty [&hellip;]\" \/>\n<meta property=\"og:url\" content=\"https:\/\/zsjosefov.cz\/?page_id=693\" \/>\n<meta property=\"og:site_name\" content=\"Z\u00e1kladn\u00ed \u0161kola Jarom\u011b\u0159 - Josefov\" \/>\n<meta property=\"article:modified_time\" content=\"2026-02-13T10:30:36+00:00\" \/>\n<meta property=\"og:image\" content=\"https:\/\/zsjosefov.cz\/wp-content\/uploads\/2026\/02\/Zapis-seznam.jpg\" \/>\n\t<meta property=\"og:image:width\" content=\"655\" \/>\n\t<meta property=\"og:image:height\" content=\"757\" \/>\n\t<meta property=\"og:image:type\" content=\"image\/jpeg\" \/>\n<meta name=\"twitter:card\" content=\"summary_large_image\" \/>\n<meta name=\"twitter:label1\" content=\"Odhadovan\u00e1 doba \u010dten\u00ed\" \/>\n\t<meta name=\"twitter:data1\" content=\"2 minuty\" \/>\n<script type=\"application\/ld+json\" class=\"yoast-schema-graph\">{\"@context\":\"https:\/\/schema.org\",\"@graph\":[{\"@type\":\"WebPage\",\"@id\":\"https:\/\/zsjosefov.cz\/?page_id=693\",\"url\":\"https:\/\/zsjosefov.cz\/?page_id=693\",\"name\":\"Pro p\u0159ed\u0161kol\u00e1ky - Z\u00e1kladn\u00ed \u0161kola Jarom\u011b\u0159 - Josefov\",\"isPartOf\":{\"@id\":\"https:\/\/dev.zsjosefov.cz\/#website\"},\"primaryImageOfPage\":{\"@id\":\"https:\/\/zsjosefov.cz\/?page_id=693#primaryimage\"},\"image\":{\"@id\":\"https:\/\/zsjosefov.cz\/?page_id=693#primaryimage\"},\"thumbnailUrl\":\"https:\/\/zsjosefov.cz\/wp-content\/uploads\/2026\/02\/Zapis-seznam-260x300.jpg\",\"datePublished\":\"2024-06-10T16:23:55+00:00\",\"dateModified\":\"2026-02-13T10:30:36+00:00\",\"breadcrumb\":{\"@id\":\"https:\/\/zsjosefov.cz\/?page_id=693#breadcrumb\"},\"inLanguage\":\"cs\",\"potentialAction\":[{\"@type\":\"ReadAction\",\"target\":[\"https:\/\/zsjosefov.cz\/?page_id=693\"]}]},{\"@type\":\"ImageObject\",\"inLanguage\":\"cs\",\"@id\":\"https:\/\/zsjosefov.cz\/?page_id=693#primaryimage\",\"url\":\"https:\/\/zsjosefov.cz\/wp-content\/uploads\/2026\/02\/Zapis-seznam.jpg\",\"contentUrl\":\"https:\/\/zsjosefov.cz\/wp-content\/uploads\/2026\/02\/Zapis-seznam.jpg\",\"width\":655,\"height\":757},{\"@type\":\"BreadcrumbList\",\"@id\":\"https:\/\/zsjosefov.cz\/?page_id=693#breadcrumb\",\"itemListElement\":[{\"@type\":\"ListItem\",\"position\":1,\"name\":\"Dom\u016f\",\"item\":\"https:\/\/zsjosefov.cz\/\"},{\"@type\":\"ListItem\",\"position\":2,\"name\":\"Pro p\u0159ed\u0161kol\u00e1ky\"}]},{\"@type\":\"WebSite\",\"@id\":\"https:\/\/dev.zsjosefov.cz\/#website\",\"url\":\"https:\/\/dev.zsjosefov.cz\/\",\"name\":\"Z\u00e1kladn\u00ed \u0161kola Jarom\u011b\u0159 - Josefov\",\"description\":\"\",\"potentialAction\":[{\"@type\":\"SearchAction\",\"target\":{\"@type\":\"EntryPoint\",\"urlTemplate\":\"https:\/\/dev.zsjosefov.cz\/?s={search_term_string}\"},\"query-input\":{\"@type\":\"PropertyValueSpecification\",\"valueRequired\":true,\"valueName\":\"search_term_string\"}}],\"inLanguage\":\"cs\"}]}<\/script>\n<!-- \/ Yoast SEO plugin. -->","yoast_head_json":{"title":"Pro p\u0159ed\u0161kol\u00e1ky - Z\u00e1kladn\u00ed \u0161kola Jarom\u011b\u0159 - Josefov","robots":{"index":"index","follow":"follow","max-snippet":"max-snippet:-1","max-image-preview":"max-image-preview:large","max-video-preview":"max-video-preview:-1"},"canonical":"https:\/\/zsjosefov.cz\/?page_id=693","og_locale":"cs_CZ","og_type":"article","og_title":"Pro p\u0159ed\u0161kol\u00e1ky - Z\u00e1kladn\u00ed \u0161kola Jarom\u011b\u0159 - Josefov","og_description":"Pro\u010d pr\u00e1v\u011b na\u0161e \u0161kola? jsme men\u0161\u00ed \u0161kola s rodinn\u00fdm p\u0159\u00edstupem, vz\u00e1jemn\u011b se zn\u00e1me, m\u00e1me I. i II. stupe\u0148 v r\u00e1mci jedn\u00e9 budovy, disponujeme dv\u011bma t\u011blocvi\u010dnami a vlastn\u00edm venkovn\u00edm sportovi\u0161t\u011bm, \u0161koln\u00ed j\u00eddelna a dru\u017einy jsou tak\u00e9 sou\u010d\u00e1st\u00ed budovy Z\u0160, zast\u00e1vka autobusu je p\u0159\u00edmo p\u0159ed budovou, spoje jezd\u00ed pravideln\u011b, na \u0161kole p\u016fsob\u00ed speci\u00e1ln\u00ed pedagog, \u00fa\u010deln\u011b vyu\u017e\u00edv\u00e1me asistenty [&hellip;]","og_url":"https:\/\/zsjosefov.cz\/?page_id=693","og_site_name":"Z\u00e1kladn\u00ed \u0161kola Jarom\u011b\u0159 - Josefov","article_modified_time":"2026-02-13T10:30:36+00:00","og_image":[{"width":655,"height":757,"url":"https:\/\/zsjosefov.cz\/wp-content\/uploads\/2026\/02\/Zapis-seznam.jpg","type":"image\/jpeg"}],"twitter_card":"summary_large_image","twitter_misc":{"Odhadovan\u00e1 doba \u010dten\u00ed":"2 minuty"},"schema":{"@context":"https:\/\/schema.org","@graph":[{"@type":"WebPage","@id":"https:\/\/zsjosefov.cz\/?page_id=693","url":"https:\/\/zsjosefov.cz\/?page_id=693","name":"Pro p\u0159ed\u0161kol\u00e1ky - Z\u00e1kladn\u00ed \u0161kola Jarom\u011b\u0159 - Josefov","isPartOf":{"@id":"https:\/\/dev.zsjosefov.cz\/#website"},"primaryImageOfPage":{"@id":"https:\/\/zsjosefov.cz\/?page_id=693#primaryimage"},"image":{"@id":"https:\/\/zsjosefov.cz\/?page_id=693#primaryimage"},"thumbnailUrl":"https:\/\/zsjosefov.cz\/wp-content\/uploads\/2026\/02\/Zapis-seznam-260x300.jpg","datePublished":"2024-06-10T16:23:55+00:00","dateModified":"2026-02-13T10:30:36+00:00","breadcrumb":{"@id":"https:\/\/zsjosefov.cz\/?page_id=693#breadcrumb"},"inLanguage":"cs","potentialAction":[{"@type":"ReadAction","target":["https:\/\/zsjosefov.cz\/?page_id=693"]}]},{"@type":"ImageObject","inLanguage":"cs","@id":"https:\/\/zsjosefov.cz\/?page_id=693#primaryimage","url":"https:\/\/zsjosefov.cz\/wp-content\/uploads\/2026\/02\/Zapis-seznam.jpg","contentUrl":"https:\/\/zsjosefov.cz\/wp-content\/uploads\/2026\/02\/Zapis-seznam.jpg","width":655,"height":757},{"@type":"BreadcrumbList","@id":"https:\/\/zsjosefov.cz\/?page_id=693#breadcrumb","itemListElement":[{"@type":"ListItem","position":1,"name":"Dom\u016f","item":"https:\/\/zsjosefov.cz\/"},{"@type":"ListItem","position":2,"name":"Pro p\u0159ed\u0161kol\u00e1ky"}]},{"@type":"WebSite","@id":"https:\/\/dev.zsjosefov.cz\/#website","url":"https:\/\/dev.zsjosefov.cz\/","name":"Z\u00e1kladn\u00ed \u0161kola Jarom\u011b\u0159 - Josefov","description":"","potentialAction":[{"@type":"SearchAction","target":{"@type":"EntryPoint","urlTemplate":"https:\/\/dev.zsjosefov.cz\/?s={search_term_string}"},"query-input":{"@type":"PropertyValueSpecification","valueRequired":true,"valueName":"search_term_string"}}],"inLanguage":"cs"}]}},"_links":{"self":[{"href":"https:\/\/zsjosefov.cz\/index.php?rest_route=\/wp\/v2\/pages\/693","targetHints":{"allow":["GET"]}}],"collection":[{"href":"https:\/\/zsjosefov.cz\/index.php?rest_route=\/wp\/v2\/pages"}],"about":[{"href":"https:\/\/zsjosefov.cz\/index.php?rest_route=\/wp\/v2\/types\/page"}],"author":[{"embeddable":true,"href":"https:\/\/zsjosefov.cz\/index.php?rest_route=\/wp\/v2\/users\/1"}],"replies":[{"embeddable":true,"href":"https:\/\/zsjosefov.cz\/index.php?rest_route=%2Fwp%2Fv2%2Fcomments&post=693"}],"version-history":[{"count":46,"href":"https:\/\/zsjosefov.cz\/index.php?rest_route=\/wp\/v2\/pages\/693\/revisions"}],"predecessor-version":[{"id":1872,"href":"https:\/\/zsjosefov.cz\/index.php?rest_route=\/wp\/v2\/pages\/693\/revisions\/1872"}],"wp:attachment":[{"href":"https:\/\/zsjosefov.cz\/index.php?rest_route=%2Fwp%2Fv2%2Fmedia&parent=693"}],"curies":[{"name":"wp","href":"https:\/\/api.w.org\/{rel}","templated":true}]}}