{"id":689,"date":"2024-06-10T18:23:29","date_gmt":"2024-06-10T16:23:29","guid":{"rendered":"https:\/\/zsjosefov.cz\/?page_id=689"},"modified":"2024-10-07T07:44:33","modified_gmt":"2024-10-07T05:44:33","slug":"ezk","status":"publish","type":"page","link":"https:\/\/zsjosefov.cz\/?page_id=689","title":{"rendered":"E\u017dK"},"content":{"rendered":"\t\t<div data-elementor-type=\"wp-page\" data-elementor-id=\"689\" class=\"elementor elementor-689\">\n\t\t\t\t<div class=\"elementor-element elementor-element-2b36de1 e-flex e-con-boxed e-con e-parent\" data-id=\"2b36de1\" data-element_type=\"container\">\n\t\t\t\t\t<div class=\"e-con-inner\">\n\t\t\t\t<div class=\"elementor-element elementor-element-94099cb elementor-widget elementor-widget-text-editor\" data-id=\"94099cb\" data-element_type=\"widget\" data-widget_type=\"text-editor.default\">\n\t\t\t\t<div class=\"elementor-widget-container\">\n\t\t\t\t\t\t\t\t\t<p style=\"text-align: center;\">Elektronick\u00e1 \u017e\u00e1kovsk\u00e1 kn\u00ed\u017eka je dostupn\u00e1 na <a href=\"https:\/\/www.skolaonline.cz\/\">\u0160kola Online \u2013 Spolehliv\u00fd partner pro \u0161koln\u00ed spr\u00e1vu (skolaonline.cz)<\/a><\/p><p style=\"text-align: center;\">Webov\u00e9 str\u00e1nky maj\u00ed novou grafickou podobu, ale p\u0159ihl\u00e1\u0161en\u00ed a u\u017eivatelsk\u00e9 prost\u0159ed\u00ed se nezm\u011bnilo.<\/p><p style=\"text-align: center;\">Najdete zde klasifikaci, rozvrh hodin, kontakty, omluvenky a dal\u0161\u00ed informace.<\/p><p style=\"text-align: center;\"><strong>V p\u0159\u00edpad\u011b probl\u00e9m\u016f se na n\u00e1s pros\u00edm obra\u0165te.<\/strong><\/p><p><a href=\"https:\/\/zsjosefov.cz\/wp-content\/uploads\/2024\/10\/SKOLA-ONLINE-PRO-RODICE.docx\">\u0160KOLA ONLINE PRO RODI\u010cE<\/a> &#8211; V odkazu naleznete p\u0159ehledn\u00fd n\u00e1vod, jak se orientovat ve \u0160kole online nejen na pc, ale i v mobiln\u00ed aplikaci.<\/p><p style=\"text-align: center;\">\u00a0<\/p>\t\t\t\t\t\t\t\t<\/div>\n\t\t\t\t<\/div>\n\t\t\t\t\t<\/div>\n\t\t\t\t<\/div>\n\t\t\t\t<\/div>\n\t\t","protected":false},"excerpt":{"rendered":"<p>Elektronick\u00e1 \u017e\u00e1kovsk\u00e1 kn\u00ed\u017eka je dostupn\u00e1 na \u0160kola Online \u2013 Spolehliv\u00fd partner pro \u0161koln\u00ed spr\u00e1vu (skolaonline.cz) Webov\u00e9 str\u00e1nky maj\u00ed novou grafickou podobu, ale p\u0159ihl\u00e1\u0161en\u00ed a u\u017eivatelsk\u00e9 prost\u0159ed\u00ed se nezm\u011bnilo. Najdete zde klasifikaci, rozvrh hodin, kontakty, omluvenky a dal\u0161\u00ed informace. V p\u0159\u00edpad\u011b probl\u00e9m\u016f se na n\u00e1s pros\u00edm obra\u0165te. \u0160KOLA ONLINE PRO RODI\u010cE &#8211; V odkazu naleznete p\u0159ehledn\u00fd [&hellip;]<\/p>\n","protected":false},"author":1,"featured_media":0,"parent":0,"menu_order":0,"comment_status":"closed","ping_status":"closed","template":"","meta":{"footnotes":""},"class_list":["post-689","page","type-page","status-publish","hentry"],"yoast_head":"<!-- This site is optimized with the Yoast SEO plugin v24.3 - https:\/\/yoast.com\/wordpress\/plugins\/seo\/ -->\n<title>E\u017dK - Z\u00e1kladn\u00ed \u0161kola Jarom\u011b\u0159 - Josefov<\/title>\n<meta name=\"robots\" content=\"index, follow, max-snippet:-1, max-image-preview:large, max-video-preview:-1\" \/>\n<link rel=\"canonical\" href=\"https:\/\/zsjosefov.cz\/?page_id=689\" \/>\n<meta property=\"og:locale\" content=\"cs_CZ\" \/>\n<meta property=\"og:type\" content=\"article\" \/>\n<meta property=\"og:title\" content=\"E\u017dK - Z\u00e1kladn\u00ed \u0161kola Jarom\u011b\u0159 - Josefov\" \/>\n<meta property=\"og:description\" content=\"Elektronick\u00e1 \u017e\u00e1kovsk\u00e1 kn\u00ed\u017eka je dostupn\u00e1 na \u0160kola Online \u2013 Spolehliv\u00fd partner pro \u0161koln\u00ed spr\u00e1vu (skolaonline.cz) Webov\u00e9 str\u00e1nky maj\u00ed novou grafickou podobu, ale p\u0159ihl\u00e1\u0161en\u00ed a u\u017eivatelsk\u00e9 prost\u0159ed\u00ed se nezm\u011bnilo. Najdete zde klasifikaci, rozvrh hodin, kontakty, omluvenky a dal\u0161\u00ed informace. V p\u0159\u00edpad\u011b probl\u00e9m\u016f se na n\u00e1s pros\u00edm obra\u0165te. \u0160KOLA ONLINE PRO RODI\u010cE &#8211; V odkazu naleznete p\u0159ehledn\u00fd [&hellip;]\" \/>\n<meta property=\"og:url\" content=\"https:\/\/zsjosefov.cz\/?page_id=689\" \/>\n<meta property=\"og:site_name\" content=\"Z\u00e1kladn\u00ed \u0161kola Jarom\u011b\u0159 - Josefov\" \/>\n<meta property=\"article:modified_time\" content=\"2024-10-07T05:44:33+00:00\" \/>\n<meta name=\"twitter:card\" content=\"summary_large_image\" \/>\n<meta name=\"twitter:label1\" content=\"Odhadovan\u00e1 doba \u010dten\u00ed\" \/>\n\t<meta name=\"twitter:data1\" content=\"1 minuta\" \/>\n<script type=\"application\/ld+json\" class=\"yoast-schema-graph\">{\"@context\":\"https:\/\/schema.org\",\"@graph\":[{\"@type\":\"WebPage\",\"@id\":\"https:\/\/zsjosefov.cz\/?page_id=689\",\"url\":\"https:\/\/zsjosefov.cz\/?page_id=689\",\"name\":\"E\u017dK - Z\u00e1kladn\u00ed \u0161kola Jarom\u011b\u0159 - Josefov\",\"isPartOf\":{\"@id\":\"https:\/\/dev.zsjosefov.cz\/#website\"},\"datePublished\":\"2024-06-10T16:23:29+00:00\",\"dateModified\":\"2024-10-07T05:44:33+00:00\",\"breadcrumb\":{\"@id\":\"https:\/\/zsjosefov.cz\/?page_id=689#breadcrumb\"},\"inLanguage\":\"cs\",\"potentialAction\":[{\"@type\":\"ReadAction\",\"target\":[\"https:\/\/zsjosefov.cz\/?page_id=689\"]}]},{\"@type\":\"BreadcrumbList\",\"@id\":\"https:\/\/zsjosefov.cz\/?page_id=689#breadcrumb\",\"itemListElement\":[{\"@type\":\"ListItem\",\"position\":1,\"name\":\"Dom\u016f\",\"item\":\"https:\/\/zsjosefov.cz\/\"},{\"@type\":\"ListItem\",\"position\":2,\"name\":\"E\u017dK\"}]},{\"@type\":\"WebSite\",\"@id\":\"https:\/\/dev.zsjosefov.cz\/#website\",\"url\":\"https:\/\/dev.zsjosefov.cz\/\",\"name\":\"Z\u00e1kladn\u00ed \u0161kola Jarom\u011b\u0159 - Josefov\",\"description\":\"\",\"potentialAction\":[{\"@type\":\"SearchAction\",\"target\":{\"@type\":\"EntryPoint\",\"urlTemplate\":\"https:\/\/dev.zsjosefov.cz\/?s={search_term_string}\"},\"query-input\":{\"@type\":\"PropertyValueSpecification\",\"valueRequired\":true,\"valueName\":\"search_term_string\"}}],\"inLanguage\":\"cs\"}]}<\/script>\n<!-- \/ Yoast SEO plugin. -->","yoast_head_json":{"title":"E\u017dK - Z\u00e1kladn\u00ed \u0161kola Jarom\u011b\u0159 - Josefov","robots":{"index":"index","follow":"follow","max-snippet":"max-snippet:-1","max-image-preview":"max-image-preview:large","max-video-preview":"max-video-preview:-1"},"canonical":"https:\/\/zsjosefov.cz\/?page_id=689","og_locale":"cs_CZ","og_type":"article","og_title":"E\u017dK - Z\u00e1kladn\u00ed \u0161kola Jarom\u011b\u0159 - Josefov","og_description":"Elektronick\u00e1 \u017e\u00e1kovsk\u00e1 kn\u00ed\u017eka je dostupn\u00e1 na \u0160kola Online \u2013 Spolehliv\u00fd partner pro \u0161koln\u00ed spr\u00e1vu (skolaonline.cz) Webov\u00e9 str\u00e1nky maj\u00ed novou grafickou podobu, ale p\u0159ihl\u00e1\u0161en\u00ed a u\u017eivatelsk\u00e9 prost\u0159ed\u00ed se nezm\u011bnilo. Najdete zde klasifikaci, rozvrh hodin, kontakty, omluvenky a dal\u0161\u00ed informace. V p\u0159\u00edpad\u011b probl\u00e9m\u016f se na n\u00e1s pros\u00edm obra\u0165te. \u0160KOLA ONLINE PRO RODI\u010cE &#8211; V odkazu naleznete p\u0159ehledn\u00fd [&hellip;]","og_url":"https:\/\/zsjosefov.cz\/?page_id=689","og_site_name":"Z\u00e1kladn\u00ed \u0161kola Jarom\u011b\u0159 - Josefov","article_modified_time":"2024-10-07T05:44:33+00:00","twitter_card":"summary_large_image","twitter_misc":{"Odhadovan\u00e1 doba \u010dten\u00ed":"1 minuta"},"schema":{"@context":"https:\/\/schema.org","@graph":[{"@type":"WebPage","@id":"https:\/\/zsjosefov.cz\/?page_id=689","url":"https:\/\/zsjosefov.cz\/?page_id=689","name":"E\u017dK - Z\u00e1kladn\u00ed \u0161kola Jarom\u011b\u0159 - Josefov","isPartOf":{"@id":"https:\/\/dev.zsjosefov.cz\/#website"},"datePublished":"2024-06-10T16:23:29+00:00","dateModified":"2024-10-07T05:44:33+00:00","breadcrumb":{"@id":"https:\/\/zsjosefov.cz\/?page_id=689#breadcrumb"},"inLanguage":"cs","potentialAction":[{"@type":"ReadAction","target":["https:\/\/zsjosefov.cz\/?page_id=689"]}]},{"@type":"BreadcrumbList","@id":"https:\/\/zsjosefov.cz\/?page_id=689#breadcrumb","itemListElement":[{"@type":"ListItem","position":1,"name":"Dom\u016f","item":"https:\/\/zsjosefov.cz\/"},{"@type":"ListItem","position":2,"name":"E\u017dK"}]},{"@type":"WebSite","@id":"https:\/\/dev.zsjosefov.cz\/#website","url":"https:\/\/dev.zsjosefov.cz\/","name":"Z\u00e1kladn\u00ed \u0161kola Jarom\u011b\u0159 - Josefov","description":"","potentialAction":[{"@type":"SearchAction","target":{"@type":"EntryPoint","urlTemplate":"https:\/\/dev.zsjosefov.cz\/?s={search_term_string}"},"query-input":{"@type":"PropertyValueSpecification","valueRequired":true,"valueName":"search_term_string"}}],"inLanguage":"cs"}]}},"_links":{"self":[{"href":"https:\/\/zsjosefov.cz\/index.php?rest_route=\/wp\/v2\/pages\/689","targetHints":{"allow":["GET"]}}],"collection":[{"href":"https:\/\/zsjosefov.cz\/index.php?rest_route=\/wp\/v2\/pages"}],"about":[{"href":"https:\/\/zsjosefov.cz\/index.php?rest_route=\/wp\/v2\/types\/page"}],"author":[{"embeddable":true,"href":"https:\/\/zsjosefov.cz\/index.php?rest_route=\/wp\/v2\/users\/1"}],"replies":[{"embeddable":true,"href":"https:\/\/zsjosefov.cz\/index.php?rest_route=%2Fwp%2Fv2%2Fcomments&post=689"}],"version-history":[{"count":10,"href":"https:\/\/zsjosefov.cz\/index.php?rest_route=\/wp\/v2\/pages\/689\/revisions"}],"predecessor-version":[{"id":1164,"href":"https:\/\/zsjosefov.cz\/index.php?rest_route=\/wp\/v2\/pages\/689\/revisions\/1164"}],"wp:attachment":[{"href":"https:\/\/zsjosefov.cz\/index.php?rest_route=%2Fwp%2Fv2%2Fmedia&parent=689"}],"curies":[{"name":"wp","href":"https:\/\/api.w.org\/{rel}","templated":true}]}}