{"id":685,"date":"2024-06-10T18:23:03","date_gmt":"2024-06-10T16:23:03","guid":{"rendered":"https:\/\/zsjosefov.cz\/?page_id=685"},"modified":"2026-02-16T12:24:24","modified_gmt":"2026-02-16T11:24:24","slug":"skolni-rad","status":"publish","type":"page","link":"https:\/\/zsjosefov.cz\/?page_id=685","title":{"rendered":"\u0160koln\u00ed \u0159\u00e1d a dal\u0161\u00ed dokumenty"},"content":{"rendered":"\t\t<div data-elementor-type=\"wp-page\" data-elementor-id=\"685\" class=\"elementor elementor-685\">\n\t\t\t\t<div class=\"elementor-element elementor-element-930822a e-flex e-con-boxed e-con e-parent\" data-id=\"930822a\" data-element_type=\"container\">\n\t\t\t\t\t<div class=\"e-con-inner\">\n\t\t\t\t<div class=\"elementor-element elementor-element-954be2e elementor-widget elementor-widget-heading\" data-id=\"954be2e\" data-element_type=\"widget\" data-widget_type=\"heading.default\">\n\t\t\t\t<div class=\"elementor-widget-container\">\n\t\t\t\t\t<h2 class=\"elementor-heading-title elementor-size-default\">\u0160koln\u00ed \u0159\u00e1d a dal\u0161\u00ed d\u016fle\u017eit\u00e9 dokumenty<\/h2>\t\t\t\t<\/div>\n\t\t\t\t<\/div>\n\t\t\t\t\t<\/div>\n\t\t\t\t<\/div>\n\t\t<div class=\"elementor-element elementor-element-f74fc11 e-flex e-con-boxed e-con e-parent\" data-id=\"f74fc11\" data-element_type=\"container\">\n\t\t\t\t\t<div class=\"e-con-inner\">\n\t\t\t\t<div class=\"elementor-element elementor-element-0e8aa3c elementor-widget elementor-widget-text-editor\" data-id=\"0e8aa3c\" data-element_type=\"widget\" data-widget_type=\"text-editor.default\">\n\t\t\t\t<div class=\"elementor-widget-container\">\n\t\t\t\t\t\t\t\t\t<p><a href=\"https:\/\/zsjosefov.cz\/?attachment_id=1594\" rel=\"attachment wp-att-1594\">Vnitr\u030cni\u0301 r\u030ca\u0301d s\u030ckolni\u0301 druz\u030ciny 2025-2026<\/a><\/p><p><a href=\"https:\/\/zsjosefov.cz\/?attachment_id=1876\" rel=\"attachment wp-att-1876\">\u0160koln\u00ed \u0159\u00e1d 2025-2026<\/a><\/p><p><a href=\"https:\/\/zsjosefov.cz\/wp-content\/uploads\/2024\/09\/Klasifikacni-rad.pdf\">Klasifika\u010dn\u00ed \u0159\u00e1d<\/a><\/p><p><a href=\"https:\/\/zsjosefov.cz\/?attachment_id=1646\" rel=\"attachment wp-att-1646\">Preventivn\u00ed program rizikov\u00e9ho chov\u00e1n\u00ed 2025-2026 &#8211; pro rodi\u010de a \u017e\u00e1ky<\/a><\/p><p><a href=\"https:\/\/data.kivaprogram.net\/pruvodce-pro-rodice\/\">Pr\u016fvodce Pro Rodi\u010de &#8211; Program proti \u0161ikan\u011b KiVa<\/a><\/p>\t\t\t\t\t\t\t\t<\/div>\n\t\t\t\t<\/div>\n\t\t\t\t\t<\/div>\n\t\t\t\t<\/div>\n\t\t\t\t<\/div>\n\t\t","protected":false},"excerpt":{"rendered":"<p>\u0160koln\u00ed \u0159\u00e1d a dal\u0161\u00ed d\u016fle\u017eit\u00e9 dokumenty Vnitr\u030cni\u0301 r\u030ca\u0301d s\u030ckolni\u0301 druz\u030ciny 2025-2026 \u0160koln\u00ed \u0159\u00e1d 2025-2026 Klasifika\u010dn\u00ed \u0159\u00e1d Preventivn\u00ed program rizikov\u00e9ho chov\u00e1n\u00ed 2025-2026 &#8211; pro rodi\u010de a \u017e\u00e1ky Pr\u016fvodce Pro Rodi\u010de &#8211; Program proti \u0161ikan\u011b KiVa<\/p>\n","protected":false},"author":1,"featured_media":0,"parent":0,"menu_order":0,"comment_status":"closed","ping_status":"closed","template":"","meta":{"footnotes":""},"class_list":["post-685","page","type-page","status-publish","hentry"],"yoast_head":"<!-- This site is optimized with the Yoast SEO plugin v24.3 - https:\/\/yoast.com\/wordpress\/plugins\/seo\/ -->\n<title>\u0160koln\u00ed \u0159\u00e1d a dal\u0161\u00ed dokumenty - Z\u00e1kladn\u00ed \u0161kola Jarom\u011b\u0159 - Josefov<\/title>\n<meta name=\"robots\" content=\"index, follow, max-snippet:-1, max-image-preview:large, max-video-preview:-1\" \/>\n<link rel=\"canonical\" href=\"https:\/\/zsjosefov.cz\/?page_id=685\" \/>\n<meta property=\"og:locale\" content=\"cs_CZ\" \/>\n<meta property=\"og:type\" content=\"article\" \/>\n<meta property=\"og:title\" content=\"\u0160koln\u00ed \u0159\u00e1d a dal\u0161\u00ed dokumenty - Z\u00e1kladn\u00ed \u0161kola Jarom\u011b\u0159 - Josefov\" \/>\n<meta property=\"og:description\" content=\"\u0160koln\u00ed \u0159\u00e1d a dal\u0161\u00ed d\u016fle\u017eit\u00e9 dokumenty Vnitr\u030cni\u0301 r\u030ca\u0301d s\u030ckolni\u0301 druz\u030ciny 2025-2026 \u0160koln\u00ed \u0159\u00e1d 2025-2026 Klasifika\u010dn\u00ed \u0159\u00e1d Preventivn\u00ed program rizikov\u00e9ho chov\u00e1n\u00ed 2025-2026 &#8211; pro rodi\u010de a \u017e\u00e1ky Pr\u016fvodce Pro Rodi\u010de &#8211; Program proti \u0161ikan\u011b KiVa\" \/>\n<meta property=\"og:url\" content=\"https:\/\/zsjosefov.cz\/?page_id=685\" \/>\n<meta property=\"og:site_name\" content=\"Z\u00e1kladn\u00ed \u0161kola Jarom\u011b\u0159 - Josefov\" \/>\n<meta property=\"article:modified_time\" content=\"2026-02-16T11:24:24+00:00\" \/>\n<meta name=\"twitter:card\" content=\"summary_large_image\" \/>\n<meta name=\"twitter:label1\" content=\"Odhadovan\u00e1 doba \u010dten\u00ed\" \/>\n\t<meta name=\"twitter:data1\" content=\"1 minuta\" \/>\n<script type=\"application\/ld+json\" class=\"yoast-schema-graph\">{\"@context\":\"https:\/\/schema.org\",\"@graph\":[{\"@type\":\"WebPage\",\"@id\":\"https:\/\/zsjosefov.cz\/?page_id=685\",\"url\":\"https:\/\/zsjosefov.cz\/?page_id=685\",\"name\":\"\u0160koln\u00ed \u0159\u00e1d a dal\u0161\u00ed dokumenty - Z\u00e1kladn\u00ed \u0161kola Jarom\u011b\u0159 - Josefov\",\"isPartOf\":{\"@id\":\"https:\/\/dev.zsjosefov.cz\/#website\"},\"datePublished\":\"2024-06-10T16:23:03+00:00\",\"dateModified\":\"2026-02-16T11:24:24+00:00\",\"breadcrumb\":{\"@id\":\"https:\/\/zsjosefov.cz\/?page_id=685#breadcrumb\"},\"inLanguage\":\"cs\",\"potentialAction\":[{\"@type\":\"ReadAction\",\"target\":[\"https:\/\/zsjosefov.cz\/?page_id=685\"]}]},{\"@type\":\"BreadcrumbList\",\"@id\":\"https:\/\/zsjosefov.cz\/?page_id=685#breadcrumb\",\"itemListElement\":[{\"@type\":\"ListItem\",\"position\":1,\"name\":\"Dom\u016f\",\"item\":\"https:\/\/zsjosefov.cz\/\"},{\"@type\":\"ListItem\",\"position\":2,\"name\":\"\u0160koln\u00ed \u0159\u00e1d a dal\u0161\u00ed dokumenty\"}]},{\"@type\":\"WebSite\",\"@id\":\"https:\/\/dev.zsjosefov.cz\/#website\",\"url\":\"https:\/\/dev.zsjosefov.cz\/\",\"name\":\"Z\u00e1kladn\u00ed \u0161kola Jarom\u011b\u0159 - Josefov\",\"description\":\"\",\"potentialAction\":[{\"@type\":\"SearchAction\",\"target\":{\"@type\":\"EntryPoint\",\"urlTemplate\":\"https:\/\/dev.zsjosefov.cz\/?s={search_term_string}\"},\"query-input\":{\"@type\":\"PropertyValueSpecification\",\"valueRequired\":true,\"valueName\":\"search_term_string\"}}],\"inLanguage\":\"cs\"}]}<\/script>\n<!-- \/ Yoast SEO plugin. -->","yoast_head_json":{"title":"\u0160koln\u00ed \u0159\u00e1d a dal\u0161\u00ed dokumenty - Z\u00e1kladn\u00ed \u0161kola Jarom\u011b\u0159 - Josefov","robots":{"index":"index","follow":"follow","max-snippet":"max-snippet:-1","max-image-preview":"max-image-preview:large","max-video-preview":"max-video-preview:-1"},"canonical":"https:\/\/zsjosefov.cz\/?page_id=685","og_locale":"cs_CZ","og_type":"article","og_title":"\u0160koln\u00ed \u0159\u00e1d a dal\u0161\u00ed dokumenty - Z\u00e1kladn\u00ed \u0161kola Jarom\u011b\u0159 - Josefov","og_description":"\u0160koln\u00ed \u0159\u00e1d a dal\u0161\u00ed d\u016fle\u017eit\u00e9 dokumenty Vnitr\u030cni\u0301 r\u030ca\u0301d s\u030ckolni\u0301 druz\u030ciny 2025-2026 \u0160koln\u00ed \u0159\u00e1d 2025-2026 Klasifika\u010dn\u00ed \u0159\u00e1d Preventivn\u00ed program rizikov\u00e9ho chov\u00e1n\u00ed 2025-2026 &#8211; pro rodi\u010de a \u017e\u00e1ky Pr\u016fvodce Pro Rodi\u010de &#8211; Program proti \u0161ikan\u011b KiVa","og_url":"https:\/\/zsjosefov.cz\/?page_id=685","og_site_name":"Z\u00e1kladn\u00ed \u0161kola Jarom\u011b\u0159 - Josefov","article_modified_time":"2026-02-16T11:24:24+00:00","twitter_card":"summary_large_image","twitter_misc":{"Odhadovan\u00e1 doba \u010dten\u00ed":"1 minuta"},"schema":{"@context":"https:\/\/schema.org","@graph":[{"@type":"WebPage","@id":"https:\/\/zsjosefov.cz\/?page_id=685","url":"https:\/\/zsjosefov.cz\/?page_id=685","name":"\u0160koln\u00ed \u0159\u00e1d a dal\u0161\u00ed dokumenty - Z\u00e1kladn\u00ed \u0161kola Jarom\u011b\u0159 - Josefov","isPartOf":{"@id":"https:\/\/dev.zsjosefov.cz\/#website"},"datePublished":"2024-06-10T16:23:03+00:00","dateModified":"2026-02-16T11:24:24+00:00","breadcrumb":{"@id":"https:\/\/zsjosefov.cz\/?page_id=685#breadcrumb"},"inLanguage":"cs","potentialAction":[{"@type":"ReadAction","target":["https:\/\/zsjosefov.cz\/?page_id=685"]}]},{"@type":"BreadcrumbList","@id":"https:\/\/zsjosefov.cz\/?page_id=685#breadcrumb","itemListElement":[{"@type":"ListItem","position":1,"name":"Dom\u016f","item":"https:\/\/zsjosefov.cz\/"},{"@type":"ListItem","position":2,"name":"\u0160koln\u00ed \u0159\u00e1d a dal\u0161\u00ed dokumenty"}]},{"@type":"WebSite","@id":"https:\/\/dev.zsjosefov.cz\/#website","url":"https:\/\/dev.zsjosefov.cz\/","name":"Z\u00e1kladn\u00ed \u0161kola Jarom\u011b\u0159 - Josefov","description":"","potentialAction":[{"@type":"SearchAction","target":{"@type":"EntryPoint","urlTemplate":"https:\/\/dev.zsjosefov.cz\/?s={search_term_string}"},"query-input":{"@type":"PropertyValueSpecification","valueRequired":true,"valueName":"search_term_string"}}],"inLanguage":"cs"}]}},"_links":{"self":[{"href":"https:\/\/zsjosefov.cz\/index.php?rest_route=\/wp\/v2\/pages\/685","targetHints":{"allow":["GET"]}}],"collection":[{"href":"https:\/\/zsjosefov.cz\/index.php?rest_route=\/wp\/v2\/pages"}],"about":[{"href":"https:\/\/zsjosefov.cz\/index.php?rest_route=\/wp\/v2\/types\/page"}],"author":[{"embeddable":true,"href":"https:\/\/zsjosefov.cz\/index.php?rest_route=\/wp\/v2\/users\/1"}],"replies":[{"embeddable":true,"href":"https:\/\/zsjosefov.cz\/index.php?rest_route=%2Fwp%2Fv2%2Fcomments&post=685"}],"version-history":[{"count":50,"href":"https:\/\/zsjosefov.cz\/index.php?rest_route=\/wp\/v2\/pages\/685\/revisions"}],"predecessor-version":[{"id":1879,"href":"https:\/\/zsjosefov.cz\/index.php?rest_route=\/wp\/v2\/pages\/685\/revisions\/1879"}],"wp:attachment":[{"href":"https:\/\/zsjosefov.cz\/index.php?rest_route=%2Fwp%2Fv2%2Fmedia&parent=685"}],"curies":[{"name":"wp","href":"https:\/\/api.w.org\/{rel}","templated":true}]}}