{"id":681,"date":"2024-06-10T18:22:35","date_gmt":"2024-06-10T16:22:35","guid":{"rendered":"https:\/\/zsjosefov.cz\/?page_id=681"},"modified":"2026-02-03T09:22:55","modified_gmt":"2026-02-03T08:22:55","slug":"vedeni-skoly","status":"publish","type":"page","link":"https:\/\/zsjosefov.cz\/?page_id=681","title":{"rendered":"Veden\u00ed \u0161koly"},"content":{"rendered":"\t\t<div data-elementor-type=\"wp-page\" data-elementor-id=\"681\" class=\"elementor elementor-681\">\n\t\t\t\t<div class=\"elementor-element elementor-element-ebde9b2 e-flex e-con-boxed e-con e-parent\" data-id=\"ebde9b2\" data-element_type=\"container\">\n\t\t\t\t\t<div class=\"e-con-inner\">\n\t\t\t\t<div class=\"elementor-element elementor-element-d47792a elementor-widget elementor-widget-text-editor\" data-id=\"d47792a\" data-element_type=\"widget\" data-widget_type=\"text-editor.default\">\n\t\t\t\t<div class=\"elementor-widget-container\">\n\t\t\t\t\t\t\t\t\t<p style=\"text-align: center;\"><strong>Z\u00e1kladn\u00ed \u0161kola Jarom\u011b\u0159- Josefov<\/strong><br \/><strong>Vod\u00e1rensk\u00e1 370, 551 02 Jarom\u011b\u0159<\/strong><br \/><strong>tel.: 491 813 145<\/strong><\/p><p style=\"text-align: center;\"><strong>Datov\u00e1 schr\u00e1nka: 4fjmm2b<\/strong><br \/><strong>e-mail: <a href=\"mailto:josefovska.zs@tiscali.cz\">josefovska.zs@tiscali.cz<\/a><\/strong><\/p><p>\u0159editel: Mgr. Luk\u00e1\u0161 Zv\u011b\u0159ina <a href=\"mailto:lukas.zverina@zsjosefov.cz\">lukas.zverina@zsjosefov.cz<\/a>, 491 813 145<\/p><p>z\u00e1stupce \u0159editele: Mgr. Irena Kr\u00e1tk\u00e1 <a href=\"mailto:irena.kratka@zsjosefov.cz\">irena.kratka@zsjosefov.cz<\/a>, 491 813 145 \/ linka 22<\/p><p>ekonom &#8211; hospod\u00e1\u0159: \u0160\u00e1rka Kone\u010dn\u00e1 <a href=\"mailto:sarka.konecna@zsjosefov.cz\">sarka.konecna@zsjosefov.cz<\/a>, 491 813 145<\/p><p>\u0161koln\u00ed metodik prevence:<br \/>Mgr. Pavl\u00edna Kr\u00e1mov\u00e1 &#8211;\u00a0<a href=\"mailto:pavlina.kramova@zsjosefov.cz\">pavlina.kramova@zsjosefov.cz<\/a>, 491 813 145 \/ linka 32<\/p><p>\u0161koln\u00ed speci\u00e1ln\u00ed pedagog:<br \/>Bc. Edita Bu\u0159ilov\u00e1 &#8211;\u00a0<a href=\"mailto:edita.burilova@zsjosefov.cz\">edita.burilova@zsjosefov.cz<\/a>, 491 813 145 \/ linka 54\u00a0 \u00a0 \u00a0 \u00a0 \u00a0v\u00edce informac\u00ed <a href=\"https:\/\/zsjosefov.cz\/wp-content\/uploads\/2024\/09\/SPECped.docx\">zde<\/a><\/p><p>pov\u011b\u0159enec pro ochranu osobn\u00edch \u00fadaj\u016f:<br \/>Ing. Tom\u00e1\u0161 Stekl\u00fd &#8211;\u00a0<a href=\"mailto:tomas.stekly@seznam.cz\">tomas.stekly@seznam.cz<\/a>, 777 778 101<\/p>\t\t\t\t\t\t\t\t<\/div>\n\t\t\t\t<\/div>\n\t\t\t\t\t<\/div>\n\t\t\t\t<\/div>\n\t\t\t\t<\/div>\n\t\t","protected":false},"excerpt":{"rendered":"<p>Z\u00e1kladn\u00ed \u0161kola Jarom\u011b\u0159- JosefovVod\u00e1rensk\u00e1 370, 551 02 Jarom\u011b\u0159tel.: 491 813 145 Datov\u00e1 schr\u00e1nka: 4fjmm2be-mail: josefovska.zs@tiscali.cz \u0159editel: Mgr. Luk\u00e1\u0161 Zv\u011b\u0159ina lukas.zverina@zsjosefov.cz, 491 813 145 z\u00e1stupce \u0159editele: Mgr. Irena Kr\u00e1tk\u00e1 irena.kratka@zsjosefov.cz, 491 813 145 \/ linka 22 ekonom &#8211; hospod\u00e1\u0159: \u0160\u00e1rka Kone\u010dn\u00e1 sarka.konecna@zsjosefov.cz, 491 813 145 \u0161koln\u00ed metodik prevence:Mgr. Pavl\u00edna Kr\u00e1mov\u00e1 &#8211;\u00a0pavlina.kramova@zsjosefov.cz, 491 813 145 \/ linka [&hellip;]<\/p>\n","protected":false},"author":1,"featured_media":0,"parent":0,"menu_order":0,"comment_status":"closed","ping_status":"closed","template":"","meta":{"footnotes":""},"class_list":["post-681","page","type-page","status-publish","hentry"],"yoast_head":"<!-- This site is optimized with the Yoast SEO plugin v24.3 - https:\/\/yoast.com\/wordpress\/plugins\/seo\/ -->\n<title>Veden\u00ed \u0161koly - Z\u00e1kladn\u00ed \u0161kola Jarom\u011b\u0159 - Josefov<\/title>\n<meta name=\"robots\" content=\"index, follow, max-snippet:-1, max-image-preview:large, max-video-preview:-1\" \/>\n<link rel=\"canonical\" href=\"https:\/\/zsjosefov.cz\/?page_id=681\" \/>\n<meta property=\"og:locale\" content=\"cs_CZ\" \/>\n<meta property=\"og:type\" content=\"article\" \/>\n<meta property=\"og:title\" content=\"Veden\u00ed \u0161koly - Z\u00e1kladn\u00ed \u0161kola Jarom\u011b\u0159 - Josefov\" \/>\n<meta property=\"og:description\" content=\"Z\u00e1kladn\u00ed \u0161kola Jarom\u011b\u0159- JosefovVod\u00e1rensk\u00e1 370, 551 02 Jarom\u011b\u0159tel.: 491 813 145 Datov\u00e1 schr\u00e1nka: 4fjmm2be-mail: josefovska.zs@tiscali.cz \u0159editel: Mgr. Luk\u00e1\u0161 Zv\u011b\u0159ina lukas.zverina@zsjosefov.cz, 491 813 145 z\u00e1stupce \u0159editele: Mgr. Irena Kr\u00e1tk\u00e1 irena.kratka@zsjosefov.cz, 491 813 145 \/ linka 22 ekonom &#8211; hospod\u00e1\u0159: \u0160\u00e1rka Kone\u010dn\u00e1 sarka.konecna@zsjosefov.cz, 491 813 145 \u0161koln\u00ed metodik prevence:Mgr. Pavl\u00edna Kr\u00e1mov\u00e1 &#8211;\u00a0pavlina.kramova@zsjosefov.cz, 491 813 145 \/ linka [&hellip;]\" \/>\n<meta property=\"og:url\" content=\"https:\/\/zsjosefov.cz\/?page_id=681\" \/>\n<meta property=\"og:site_name\" content=\"Z\u00e1kladn\u00ed \u0161kola Jarom\u011b\u0159 - Josefov\" \/>\n<meta property=\"article:modified_time\" content=\"2026-02-03T08:22:55+00:00\" \/>\n<meta name=\"twitter:card\" content=\"summary_large_image\" \/>\n<meta name=\"twitter:label1\" content=\"Odhadovan\u00e1 doba \u010dten\u00ed\" \/>\n\t<meta name=\"twitter:data1\" content=\"1 minuta\" \/>\n<script type=\"application\/ld+json\" class=\"yoast-schema-graph\">{\"@context\":\"https:\/\/schema.org\",\"@graph\":[{\"@type\":\"WebPage\",\"@id\":\"https:\/\/zsjosefov.cz\/?page_id=681\",\"url\":\"https:\/\/zsjosefov.cz\/?page_id=681\",\"name\":\"Veden\u00ed \u0161koly - Z\u00e1kladn\u00ed \u0161kola Jarom\u011b\u0159 - Josefov\",\"isPartOf\":{\"@id\":\"https:\/\/dev.zsjosefov.cz\/#website\"},\"datePublished\":\"2024-06-10T16:22:35+00:00\",\"dateModified\":\"2026-02-03T08:22:55+00:00\",\"breadcrumb\":{\"@id\":\"https:\/\/zsjosefov.cz\/?page_id=681#breadcrumb\"},\"inLanguage\":\"cs\",\"potentialAction\":[{\"@type\":\"ReadAction\",\"target\":[\"https:\/\/zsjosefov.cz\/?page_id=681\"]}]},{\"@type\":\"BreadcrumbList\",\"@id\":\"https:\/\/zsjosefov.cz\/?page_id=681#breadcrumb\",\"itemListElement\":[{\"@type\":\"ListItem\",\"position\":1,\"name\":\"Dom\u016f\",\"item\":\"https:\/\/zsjosefov.cz\/\"},{\"@type\":\"ListItem\",\"position\":2,\"name\":\"Veden\u00ed \u0161koly\"}]},{\"@type\":\"WebSite\",\"@id\":\"https:\/\/dev.zsjosefov.cz\/#website\",\"url\":\"https:\/\/dev.zsjosefov.cz\/\",\"name\":\"Z\u00e1kladn\u00ed \u0161kola Jarom\u011b\u0159 - Josefov\",\"description\":\"\",\"potentialAction\":[{\"@type\":\"SearchAction\",\"target\":{\"@type\":\"EntryPoint\",\"urlTemplate\":\"https:\/\/dev.zsjosefov.cz\/?s={search_term_string}\"},\"query-input\":{\"@type\":\"PropertyValueSpecification\",\"valueRequired\":true,\"valueName\":\"search_term_string\"}}],\"inLanguage\":\"cs\"}]}<\/script>\n<!-- \/ Yoast SEO plugin. -->","yoast_head_json":{"title":"Veden\u00ed \u0161koly - Z\u00e1kladn\u00ed \u0161kola Jarom\u011b\u0159 - Josefov","robots":{"index":"index","follow":"follow","max-snippet":"max-snippet:-1","max-image-preview":"max-image-preview:large","max-video-preview":"max-video-preview:-1"},"canonical":"https:\/\/zsjosefov.cz\/?page_id=681","og_locale":"cs_CZ","og_type":"article","og_title":"Veden\u00ed \u0161koly - Z\u00e1kladn\u00ed \u0161kola Jarom\u011b\u0159 - Josefov","og_description":"Z\u00e1kladn\u00ed \u0161kola Jarom\u011b\u0159- JosefovVod\u00e1rensk\u00e1 370, 551 02 Jarom\u011b\u0159tel.: 491 813 145 Datov\u00e1 schr\u00e1nka: 4fjmm2be-mail: josefovska.zs@tiscali.cz \u0159editel: Mgr. Luk\u00e1\u0161 Zv\u011b\u0159ina lukas.zverina@zsjosefov.cz, 491 813 145 z\u00e1stupce \u0159editele: Mgr. Irena Kr\u00e1tk\u00e1 irena.kratka@zsjosefov.cz, 491 813 145 \/ linka 22 ekonom &#8211; hospod\u00e1\u0159: \u0160\u00e1rka Kone\u010dn\u00e1 sarka.konecna@zsjosefov.cz, 491 813 145 \u0161koln\u00ed metodik prevence:Mgr. Pavl\u00edna Kr\u00e1mov\u00e1 &#8211;\u00a0pavlina.kramova@zsjosefov.cz, 491 813 145 \/ linka [&hellip;]","og_url":"https:\/\/zsjosefov.cz\/?page_id=681","og_site_name":"Z\u00e1kladn\u00ed \u0161kola Jarom\u011b\u0159 - Josefov","article_modified_time":"2026-02-03T08:22:55+00:00","twitter_card":"summary_large_image","twitter_misc":{"Odhadovan\u00e1 doba \u010dten\u00ed":"1 minuta"},"schema":{"@context":"https:\/\/schema.org","@graph":[{"@type":"WebPage","@id":"https:\/\/zsjosefov.cz\/?page_id=681","url":"https:\/\/zsjosefov.cz\/?page_id=681","name":"Veden\u00ed \u0161koly - Z\u00e1kladn\u00ed \u0161kola Jarom\u011b\u0159 - Josefov","isPartOf":{"@id":"https:\/\/dev.zsjosefov.cz\/#website"},"datePublished":"2024-06-10T16:22:35+00:00","dateModified":"2026-02-03T08:22:55+00:00","breadcrumb":{"@id":"https:\/\/zsjosefov.cz\/?page_id=681#breadcrumb"},"inLanguage":"cs","potentialAction":[{"@type":"ReadAction","target":["https:\/\/zsjosefov.cz\/?page_id=681"]}]},{"@type":"BreadcrumbList","@id":"https:\/\/zsjosefov.cz\/?page_id=681#breadcrumb","itemListElement":[{"@type":"ListItem","position":1,"name":"Dom\u016f","item":"https:\/\/zsjosefov.cz\/"},{"@type":"ListItem","position":2,"name":"Veden\u00ed \u0161koly"}]},{"@type":"WebSite","@id":"https:\/\/dev.zsjosefov.cz\/#website","url":"https:\/\/dev.zsjosefov.cz\/","name":"Z\u00e1kladn\u00ed \u0161kola Jarom\u011b\u0159 - Josefov","description":"","potentialAction":[{"@type":"SearchAction","target":{"@type":"EntryPoint","urlTemplate":"https:\/\/dev.zsjosefov.cz\/?s={search_term_string}"},"query-input":{"@type":"PropertyValueSpecification","valueRequired":true,"valueName":"search_term_string"}}],"inLanguage":"cs"}]}},"_links":{"self":[{"href":"https:\/\/zsjosefov.cz\/index.php?rest_route=\/wp\/v2\/pages\/681","targetHints":{"allow":["GET"]}}],"collection":[{"href":"https:\/\/zsjosefov.cz\/index.php?rest_route=\/wp\/v2\/pages"}],"about":[{"href":"https:\/\/zsjosefov.cz\/index.php?rest_route=\/wp\/v2\/types\/page"}],"author":[{"embeddable":true,"href":"https:\/\/zsjosefov.cz\/index.php?rest_route=\/wp\/v2\/users\/1"}],"replies":[{"embeddable":true,"href":"https:\/\/zsjosefov.cz\/index.php?rest_route=%2Fwp%2Fv2%2Fcomments&post=681"}],"version-history":[{"count":13,"href":"https:\/\/zsjosefov.cz\/index.php?rest_route=\/wp\/v2\/pages\/681\/revisions"}],"predecessor-version":[{"id":1865,"href":"https:\/\/zsjosefov.cz\/index.php?rest_route=\/wp\/v2\/pages\/681\/revisions\/1865"}],"wp:attachment":[{"href":"https:\/\/zsjosefov.cz\/index.php?rest_route=%2Fwp%2Fv2%2Fmedia&parent=681"}],"curies":[{"name":"wp","href":"https:\/\/api.w.org\/{rel}","templated":true}]}}