{"id":426,"date":"2024-05-19T10:26:31","date_gmt":"2024-05-19T08:26:31","guid":{"rendered":"https:\/\/zsjosefov.cz\/?page_id=426"},"modified":"2024-11-28T07:30:09","modified_gmt":"2024-11-28T06:30:09","slug":"o-skole","status":"publish","type":"page","link":"https:\/\/zsjosefov.cz\/?page_id=426","title":{"rendered":"O \u0161kole"},"content":{"rendered":"\t\t<div data-elementor-type=\"wp-page\" data-elementor-id=\"426\" class=\"elementor elementor-426\">\n\t\t\t\t<div class=\"elementor-element elementor-element-7c86b0d e-flex e-con-boxed e-con e-parent\" data-id=\"7c86b0d\" data-element_type=\"container\">\n\t\t\t\t\t<div class=\"e-con-inner\">\n\t\t\t\t<div class=\"elementor-element elementor-element-101bb8c elementor-widget elementor-widget-heading\" data-id=\"101bb8c\" data-element_type=\"widget\" data-widget_type=\"heading.default\">\n\t\t\t\t<div class=\"elementor-widget-container\">\n\t\t\t\t\t<h2 class=\"elementor-heading-title elementor-size-default\">O \u0160KOLE<\/h2>\t\t\t\t<\/div>\n\t\t\t\t<\/div>\n\t\t\t\t<div class=\"elementor-element elementor-element-0e0a19d elementor-widget elementor-widget-text-editor\" data-id=\"0e0a19d\" data-element_type=\"widget\" data-widget_type=\"text-editor.default\">\n\t\t\t\t<div class=\"elementor-widget-container\">\n\t\t\t\t\t\t\t\t\t<h2>\u00a0<\/h2><div class=\"anotace\">\u00a0<\/div><div class=\"text\"><table border=\"0\"><tbody><tr class=\"font-weight-bold\"><td>\u0159editel:<\/td><td>Mgr. Luk\u00e1\u0161 Zv\u011b\u0159ina<\/td><\/tr><tr class=\"font-weight-bold\"><td>z\u00e1stupce \u0159editele:<\/td><td>Mgr. Irena Kr\u00e1tk\u00e1<\/td><\/tr><tr class=\"font-weight-bold\"><td>ekonom &#8211; hospod\u00e1\u0159:<\/td><td>\u0160\u00e1rka Kone\u010dn\u00e1<\/td><\/tr><tr class=\"font-weight-bold\"><td>v\u00fdchovn\u00e1 poradkyn\u011b a \u0161koln\u00ed metodi\u010dka prevence:<\/td><td>Mgr. Pavl\u00edna Kr\u00e1mov\u00e1<\/td><\/tr><tr class=\"font-weight-bold\"><td>\u0161koln\u00ed speci\u00e1ln\u00ed pedagog:<\/td><td>Bc. Edita Bu\u0159ilov\u00e1<\/td><\/tr><tr><td colspan=\"2\">(kancel\u00e1\u0159 &#8211; \u00fa\u0159edn\u00ed hodiny: Po &#8211; \u010ct\u00a0 8:00 &#8211; 12:00,\u00a0 P\u00e1\u00a0 7:30 &#8211; 10:00)<\/td><\/tr><\/tbody><\/table><p><strong>Datov\u00e1 schr\u00e1nka: 4fjmm2b<\/strong><\/p><p><strong>I\u010cO: 709\u00a0320 85<\/strong><\/p><p class=\"font-weight-bold\">KOMPLEX BUDOV<\/p><p>jednopatrov\u00e1 budova\u00a0 I. stupn\u011b\u00a0 (9 t\u0159\u00edd + sborovna I. stupn\u011b)<\/p><p>dvoupatrov\u00e1\u00a0budova \u00a0II. stupn\u011b (9 t\u0159\u00edd, 6 odborn\u00fdch u\u010deben + sborovna II. stupn\u011b)<\/p><p>spojovac\u00ed chodba &#8211; t\u0159i t\u0159\u00eddy \u0161koln\u00ed dru\u017einy<\/p><p>dv\u011b t\u011blocvi\u010dny<\/p><p>\u0161koln\u00ed cvi\u010dn\u00e1 kuchyn\u011b, po\u010d\u00edta\u010dov\u00e1 u\u010debna<\/p><p>d\u00edlna<\/p><p class=\"font-weight-bold\">DAL\u0160\u00cd SOU\u010c\u00c1STI \u0160KOLN\u00cdHO ARE\u00c1LU<\/p><p>\u0161koln\u00ed h\u0159i\u0161t\u011b &#8211; kde se konaj\u00ed jednor\u00e1zov\u00e9 akce (cvi\u010den\u00ed POLICIE \u010cR, HASI\u010cI \u010cR, atd.)<\/p><p>\u0161koln\u00ed j\u00eddelna se z\u00e1zem\u00edm<\/p><p>p\u0159\u00edrodn\u00ed u\u010debna<\/p><p>pitn\u00fd automat<\/p><p class=\"font-weight-bold\">ODBORN\u00c9 PRACOVNY<\/p><p>u\u010debny: chemie, fyziky (multimedi\u00e1ln\u00ed), hudebn\u00ed v\u00fdchovy, v\u00fdtvarn\u00e9 v\u00fdchovy, p\u0159\u00edrodopisu<\/p><p>jazykov\u00e9 u\u010debny: anglick\u00e9ho a rusk\u00e9ho jazyka<\/p><p>volno\u010dasov\u00e1 m\u00edstnost s interaktivn\u00ed tabul\u00ed<\/p><p>\u0161koln\u00ed d\u00edlna, keramick\u00e1 d\u00edlna s vypalovac\u00ed pec\u00ed<\/p><p>po\u010d\u00edta\u010dov\u00e1 u\u010debna<\/p><p>\u0161koln\u00ed cvi\u010dn\u00e1 kuchyn\u011b<\/p><p>\u017e\u00e1kovsk\u00e1 knihovna<\/p><p>\u0161koln\u00ed dru\u017einy I., II., III. \u00a0(celkov\u00e1 kapacita 99 d\u011bt\u00ed)<\/p><\/div>\t\t\t\t\t\t\t\t<\/div>\n\t\t\t\t<\/div>\n\t\t\t\t\t<\/div>\n\t\t\t\t<\/div>\n\t\t\t\t<\/div>\n\t\t","protected":false},"excerpt":{"rendered":"<p>O \u0160KOLE \u00a0 \u00a0 \u0159editel: Mgr. Luk\u00e1\u0161 Zv\u011b\u0159ina z\u00e1stupce \u0159editele: Mgr. Irena Kr\u00e1tk\u00e1 ekonom &#8211; hospod\u00e1\u0159: \u0160\u00e1rka Kone\u010dn\u00e1 v\u00fdchovn\u00e1 poradkyn\u011b a \u0161koln\u00ed metodi\u010dka prevence: Mgr. Pavl\u00edna Kr\u00e1mov\u00e1 \u0161koln\u00ed speci\u00e1ln\u00ed pedagog: Bc. Edita Bu\u0159ilov\u00e1 (kancel\u00e1\u0159 &#8211; \u00fa\u0159edn\u00ed hodiny: Po &#8211; \u010ct\u00a0 8:00 &#8211; 12:00,\u00a0 P\u00e1\u00a0 7:30 &#8211; 10:00) Datov\u00e1 schr\u00e1nka: 4fjmm2b I\u010cO: 709\u00a0320 85 KOMPLEX BUDOV [&hellip;]<\/p>\n","protected":false},"author":1,"featured_media":0,"parent":0,"menu_order":0,"comment_status":"closed","ping_status":"closed","template":"","meta":{"footnotes":""},"class_list":["post-426","page","type-page","status-publish","hentry"],"yoast_head":"<!-- This site is optimized with the Yoast SEO plugin v24.3 - https:\/\/yoast.com\/wordpress\/plugins\/seo\/ -->\n<title>O \u0161kole - Z\u00e1kladn\u00ed \u0161kola Jarom\u011b\u0159 - Josefov<\/title>\n<meta name=\"robots\" content=\"index, follow, max-snippet:-1, max-image-preview:large, max-video-preview:-1\" \/>\n<link rel=\"canonical\" href=\"https:\/\/zsjosefov.cz\/?page_id=426\" \/>\n<meta property=\"og:locale\" content=\"cs_CZ\" \/>\n<meta property=\"og:type\" content=\"article\" \/>\n<meta property=\"og:title\" content=\"O \u0161kole - Z\u00e1kladn\u00ed \u0161kola Jarom\u011b\u0159 - Josefov\" \/>\n<meta property=\"og:description\" content=\"O \u0160KOLE \u00a0 \u00a0 \u0159editel: Mgr. Luk\u00e1\u0161 Zv\u011b\u0159ina z\u00e1stupce \u0159editele: Mgr. Irena Kr\u00e1tk\u00e1 ekonom &#8211; hospod\u00e1\u0159: \u0160\u00e1rka Kone\u010dn\u00e1 v\u00fdchovn\u00e1 poradkyn\u011b a \u0161koln\u00ed metodi\u010dka prevence: Mgr. Pavl\u00edna Kr\u00e1mov\u00e1 \u0161koln\u00ed speci\u00e1ln\u00ed pedagog: Bc. Edita Bu\u0159ilov\u00e1 (kancel\u00e1\u0159 &#8211; \u00fa\u0159edn\u00ed hodiny: Po &#8211; \u010ct\u00a0 8:00 &#8211; 12:00,\u00a0 P\u00e1\u00a0 7:30 &#8211; 10:00) Datov\u00e1 schr\u00e1nka: 4fjmm2b I\u010cO: 709\u00a0320 85 KOMPLEX BUDOV [&hellip;]\" \/>\n<meta property=\"og:url\" content=\"https:\/\/zsjosefov.cz\/?page_id=426\" \/>\n<meta property=\"og:site_name\" content=\"Z\u00e1kladn\u00ed \u0161kola Jarom\u011b\u0159 - Josefov\" \/>\n<meta property=\"article:modified_time\" content=\"2024-11-28T06:30:09+00:00\" \/>\n<meta name=\"twitter:card\" content=\"summary_large_image\" \/>\n<meta name=\"twitter:label1\" content=\"Odhadovan\u00e1 doba \u010dten\u00ed\" \/>\n\t<meta name=\"twitter:data1\" content=\"1 minuta\" \/>\n<script type=\"application\/ld+json\" class=\"yoast-schema-graph\">{\"@context\":\"https:\/\/schema.org\",\"@graph\":[{\"@type\":\"WebPage\",\"@id\":\"https:\/\/zsjosefov.cz\/?page_id=426\",\"url\":\"https:\/\/zsjosefov.cz\/?page_id=426\",\"name\":\"O \u0161kole - Z\u00e1kladn\u00ed \u0161kola Jarom\u011b\u0159 - Josefov\",\"isPartOf\":{\"@id\":\"https:\/\/dev.zsjosefov.cz\/#website\"},\"datePublished\":\"2024-05-19T08:26:31+00:00\",\"dateModified\":\"2024-11-28T06:30:09+00:00\",\"breadcrumb\":{\"@id\":\"https:\/\/zsjosefov.cz\/?page_id=426#breadcrumb\"},\"inLanguage\":\"cs\",\"potentialAction\":[{\"@type\":\"ReadAction\",\"target\":[\"https:\/\/zsjosefov.cz\/?page_id=426\"]}]},{\"@type\":\"BreadcrumbList\",\"@id\":\"https:\/\/zsjosefov.cz\/?page_id=426#breadcrumb\",\"itemListElement\":[{\"@type\":\"ListItem\",\"position\":1,\"name\":\"Dom\u016f\",\"item\":\"https:\/\/zsjosefov.cz\/\"},{\"@type\":\"ListItem\",\"position\":2,\"name\":\"O \u0161kole\"}]},{\"@type\":\"WebSite\",\"@id\":\"https:\/\/dev.zsjosefov.cz\/#website\",\"url\":\"https:\/\/dev.zsjosefov.cz\/\",\"name\":\"Z\u00e1kladn\u00ed \u0161kola Jarom\u011b\u0159 - Josefov\",\"description\":\"\",\"potentialAction\":[{\"@type\":\"SearchAction\",\"target\":{\"@type\":\"EntryPoint\",\"urlTemplate\":\"https:\/\/dev.zsjosefov.cz\/?s={search_term_string}\"},\"query-input\":{\"@type\":\"PropertyValueSpecification\",\"valueRequired\":true,\"valueName\":\"search_term_string\"}}],\"inLanguage\":\"cs\"}]}<\/script>\n<!-- \/ Yoast SEO plugin. -->","yoast_head_json":{"title":"O \u0161kole - Z\u00e1kladn\u00ed \u0161kola Jarom\u011b\u0159 - Josefov","robots":{"index":"index","follow":"follow","max-snippet":"max-snippet:-1","max-image-preview":"max-image-preview:large","max-video-preview":"max-video-preview:-1"},"canonical":"https:\/\/zsjosefov.cz\/?page_id=426","og_locale":"cs_CZ","og_type":"article","og_title":"O \u0161kole - Z\u00e1kladn\u00ed \u0161kola Jarom\u011b\u0159 - Josefov","og_description":"O \u0160KOLE \u00a0 \u00a0 \u0159editel: Mgr. Luk\u00e1\u0161 Zv\u011b\u0159ina z\u00e1stupce \u0159editele: Mgr. Irena Kr\u00e1tk\u00e1 ekonom &#8211; hospod\u00e1\u0159: \u0160\u00e1rka Kone\u010dn\u00e1 v\u00fdchovn\u00e1 poradkyn\u011b a \u0161koln\u00ed metodi\u010dka prevence: Mgr. Pavl\u00edna Kr\u00e1mov\u00e1 \u0161koln\u00ed speci\u00e1ln\u00ed pedagog: Bc. Edita Bu\u0159ilov\u00e1 (kancel\u00e1\u0159 &#8211; \u00fa\u0159edn\u00ed hodiny: Po &#8211; \u010ct\u00a0 8:00 &#8211; 12:00,\u00a0 P\u00e1\u00a0 7:30 &#8211; 10:00) Datov\u00e1 schr\u00e1nka: 4fjmm2b I\u010cO: 709\u00a0320 85 KOMPLEX BUDOV [&hellip;]","og_url":"https:\/\/zsjosefov.cz\/?page_id=426","og_site_name":"Z\u00e1kladn\u00ed \u0161kola Jarom\u011b\u0159 - Josefov","article_modified_time":"2024-11-28T06:30:09+00:00","twitter_card":"summary_large_image","twitter_misc":{"Odhadovan\u00e1 doba \u010dten\u00ed":"1 minuta"},"schema":{"@context":"https:\/\/schema.org","@graph":[{"@type":"WebPage","@id":"https:\/\/zsjosefov.cz\/?page_id=426","url":"https:\/\/zsjosefov.cz\/?page_id=426","name":"O \u0161kole - Z\u00e1kladn\u00ed \u0161kola Jarom\u011b\u0159 - Josefov","isPartOf":{"@id":"https:\/\/dev.zsjosefov.cz\/#website"},"datePublished":"2024-05-19T08:26:31+00:00","dateModified":"2024-11-28T06:30:09+00:00","breadcrumb":{"@id":"https:\/\/zsjosefov.cz\/?page_id=426#breadcrumb"},"inLanguage":"cs","potentialAction":[{"@type":"ReadAction","target":["https:\/\/zsjosefov.cz\/?page_id=426"]}]},{"@type":"BreadcrumbList","@id":"https:\/\/zsjosefov.cz\/?page_id=426#breadcrumb","itemListElement":[{"@type":"ListItem","position":1,"name":"Dom\u016f","item":"https:\/\/zsjosefov.cz\/"},{"@type":"ListItem","position":2,"name":"O \u0161kole"}]},{"@type":"WebSite","@id":"https:\/\/dev.zsjosefov.cz\/#website","url":"https:\/\/dev.zsjosefov.cz\/","name":"Z\u00e1kladn\u00ed \u0161kola Jarom\u011b\u0159 - Josefov","description":"","potentialAction":[{"@type":"SearchAction","target":{"@type":"EntryPoint","urlTemplate":"https:\/\/dev.zsjosefov.cz\/?s={search_term_string}"},"query-input":{"@type":"PropertyValueSpecification","valueRequired":true,"valueName":"search_term_string"}}],"inLanguage":"cs"}]}},"_links":{"self":[{"href":"https:\/\/zsjosefov.cz\/index.php?rest_route=\/wp\/v2\/pages\/426","targetHints":{"allow":["GET"]}}],"collection":[{"href":"https:\/\/zsjosefov.cz\/index.php?rest_route=\/wp\/v2\/pages"}],"about":[{"href":"https:\/\/zsjosefov.cz\/index.php?rest_route=\/wp\/v2\/types\/page"}],"author":[{"embeddable":true,"href":"https:\/\/zsjosefov.cz\/index.php?rest_route=\/wp\/v2\/users\/1"}],"replies":[{"embeddable":true,"href":"https:\/\/zsjosefov.cz\/index.php?rest_route=%2Fwp%2Fv2%2Fcomments&post=426"}],"version-history":[{"count":31,"href":"https:\/\/zsjosefov.cz\/index.php?rest_route=\/wp\/v2\/pages\/426\/revisions"}],"predecessor-version":[{"id":1272,"href":"https:\/\/zsjosefov.cz\/index.php?rest_route=\/wp\/v2\/pages\/426\/revisions\/1272"}],"wp:attachment":[{"href":"https:\/\/zsjosefov.cz\/index.php?rest_route=%2Fwp%2Fv2%2Fmedia&parent=426"}],"curies":[{"name":"wp","href":"https:\/\/api.w.org\/{rel}","templated":true}]}}