{"id":1904,"date":"2026-03-19T10:11:11","date_gmt":"2026-03-19T09:11:11","guid":{"rendered":"https:\/\/zsjosefov.cz\/?page_id=1904"},"modified":"2026-04-01T14:10:01","modified_gmt":"2026-04-01T12:10:01","slug":"socialni-pedagog","status":"publish","type":"page","link":"https:\/\/zsjosefov.cz\/?page_id=1904","title":{"rendered":"Soci\u00e1ln\u00ed pedagog"},"content":{"rendered":"\t\t<div data-elementor-type=\"wp-page\" data-elementor-id=\"1904\" class=\"elementor elementor-1904\">\n\t\t\t\t<div class=\"elementor-element elementor-element-19e0c5f e-flex e-con-boxed e-con e-parent\" data-id=\"19e0c5f\" data-element_type=\"container\">\n\t\t\t\t\t<div class=\"e-con-inner\">\n\t\t\t\t<div class=\"elementor-element elementor-element-a8c5d4c elementor-widget elementor-widget-image\" data-id=\"a8c5d4c\" data-element_type=\"widget\" data-widget_type=\"image.default\">\n\t\t\t\t<div class=\"elementor-widget-container\">\n\t\t\t\t\t\t\t\t\t\t\t\t\t\t\t<img fetchpriority=\"high\" decoding=\"async\" width=\"761\" height=\"822\" src=\"https:\/\/zsjosefov.cz\/wp-content\/uploads\/2026\/03\/CM.jpg\" class=\"attachment-large size-large wp-image-1908\" alt=\"\" srcset=\"https:\/\/zsjosefov.cz\/wp-content\/uploads\/2026\/03\/CM.jpg 761w, https:\/\/zsjosefov.cz\/wp-content\/uploads\/2026\/03\/CM-278x300.jpg 278w\" sizes=\"(max-width: 761px) 100vw, 761px\" \/>\t\t\t\t\t\t\t\t\t\t\t\t\t\t\t<\/div>\n\t\t\t\t<\/div>\n\t\t\t\t\t<\/div>\n\t\t\t\t<\/div>\n\t\t<div class=\"elementor-element elementor-element-6b2c5e2 e-grid e-con-boxed e-con e-parent\" data-id=\"6b2c5e2\" data-element_type=\"container\">\n\t\t\t\t\t<div class=\"e-con-inner\">\n\t\t\t\t<div class=\"elementor-element elementor-element-eac0001 elementor-widget elementor-widget-image\" data-id=\"eac0001\" data-element_type=\"widget\" data-widget_type=\"image.default\">\n\t\t\t\t<div class=\"elementor-widget-container\">\n\t\t\t\t\t\t\t\t\t\t\t\t\t\t\t<img decoding=\"async\" width=\"647\" height=\"915\" src=\"https:\/\/zsjosefov.cz\/wp-content\/uploads\/2026\/04\/ohrozene1.jpg\" class=\"attachment-large size-large wp-image-1922\" alt=\"\" srcset=\"https:\/\/zsjosefov.cz\/wp-content\/uploads\/2026\/04\/ohrozene1.jpg 647w, https:\/\/zsjosefov.cz\/wp-content\/uploads\/2026\/04\/ohrozene1-212x300.jpg 212w\" sizes=\"(max-width: 647px) 100vw, 647px\" \/>\t\t\t\t\t\t\t\t\t\t\t\t\t\t\t<\/div>\n\t\t\t\t<\/div>\n\t\t\t\t<div class=\"elementor-element elementor-element-f3512ae elementor-widget elementor-widget-image\" data-id=\"f3512ae\" data-element_type=\"widget\" data-widget_type=\"image.default\">\n\t\t\t\t<div class=\"elementor-widget-container\">\n\t\t\t\t\t\t\t\t\t\t\t\t\t\t\t<img decoding=\"async\" width=\"645\" height=\"906\" src=\"https:\/\/zsjosefov.cz\/wp-content\/uploads\/2026\/04\/ohrozene2.jpg\" class=\"attachment-large size-large wp-image-1921\" alt=\"\" srcset=\"https:\/\/zsjosefov.cz\/wp-content\/uploads\/2026\/04\/ohrozene2.jpg 645w, https:\/\/zsjosefov.cz\/wp-content\/uploads\/2026\/04\/ohrozene2-214x300.jpg 214w\" sizes=\"(max-width: 645px) 100vw, 645px\" \/>\t\t\t\t\t\t\t\t\t\t\t\t\t\t\t<\/div>\n\t\t\t\t<\/div>\n\t\t\t\t<div class=\"elementor-element elementor-element-abfc211 elementor-widget elementor-widget-image\" data-id=\"abfc211\" data-element_type=\"widget\" data-widget_type=\"image.default\">\n\t\t\t\t<div class=\"elementor-widget-container\">\n\t\t\t\t\t\t\t\t\t\t\t\t\t\t\t<img loading=\"lazy\" decoding=\"async\" width=\"649\" height=\"896\" src=\"https:\/\/zsjosefov.cz\/wp-content\/uploads\/2026\/04\/ohrozene3.jpg\" class=\"attachment-large size-large wp-image-1920\" alt=\"\" srcset=\"https:\/\/zsjosefov.cz\/wp-content\/uploads\/2026\/04\/ohrozene3.jpg 649w, https:\/\/zsjosefov.cz\/wp-content\/uploads\/2026\/04\/ohrozene3-217x300.jpg 217w\" sizes=\"(max-width: 649px) 100vw, 649px\" \/>\t\t\t\t\t\t\t\t\t\t\t\t\t\t\t<\/div>\n\t\t\t\t<\/div>\n\t\t\t\t<div class=\"elementor-element elementor-element-2a4be68 elementor-widget elementor-widget-image\" data-id=\"2a4be68\" data-element_type=\"widget\" data-widget_type=\"image.default\">\n\t\t\t\t<div class=\"elementor-widget-container\">\n\t\t\t\t\t\t\t\t\t\t\t\t\t\t\t<img loading=\"lazy\" decoding=\"async\" width=\"651\" height=\"916\" src=\"https:\/\/zsjosefov.cz\/wp-content\/uploads\/2026\/04\/ohrozene4.jpg\" class=\"attachment-large size-large wp-image-1919\" alt=\"\" srcset=\"https:\/\/zsjosefov.cz\/wp-content\/uploads\/2026\/04\/ohrozene4.jpg 651w, https:\/\/zsjosefov.cz\/wp-content\/uploads\/2026\/04\/ohrozene4-213x300.jpg 213w\" sizes=\"(max-width: 651px) 100vw, 651px\" \/>\t\t\t\t\t\t\t\t\t\t\t\t\t\t\t<\/div>\n\t\t\t\t<\/div>\n\t\t\t\t<div class=\"elementor-element elementor-element-eeaaf4e elementor-widget elementor-widget-image\" data-id=\"eeaaf4e\" data-element_type=\"widget\" data-widget_type=\"image.default\">\n\t\t\t\t<div class=\"elementor-widget-container\">\n\t\t\t\t\t\t\t\t\t\t\t\t\t\t\t<img loading=\"lazy\" decoding=\"async\" width=\"647\" height=\"912\" src=\"https:\/\/zsjosefov.cz\/wp-content\/uploads\/2026\/04\/ohrozene5.jpg\" class=\"attachment-large size-large wp-image-1918\" alt=\"\" srcset=\"https:\/\/zsjosefov.cz\/wp-content\/uploads\/2026\/04\/ohrozene5.jpg 647w, https:\/\/zsjosefov.cz\/wp-content\/uploads\/2026\/04\/ohrozene5-213x300.jpg 213w\" sizes=\"(max-width: 647px) 100vw, 647px\" \/>\t\t\t\t\t\t\t\t\t\t\t\t\t\t\t<\/div>\n\t\t\t\t<\/div>\n\t\t\t\t<div class=\"elementor-element elementor-element-077b8d5 elementor-widget elementor-widget-image\" data-id=\"077b8d5\" data-element_type=\"widget\" data-widget_type=\"image.default\">\n\t\t\t\t<div class=\"elementor-widget-container\">\n\t\t\t\t\t\t\t\t\t\t\t\t\t\t\t<img loading=\"lazy\" decoding=\"async\" width=\"649\" height=\"891\" src=\"https:\/\/zsjosefov.cz\/wp-content\/uploads\/2026\/04\/ohrozene6.jpg\" class=\"attachment-large size-large wp-image-1917\" alt=\"\" srcset=\"https:\/\/zsjosefov.cz\/wp-content\/uploads\/2026\/04\/ohrozene6.jpg 649w, https:\/\/zsjosefov.cz\/wp-content\/uploads\/2026\/04\/ohrozene6-219x300.jpg 219w\" sizes=\"(max-width: 649px) 100vw, 649px\" \/>\t\t\t\t\t\t\t\t\t\t\t\t\t\t\t<\/div>\n\t\t\t\t<\/div>\n\t\t\t\t<div class=\"elementor-element elementor-element-7c1bbb5 elementor-widget elementor-widget-image\" data-id=\"7c1bbb5\" data-element_type=\"widget\" data-widget_type=\"image.default\">\n\t\t\t\t<div class=\"elementor-widget-container\">\n\t\t\t\t\t\t\t\t\t\t\t\t\t\t\t<img loading=\"lazy\" decoding=\"async\" width=\"647\" height=\"914\" src=\"https:\/\/zsjosefov.cz\/wp-content\/uploads\/2026\/04\/ohrozene7.jpg\" class=\"attachment-large size-large wp-image-1916\" alt=\"\" srcset=\"https:\/\/zsjosefov.cz\/wp-content\/uploads\/2026\/04\/ohrozene7.jpg 647w, https:\/\/zsjosefov.cz\/wp-content\/uploads\/2026\/04\/ohrozene7-212x300.jpg 212w\" sizes=\"(max-width: 647px) 100vw, 647px\" \/>\t\t\t\t\t\t\t\t\t\t\t\t\t\t\t<\/div>\n\t\t\t\t<\/div>\n\t\t\t\t<div class=\"elementor-element elementor-element-60f8946 elementor-widget elementor-widget-image\" data-id=\"60f8946\" data-element_type=\"widget\" data-widget_type=\"image.default\">\n\t\t\t\t<div class=\"elementor-widget-container\">\n\t\t\t\t\t\t\t\t\t\t\t\t\t\t\t<img loading=\"lazy\" decoding=\"async\" width=\"647\" height=\"913\" src=\"https:\/\/zsjosefov.cz\/wp-content\/uploads\/2026\/04\/ohrozene8.jpg\" class=\"attachment-large size-large wp-image-1915\" alt=\"\" srcset=\"https:\/\/zsjosefov.cz\/wp-content\/uploads\/2026\/04\/ohrozene8.jpg 647w, https:\/\/zsjosefov.cz\/wp-content\/uploads\/2026\/04\/ohrozene8-213x300.jpg 213w\" sizes=\"(max-width: 647px) 100vw, 647px\" \/>\t\t\t\t\t\t\t\t\t\t\t\t\t\t\t<\/div>\n\t\t\t\t<\/div>\n\t\t\t\t\t<\/div>\n\t\t\t\t<\/div>\n\t\t<div class=\"elementor-element elementor-element-f5734f7 e-flex e-con-boxed e-con e-parent\" data-id=\"f5734f7\" data-element_type=\"container\">\n\t\t\t\t\t<div class=\"e-con-inner\">\n\t\t\t\t<div class=\"elementor-element elementor-element-8cab3c5 elementor-widget elementor-widget-text-editor\" data-id=\"8cab3c5\" data-element_type=\"widget\" data-widget_type=\"text-editor.default\">\n\t\t\t\t<div class=\"elementor-widget-container\">\n\t\t\t\t\t\t\t\t\t<p>Cel\u00fd soubor &#8222;Jak identifikovat ohro\u017een\u00e9 d\u00edt\u011b&#8220; ke sta\u017een\u00ed <a href=\"https:\/\/zsjosefov.cz\/?attachment_id=1912\" rel=\"attachment wp-att-1912\">ZDE<\/a><\/p>\t\t\t\t\t\t\t\t<\/div>\n\t\t\t\t<\/div>\n\t\t\t\t\t<\/div>\n\t\t\t\t<\/div>\n\t\t\t\t<\/div>\n\t\t","protected":false},"excerpt":{"rendered":"<p>Cel\u00fd soubor &#8222;Jak identifikovat ohro\u017een\u00e9 d\u00edt\u011b&#8220; ke sta\u017een\u00ed ZDE<\/p>\n","protected":false},"author":2,"featured_media":0,"parent":0,"menu_order":0,"comment_status":"closed","ping_status":"closed","template":"","meta":{"footnotes":""},"class_list":["post-1904","page","type-page","status-publish","hentry"],"yoast_head":"<!-- This site is optimized with the Yoast SEO plugin v24.3 - https:\/\/yoast.com\/wordpress\/plugins\/seo\/ -->\n<title>Soci\u00e1ln\u00ed pedagog - Z\u00e1kladn\u00ed \u0161kola Jarom\u011b\u0159 - Josefov<\/title>\n<meta name=\"robots\" content=\"index, follow, max-snippet:-1, max-image-preview:large, max-video-preview:-1\" \/>\n<link rel=\"canonical\" href=\"https:\/\/zsjosefov.cz\/?page_id=1904\" \/>\n<meta property=\"og:locale\" content=\"cs_CZ\" \/>\n<meta property=\"og:type\" content=\"article\" \/>\n<meta property=\"og:title\" content=\"Soci\u00e1ln\u00ed pedagog - Z\u00e1kladn\u00ed \u0161kola Jarom\u011b\u0159 - Josefov\" \/>\n<meta property=\"og:description\" content=\"Cel\u00fd soubor &#8222;Jak identifikovat ohro\u017een\u00e9 d\u00edt\u011b&#8220; ke sta\u017een\u00ed ZDE\" \/>\n<meta property=\"og:url\" content=\"https:\/\/zsjosefov.cz\/?page_id=1904\" \/>\n<meta property=\"og:site_name\" content=\"Z\u00e1kladn\u00ed \u0161kola Jarom\u011b\u0159 - Josefov\" \/>\n<meta property=\"article:modified_time\" content=\"2026-04-01T12:10:01+00:00\" \/>\n<meta property=\"og:image\" content=\"https:\/\/zsjosefov.cz\/wp-content\/uploads\/2026\/03\/CM.jpg\" \/>\n\t<meta property=\"og:image:width\" content=\"761\" \/>\n\t<meta property=\"og:image:height\" content=\"822\" \/>\n\t<meta property=\"og:image:type\" content=\"image\/jpeg\" \/>\n<meta name=\"twitter:card\" content=\"summary_large_image\" \/>\n<meta name=\"twitter:label1\" content=\"Odhadovan\u00e1 doba \u010dten\u00ed\" \/>\n\t<meta name=\"twitter:data1\" content=\"2 minuty\" \/>\n<script type=\"application\/ld+json\" class=\"yoast-schema-graph\">{\"@context\":\"https:\/\/schema.org\",\"@graph\":[{\"@type\":\"WebPage\",\"@id\":\"https:\/\/zsjosefov.cz\/?page_id=1904\",\"url\":\"https:\/\/zsjosefov.cz\/?page_id=1904\",\"name\":\"Soci\u00e1ln\u00ed pedagog - Z\u00e1kladn\u00ed \u0161kola Jarom\u011b\u0159 - Josefov\",\"isPartOf\":{\"@id\":\"https:\/\/dev.zsjosefov.cz\/#website\"},\"primaryImageOfPage\":{\"@id\":\"https:\/\/zsjosefov.cz\/?page_id=1904#primaryimage\"},\"image\":{\"@id\":\"https:\/\/zsjosefov.cz\/?page_id=1904#primaryimage\"},\"thumbnailUrl\":\"https:\/\/zsjosefov.cz\/wp-content\/uploads\/2026\/03\/CM.jpg\",\"datePublished\":\"2026-03-19T09:11:11+00:00\",\"dateModified\":\"2026-04-01T12:10:01+00:00\",\"breadcrumb\":{\"@id\":\"https:\/\/zsjosefov.cz\/?page_id=1904#breadcrumb\"},\"inLanguage\":\"cs\",\"potentialAction\":[{\"@type\":\"ReadAction\",\"target\":[\"https:\/\/zsjosefov.cz\/?page_id=1904\"]}]},{\"@type\":\"ImageObject\",\"inLanguage\":\"cs\",\"@id\":\"https:\/\/zsjosefov.cz\/?page_id=1904#primaryimage\",\"url\":\"https:\/\/zsjosefov.cz\/wp-content\/uploads\/2026\/03\/CM.jpg\",\"contentUrl\":\"https:\/\/zsjosefov.cz\/wp-content\/uploads\/2026\/03\/CM.jpg\",\"width\":761,\"height\":822},{\"@type\":\"BreadcrumbList\",\"@id\":\"https:\/\/zsjosefov.cz\/?page_id=1904#breadcrumb\",\"itemListElement\":[{\"@type\":\"ListItem\",\"position\":1,\"name\":\"Dom\u016f\",\"item\":\"https:\/\/zsjosefov.cz\/\"},{\"@type\":\"ListItem\",\"position\":2,\"name\":\"Soci\u00e1ln\u00ed pedagog\"}]},{\"@type\":\"WebSite\",\"@id\":\"https:\/\/dev.zsjosefov.cz\/#website\",\"url\":\"https:\/\/dev.zsjosefov.cz\/\",\"name\":\"Z\u00e1kladn\u00ed \u0161kola Jarom\u011b\u0159 - Josefov\",\"description\":\"\",\"potentialAction\":[{\"@type\":\"SearchAction\",\"target\":{\"@type\":\"EntryPoint\",\"urlTemplate\":\"https:\/\/dev.zsjosefov.cz\/?s={search_term_string}\"},\"query-input\":{\"@type\":\"PropertyValueSpecification\",\"valueRequired\":true,\"valueName\":\"search_term_string\"}}],\"inLanguage\":\"cs\"}]}<\/script>\n<!-- \/ Yoast SEO plugin. -->","yoast_head_json":{"title":"Soci\u00e1ln\u00ed pedagog - Z\u00e1kladn\u00ed \u0161kola Jarom\u011b\u0159 - Josefov","robots":{"index":"index","follow":"follow","max-snippet":"max-snippet:-1","max-image-preview":"max-image-preview:large","max-video-preview":"max-video-preview:-1"},"canonical":"https:\/\/zsjosefov.cz\/?page_id=1904","og_locale":"cs_CZ","og_type":"article","og_title":"Soci\u00e1ln\u00ed pedagog - Z\u00e1kladn\u00ed \u0161kola Jarom\u011b\u0159 - Josefov","og_description":"Cel\u00fd soubor &#8222;Jak identifikovat ohro\u017een\u00e9 d\u00edt\u011b&#8220; ke sta\u017een\u00ed ZDE","og_url":"https:\/\/zsjosefov.cz\/?page_id=1904","og_site_name":"Z\u00e1kladn\u00ed \u0161kola Jarom\u011b\u0159 - Josefov","article_modified_time":"2026-04-01T12:10:01+00:00","og_image":[{"width":761,"height":822,"url":"https:\/\/zsjosefov.cz\/wp-content\/uploads\/2026\/03\/CM.jpg","type":"image\/jpeg"}],"twitter_card":"summary_large_image","twitter_misc":{"Odhadovan\u00e1 doba \u010dten\u00ed":"2 minuty"},"schema":{"@context":"https:\/\/schema.org","@graph":[{"@type":"WebPage","@id":"https:\/\/zsjosefov.cz\/?page_id=1904","url":"https:\/\/zsjosefov.cz\/?page_id=1904","name":"Soci\u00e1ln\u00ed pedagog - Z\u00e1kladn\u00ed \u0161kola Jarom\u011b\u0159 - Josefov","isPartOf":{"@id":"https:\/\/dev.zsjosefov.cz\/#website"},"primaryImageOfPage":{"@id":"https:\/\/zsjosefov.cz\/?page_id=1904#primaryimage"},"image":{"@id":"https:\/\/zsjosefov.cz\/?page_id=1904#primaryimage"},"thumbnailUrl":"https:\/\/zsjosefov.cz\/wp-content\/uploads\/2026\/03\/CM.jpg","datePublished":"2026-03-19T09:11:11+00:00","dateModified":"2026-04-01T12:10:01+00:00","breadcrumb":{"@id":"https:\/\/zsjosefov.cz\/?page_id=1904#breadcrumb"},"inLanguage":"cs","potentialAction":[{"@type":"ReadAction","target":["https:\/\/zsjosefov.cz\/?page_id=1904"]}]},{"@type":"ImageObject","inLanguage":"cs","@id":"https:\/\/zsjosefov.cz\/?page_id=1904#primaryimage","url":"https:\/\/zsjosefov.cz\/wp-content\/uploads\/2026\/03\/CM.jpg","contentUrl":"https:\/\/zsjosefov.cz\/wp-content\/uploads\/2026\/03\/CM.jpg","width":761,"height":822},{"@type":"BreadcrumbList","@id":"https:\/\/zsjosefov.cz\/?page_id=1904#breadcrumb","itemListElement":[{"@type":"ListItem","position":1,"name":"Dom\u016f","item":"https:\/\/zsjosefov.cz\/"},{"@type":"ListItem","position":2,"name":"Soci\u00e1ln\u00ed pedagog"}]},{"@type":"WebSite","@id":"https:\/\/dev.zsjosefov.cz\/#website","url":"https:\/\/dev.zsjosefov.cz\/","name":"Z\u00e1kladn\u00ed \u0161kola Jarom\u011b\u0159 - Josefov","description":"","potentialAction":[{"@type":"SearchAction","target":{"@type":"EntryPoint","urlTemplate":"https:\/\/dev.zsjosefov.cz\/?s={search_term_string}"},"query-input":{"@type":"PropertyValueSpecification","valueRequired":true,"valueName":"search_term_string"}}],"inLanguage":"cs"}]}},"_links":{"self":[{"href":"https:\/\/zsjosefov.cz\/index.php?rest_route=\/wp\/v2\/pages\/1904","targetHints":{"allow":["GET"]}}],"collection":[{"href":"https:\/\/zsjosefov.cz\/index.php?rest_route=\/wp\/v2\/pages"}],"about":[{"href":"https:\/\/zsjosefov.cz\/index.php?rest_route=\/wp\/v2\/types\/page"}],"author":[{"embeddable":true,"href":"https:\/\/zsjosefov.cz\/index.php?rest_route=\/wp\/v2\/users\/2"}],"replies":[{"embeddable":true,"href":"https:\/\/zsjosefov.cz\/index.php?rest_route=%2Fwp%2Fv2%2Fcomments&post=1904"}],"version-history":[{"count":13,"href":"https:\/\/zsjosefov.cz\/index.php?rest_route=\/wp\/v2\/pages\/1904\/revisions"}],"predecessor-version":[{"id":1931,"href":"https:\/\/zsjosefov.cz\/index.php?rest_route=\/wp\/v2\/pages\/1904\/revisions\/1931"}],"wp:attachment":[{"href":"https:\/\/zsjosefov.cz\/index.php?rest_route=%2Fwp%2Fv2%2Fmedia&parent=1904"}],"curies":[{"name":"wp","href":"https:\/\/api.w.org\/{rel}","templated":true}]}}