{"id":1355,"date":"2025-01-05T21:34:22","date_gmt":"2025-01-05T20:34:22","guid":{"rendered":"https:\/\/zsjosefov.cz\/?page_id=1355"},"modified":"2025-09-22T12:02:25","modified_gmt":"2025-09-22T10:02:25","slug":"nabidka-zamestnani","status":"publish","type":"page","link":"https:\/\/zsjosefov.cz\/?page_id=1355","title":{"rendered":"Nab\u00eddka zam\u011bstn\u00e1n\u00ed"},"content":{"rendered":"\t\t<div data-elementor-type=\"wp-page\" data-elementor-id=\"1355\" class=\"elementor elementor-1355\">\n\t\t\t\t<div class=\"elementor-element elementor-element-7f0ea88 e-flex e-con-boxed e-con e-parent\" data-id=\"7f0ea88\" data-element_type=\"container\">\n\t\t\t\t\t<div class=\"e-con-inner\">\n\t\t\t\t<div class=\"elementor-element elementor-element-a74c843 elementor-widget elementor-widget-heading\" data-id=\"a74c843\" data-element_type=\"widget\" data-widget_type=\"heading.default\">\n\t\t\t\t<div class=\"elementor-widget-container\">\n\t\t\t\t\t<h2 class=\"elementor-heading-title elementor-size-default\">Hled\u00e1me pr\u00e1v\u011b tebe!<\/h2>\t\t\t\t<\/div>\n\t\t\t\t<\/div>\n\t\t\t\t\t<\/div>\n\t\t\t\t<\/div>\n\t\t<div class=\"elementor-element elementor-element-5ead559 e-flex e-con-boxed e-con e-parent\" data-id=\"5ead559\" data-element_type=\"container\">\n\t\t\t\t\t<div class=\"e-con-inner\">\n\t\t\t\t<div class=\"elementor-element elementor-element-ca4e346 elementor-widget elementor-widget-text-editor\" data-id=\"ca4e346\" data-element_type=\"widget\" data-widget_type=\"text-editor.default\">\n\t\t\t\t<div class=\"elementor-widget-container\">\n\t\t\t\t\t\t\t\t\t<p>\u00a0<\/p><p><strong>\u00a0<\/strong><\/p>\t\t\t\t\t\t\t\t<\/div>\n\t\t\t\t<\/div>\n\t\t\t\t\t<\/div>\n\t\t\t\t<\/div>\n\t\t\t\t<\/div>\n\t\t","protected":false},"excerpt":{"rendered":"<p>Hled\u00e1me pr\u00e1v\u011b tebe! \u00a0 \u00a0<\/p>\n","protected":false},"author":2,"featured_media":0,"parent":426,"menu_order":1,"comment_status":"closed","ping_status":"closed","template":"","meta":{"footnotes":""},"class_list":["post-1355","page","type-page","status-publish","hentry"],"yoast_head":"<!-- This site is optimized with the Yoast SEO plugin v24.3 - https:\/\/yoast.com\/wordpress\/plugins\/seo\/ -->\n<title>Nab\u00eddka zam\u011bstn\u00e1n\u00ed - Z\u00e1kladn\u00ed \u0161kola Jarom\u011b\u0159 - Josefov<\/title>\n<meta name=\"robots\" content=\"index, follow, max-snippet:-1, max-image-preview:large, max-video-preview:-1\" \/>\n<link rel=\"canonical\" href=\"https:\/\/zsjosefov.cz\/?page_id=1355\" \/>\n<meta property=\"og:locale\" content=\"cs_CZ\" \/>\n<meta property=\"og:type\" content=\"article\" \/>\n<meta property=\"og:title\" content=\"Nab\u00eddka zam\u011bstn\u00e1n\u00ed - Z\u00e1kladn\u00ed \u0161kola Jarom\u011b\u0159 - Josefov\" \/>\n<meta property=\"og:description\" content=\"Hled\u00e1me pr\u00e1v\u011b tebe! \u00a0 \u00a0\" \/>\n<meta property=\"og:url\" content=\"https:\/\/zsjosefov.cz\/?page_id=1355\" \/>\n<meta property=\"og:site_name\" content=\"Z\u00e1kladn\u00ed \u0161kola Jarom\u011b\u0159 - Josefov\" \/>\n<meta property=\"article:modified_time\" content=\"2025-09-22T10:02:25+00:00\" \/>\n<meta name=\"twitter:card\" content=\"summary_large_image\" \/>\n<meta name=\"twitter:label1\" content=\"Odhadovan\u00e1 doba \u010dten\u00ed\" \/>\n\t<meta name=\"twitter:data1\" content=\"1 minuta\" \/>\n<script type=\"application\/ld+json\" class=\"yoast-schema-graph\">{\"@context\":\"https:\/\/schema.org\",\"@graph\":[{\"@type\":\"WebPage\",\"@id\":\"https:\/\/zsjosefov.cz\/?page_id=1355\",\"url\":\"https:\/\/zsjosefov.cz\/?page_id=1355\",\"name\":\"Nab\u00eddka zam\u011bstn\u00e1n\u00ed - Z\u00e1kladn\u00ed \u0161kola Jarom\u011b\u0159 - Josefov\",\"isPartOf\":{\"@id\":\"https:\/\/dev.zsjosefov.cz\/#website\"},\"datePublished\":\"2025-01-05T20:34:22+00:00\",\"dateModified\":\"2025-09-22T10:02:25+00:00\",\"breadcrumb\":{\"@id\":\"https:\/\/zsjosefov.cz\/?page_id=1355#breadcrumb\"},\"inLanguage\":\"cs\",\"potentialAction\":[{\"@type\":\"ReadAction\",\"target\":[\"https:\/\/zsjosefov.cz\/?page_id=1355\"]}]},{\"@type\":\"BreadcrumbList\",\"@id\":\"https:\/\/zsjosefov.cz\/?page_id=1355#breadcrumb\",\"itemListElement\":[{\"@type\":\"ListItem\",\"position\":1,\"name\":\"Dom\u016f\",\"item\":\"https:\/\/zsjosefov.cz\/\"},{\"@type\":\"ListItem\",\"position\":2,\"name\":\"O \u0161kole\",\"item\":\"https:\/\/zsjosefov.cz\/?page_id=426\"},{\"@type\":\"ListItem\",\"position\":3,\"name\":\"Nab\u00eddka zam\u011bstn\u00e1n\u00ed\"}]},{\"@type\":\"WebSite\",\"@id\":\"https:\/\/dev.zsjosefov.cz\/#website\",\"url\":\"https:\/\/dev.zsjosefov.cz\/\",\"name\":\"Z\u00e1kladn\u00ed \u0161kola Jarom\u011b\u0159 - Josefov\",\"description\":\"\",\"potentialAction\":[{\"@type\":\"SearchAction\",\"target\":{\"@type\":\"EntryPoint\",\"urlTemplate\":\"https:\/\/dev.zsjosefov.cz\/?s={search_term_string}\"},\"query-input\":{\"@type\":\"PropertyValueSpecification\",\"valueRequired\":true,\"valueName\":\"search_term_string\"}}],\"inLanguage\":\"cs\"}]}<\/script>\n<!-- \/ Yoast SEO plugin. -->","yoast_head_json":{"title":"Nab\u00eddka zam\u011bstn\u00e1n\u00ed - Z\u00e1kladn\u00ed \u0161kola Jarom\u011b\u0159 - Josefov","robots":{"index":"index","follow":"follow","max-snippet":"max-snippet:-1","max-image-preview":"max-image-preview:large","max-video-preview":"max-video-preview:-1"},"canonical":"https:\/\/zsjosefov.cz\/?page_id=1355","og_locale":"cs_CZ","og_type":"article","og_title":"Nab\u00eddka zam\u011bstn\u00e1n\u00ed - Z\u00e1kladn\u00ed \u0161kola Jarom\u011b\u0159 - Josefov","og_description":"Hled\u00e1me pr\u00e1v\u011b tebe! \u00a0 \u00a0","og_url":"https:\/\/zsjosefov.cz\/?page_id=1355","og_site_name":"Z\u00e1kladn\u00ed \u0161kola Jarom\u011b\u0159 - Josefov","article_modified_time":"2025-09-22T10:02:25+00:00","twitter_card":"summary_large_image","twitter_misc":{"Odhadovan\u00e1 doba \u010dten\u00ed":"1 minuta"},"schema":{"@context":"https:\/\/schema.org","@graph":[{"@type":"WebPage","@id":"https:\/\/zsjosefov.cz\/?page_id=1355","url":"https:\/\/zsjosefov.cz\/?page_id=1355","name":"Nab\u00eddka zam\u011bstn\u00e1n\u00ed - Z\u00e1kladn\u00ed \u0161kola Jarom\u011b\u0159 - Josefov","isPartOf":{"@id":"https:\/\/dev.zsjosefov.cz\/#website"},"datePublished":"2025-01-05T20:34:22+00:00","dateModified":"2025-09-22T10:02:25+00:00","breadcrumb":{"@id":"https:\/\/zsjosefov.cz\/?page_id=1355#breadcrumb"},"inLanguage":"cs","potentialAction":[{"@type":"ReadAction","target":["https:\/\/zsjosefov.cz\/?page_id=1355"]}]},{"@type":"BreadcrumbList","@id":"https:\/\/zsjosefov.cz\/?page_id=1355#breadcrumb","itemListElement":[{"@type":"ListItem","position":1,"name":"Dom\u016f","item":"https:\/\/zsjosefov.cz\/"},{"@type":"ListItem","position":2,"name":"O \u0161kole","item":"https:\/\/zsjosefov.cz\/?page_id=426"},{"@type":"ListItem","position":3,"name":"Nab\u00eddka zam\u011bstn\u00e1n\u00ed"}]},{"@type":"WebSite","@id":"https:\/\/dev.zsjosefov.cz\/#website","url":"https:\/\/dev.zsjosefov.cz\/","name":"Z\u00e1kladn\u00ed \u0161kola Jarom\u011b\u0159 - Josefov","description":"","potentialAction":[{"@type":"SearchAction","target":{"@type":"EntryPoint","urlTemplate":"https:\/\/dev.zsjosefov.cz\/?s={search_term_string}"},"query-input":{"@type":"PropertyValueSpecification","valueRequired":true,"valueName":"search_term_string"}}],"inLanguage":"cs"}]}},"_links":{"self":[{"href":"https:\/\/zsjosefov.cz\/index.php?rest_route=\/wp\/v2\/pages\/1355","targetHints":{"allow":["GET"]}}],"collection":[{"href":"https:\/\/zsjosefov.cz\/index.php?rest_route=\/wp\/v2\/pages"}],"about":[{"href":"https:\/\/zsjosefov.cz\/index.php?rest_route=\/wp\/v2\/types\/page"}],"author":[{"embeddable":true,"href":"https:\/\/zsjosefov.cz\/index.php?rest_route=\/wp\/v2\/users\/2"}],"replies":[{"embeddable":true,"href":"https:\/\/zsjosefov.cz\/index.php?rest_route=%2Fwp%2Fv2%2Fcomments&post=1355"}],"version-history":[{"count":16,"href":"https:\/\/zsjosefov.cz\/index.php?rest_route=\/wp\/v2\/pages\/1355\/revisions"}],"predecessor-version":[{"id":1664,"href":"https:\/\/zsjosefov.cz\/index.php?rest_route=\/wp\/v2\/pages\/1355\/revisions\/1664"}],"up":[{"embeddable":true,"href":"https:\/\/zsjosefov.cz\/index.php?rest_route=\/wp\/v2\/pages\/426"}],"wp:attachment":[{"href":"https:\/\/zsjosefov.cz\/index.php?rest_route=%2Fwp%2Fv2%2Fmedia&parent=1355"}],"curies":[{"name":"wp","href":"https:\/\/api.w.org\/{rel}","templated":true}]}}