{"id":1193,"date":"2024-10-31T21:54:26","date_gmt":"2024-10-31T20:54:26","guid":{"rendered":"https:\/\/zsjosefov.cz\/?page_id=1193"},"modified":"2025-10-16T11:22:04","modified_gmt":"2025-10-16T09:22:04","slug":"archiv-vyrocni-zpravy","status":"publish","type":"page","link":"https:\/\/zsjosefov.cz\/?page_id=1193","title":{"rendered":"Archiv &#8211; v\u00fdro\u010dn\u00ed zpr\u00e1vy"},"content":{"rendered":"\t\t<div data-elementor-type=\"wp-page\" data-elementor-id=\"1193\" class=\"elementor elementor-1193\">\n\t\t\t\t<div class=\"elementor-element elementor-element-e5de3a6 e-flex e-con-boxed e-con e-parent\" data-id=\"e5de3a6\" data-element_type=\"container\">\n\t\t\t\t\t<div class=\"e-con-inner\">\n\t\t\t\t<div class=\"elementor-element elementor-element-5440426 elementor-widget elementor-widget-text-editor\" data-id=\"5440426\" data-element_type=\"widget\" data-widget_type=\"text-editor.default\">\n\t\t\t\t<div class=\"elementor-widget-container\">\n\t\t\t\t\t\t\t\t\t<p><a href=\"https:\/\/zsjosefov.cz\/wp-content\/uploads\/2024\/10\/Vyrocni-zprava-skoly-2017-2018.pdf\">V\u00fdro\u010dni zpr\u00e1va \u0161koly 2017-2018<\/a><\/p><p><a href=\"https:\/\/zsjosefov.cz\/wp-content\/uploads\/2024\/10\/Vyrocni-zprava-skoly-2018-2019.pdf\">V\u00fdro\u010dni zpr\u00e1va \u0161koly 2018-2019<\/a><\/p><p><a href=\"https:\/\/zsjosefov.cz\/wp-content\/uploads\/2024\/10\/Vyrocni-zprava-skoly-2019-2020.pdf\">V\u00fdro\u010dni zpr\u00e1va \u0161koly 2019-2020<\/a><\/p><p><a href=\"https:\/\/zsjosefov.cz\/wp-content\/uploads\/2024\/10\/Vyrocni-zprava-skoly-2020-2021.pdf\">V\u00fdro\u010dni zpr\u00e1va \u0161koly 2020-2021<\/a><\/p><p><a href=\"https:\/\/zsjosefov.cz\/wp-content\/uploads\/2024\/10\/Vyrocni-zprava-skoly-2021-2022.pdf\">V\u00fdro\u010dni zpr\u00e1va \u0161koly 2021-2022<\/a><\/p><p><a href=\"https:\/\/zsjosefov.cz\/wp-content\/uploads\/2024\/10\/Vyrocni-zprava-skoly-2022-2023.pdf\">V\u00fdro\u010dn\u00ed zpr\u00e1va \u0161koly 2022-2023<\/a><\/p><p><a href=\"https:\/\/zsjosefov.cz\/?attachment_id=1165\" rel=\"attachment wp-att-1165\">V\u00fdro\u010dn\u00ed zpr\u00e1va \u0161koly 2023-2024<\/a><\/p><p><a href=\"https:\/\/zsjosefov.cz\/?attachment_id=1736\" rel=\"attachment wp-att-1736\">V\u00fdro\u010dn\u00ed zpr\u00e1va \u0161koly 2024-2025<\/a><\/p>\t\t\t\t\t\t\t\t<\/div>\n\t\t\t\t<\/div>\n\t\t\t\t\t<\/div>\n\t\t\t\t<\/div>\n\t\t\t\t<\/div>\n\t\t","protected":false},"excerpt":{"rendered":"<p>V\u00fdro\u010dni zpr\u00e1va \u0161koly 2017-2018 V\u00fdro\u010dni zpr\u00e1va \u0161koly 2018-2019 V\u00fdro\u010dni zpr\u00e1va \u0161koly 2019-2020 V\u00fdro\u010dni zpr\u00e1va \u0161koly 2020-2021 V\u00fdro\u010dni zpr\u00e1va \u0161koly 2021-2022 V\u00fdro\u010dn\u00ed zpr\u00e1va \u0161koly 2022-2023 V\u00fdro\u010dn\u00ed zpr\u00e1va \u0161koly 2023-2024 V\u00fdro\u010dn\u00ed zpr\u00e1va \u0161koly 2024-2025<\/p>\n","protected":false},"author":2,"featured_media":0,"parent":685,"menu_order":1,"comment_status":"closed","ping_status":"closed","template":"","meta":{"footnotes":""},"class_list":["post-1193","page","type-page","status-publish","hentry"],"yoast_head":"<!-- This site is optimized with the Yoast SEO plugin v24.3 - https:\/\/yoast.com\/wordpress\/plugins\/seo\/ -->\n<title>Archiv - v\u00fdro\u010dn\u00ed zpr\u00e1vy - Z\u00e1kladn\u00ed \u0161kola Jarom\u011b\u0159 - Josefov<\/title>\n<meta name=\"robots\" content=\"index, follow, max-snippet:-1, max-image-preview:large, max-video-preview:-1\" \/>\n<link rel=\"canonical\" href=\"https:\/\/zsjosefov.cz\/?page_id=1193\" \/>\n<meta property=\"og:locale\" content=\"cs_CZ\" \/>\n<meta property=\"og:type\" content=\"article\" \/>\n<meta property=\"og:title\" content=\"Archiv - v\u00fdro\u010dn\u00ed zpr\u00e1vy - Z\u00e1kladn\u00ed \u0161kola Jarom\u011b\u0159 - Josefov\" \/>\n<meta property=\"og:description\" content=\"V\u00fdro\u010dni zpr\u00e1va \u0161koly 2017-2018 V\u00fdro\u010dni zpr\u00e1va \u0161koly 2018-2019 V\u00fdro\u010dni zpr\u00e1va \u0161koly 2019-2020 V\u00fdro\u010dni zpr\u00e1va \u0161koly 2020-2021 V\u00fdro\u010dni zpr\u00e1va \u0161koly 2021-2022 V\u00fdro\u010dn\u00ed zpr\u00e1va \u0161koly 2022-2023 V\u00fdro\u010dn\u00ed zpr\u00e1va \u0161koly 2023-2024 V\u00fdro\u010dn\u00ed zpr\u00e1va \u0161koly 2024-2025\" \/>\n<meta property=\"og:url\" content=\"https:\/\/zsjosefov.cz\/?page_id=1193\" \/>\n<meta property=\"og:site_name\" content=\"Z\u00e1kladn\u00ed \u0161kola Jarom\u011b\u0159 - Josefov\" \/>\n<meta property=\"article:modified_time\" content=\"2025-10-16T09:22:04+00:00\" \/>\n<meta name=\"twitter:card\" content=\"summary_large_image\" \/>\n<meta name=\"twitter:label1\" content=\"Odhadovan\u00e1 doba \u010dten\u00ed\" \/>\n\t<meta name=\"twitter:data1\" content=\"1 minuta\" \/>\n<script type=\"application\/ld+json\" class=\"yoast-schema-graph\">{\"@context\":\"https:\/\/schema.org\",\"@graph\":[{\"@type\":\"WebPage\",\"@id\":\"https:\/\/zsjosefov.cz\/?page_id=1193\",\"url\":\"https:\/\/zsjosefov.cz\/?page_id=1193\",\"name\":\"Archiv - v\u00fdro\u010dn\u00ed zpr\u00e1vy - Z\u00e1kladn\u00ed \u0161kola Jarom\u011b\u0159 - Josefov\",\"isPartOf\":{\"@id\":\"https:\/\/dev.zsjosefov.cz\/#website\"},\"datePublished\":\"2024-10-31T20:54:26+00:00\",\"dateModified\":\"2025-10-16T09:22:04+00:00\",\"breadcrumb\":{\"@id\":\"https:\/\/zsjosefov.cz\/?page_id=1193#breadcrumb\"},\"inLanguage\":\"cs\",\"potentialAction\":[{\"@type\":\"ReadAction\",\"target\":[\"https:\/\/zsjosefov.cz\/?page_id=1193\"]}]},{\"@type\":\"BreadcrumbList\",\"@id\":\"https:\/\/zsjosefov.cz\/?page_id=1193#breadcrumb\",\"itemListElement\":[{\"@type\":\"ListItem\",\"position\":1,\"name\":\"Dom\u016f\",\"item\":\"https:\/\/zsjosefov.cz\/\"},{\"@type\":\"ListItem\",\"position\":2,\"name\":\"\u0160koln\u00ed \u0159\u00e1d a dal\u0161\u00ed dokumenty\",\"item\":\"https:\/\/zsjosefov.cz\/?page_id=685\"},{\"@type\":\"ListItem\",\"position\":3,\"name\":\"Archiv &#8211; v\u00fdro\u010dn\u00ed zpr\u00e1vy\"}]},{\"@type\":\"WebSite\",\"@id\":\"https:\/\/dev.zsjosefov.cz\/#website\",\"url\":\"https:\/\/dev.zsjosefov.cz\/\",\"name\":\"Z\u00e1kladn\u00ed \u0161kola Jarom\u011b\u0159 - Josefov\",\"description\":\"\",\"potentialAction\":[{\"@type\":\"SearchAction\",\"target\":{\"@type\":\"EntryPoint\",\"urlTemplate\":\"https:\/\/dev.zsjosefov.cz\/?s={search_term_string}\"},\"query-input\":{\"@type\":\"PropertyValueSpecification\",\"valueRequired\":true,\"valueName\":\"search_term_string\"}}],\"inLanguage\":\"cs\"}]}<\/script>\n<!-- \/ Yoast SEO plugin. -->","yoast_head_json":{"title":"Archiv - v\u00fdro\u010dn\u00ed zpr\u00e1vy - Z\u00e1kladn\u00ed \u0161kola Jarom\u011b\u0159 - Josefov","robots":{"index":"index","follow":"follow","max-snippet":"max-snippet:-1","max-image-preview":"max-image-preview:large","max-video-preview":"max-video-preview:-1"},"canonical":"https:\/\/zsjosefov.cz\/?page_id=1193","og_locale":"cs_CZ","og_type":"article","og_title":"Archiv - v\u00fdro\u010dn\u00ed zpr\u00e1vy - Z\u00e1kladn\u00ed \u0161kola Jarom\u011b\u0159 - Josefov","og_description":"V\u00fdro\u010dni zpr\u00e1va \u0161koly 2017-2018 V\u00fdro\u010dni zpr\u00e1va \u0161koly 2018-2019 V\u00fdro\u010dni zpr\u00e1va \u0161koly 2019-2020 V\u00fdro\u010dni zpr\u00e1va \u0161koly 2020-2021 V\u00fdro\u010dni zpr\u00e1va \u0161koly 2021-2022 V\u00fdro\u010dn\u00ed zpr\u00e1va \u0161koly 2022-2023 V\u00fdro\u010dn\u00ed zpr\u00e1va \u0161koly 2023-2024 V\u00fdro\u010dn\u00ed zpr\u00e1va \u0161koly 2024-2025","og_url":"https:\/\/zsjosefov.cz\/?page_id=1193","og_site_name":"Z\u00e1kladn\u00ed \u0161kola Jarom\u011b\u0159 - Josefov","article_modified_time":"2025-10-16T09:22:04+00:00","twitter_card":"summary_large_image","twitter_misc":{"Odhadovan\u00e1 doba \u010dten\u00ed":"1 minuta"},"schema":{"@context":"https:\/\/schema.org","@graph":[{"@type":"WebPage","@id":"https:\/\/zsjosefov.cz\/?page_id=1193","url":"https:\/\/zsjosefov.cz\/?page_id=1193","name":"Archiv - v\u00fdro\u010dn\u00ed zpr\u00e1vy - Z\u00e1kladn\u00ed \u0161kola Jarom\u011b\u0159 - Josefov","isPartOf":{"@id":"https:\/\/dev.zsjosefov.cz\/#website"},"datePublished":"2024-10-31T20:54:26+00:00","dateModified":"2025-10-16T09:22:04+00:00","breadcrumb":{"@id":"https:\/\/zsjosefov.cz\/?page_id=1193#breadcrumb"},"inLanguage":"cs","potentialAction":[{"@type":"ReadAction","target":["https:\/\/zsjosefov.cz\/?page_id=1193"]}]},{"@type":"BreadcrumbList","@id":"https:\/\/zsjosefov.cz\/?page_id=1193#breadcrumb","itemListElement":[{"@type":"ListItem","position":1,"name":"Dom\u016f","item":"https:\/\/zsjosefov.cz\/"},{"@type":"ListItem","position":2,"name":"\u0160koln\u00ed \u0159\u00e1d a dal\u0161\u00ed dokumenty","item":"https:\/\/zsjosefov.cz\/?page_id=685"},{"@type":"ListItem","position":3,"name":"Archiv &#8211; v\u00fdro\u010dn\u00ed zpr\u00e1vy"}]},{"@type":"WebSite","@id":"https:\/\/dev.zsjosefov.cz\/#website","url":"https:\/\/dev.zsjosefov.cz\/","name":"Z\u00e1kladn\u00ed \u0161kola Jarom\u011b\u0159 - Josefov","description":"","potentialAction":[{"@type":"SearchAction","target":{"@type":"EntryPoint","urlTemplate":"https:\/\/dev.zsjosefov.cz\/?s={search_term_string}"},"query-input":{"@type":"PropertyValueSpecification","valueRequired":true,"valueName":"search_term_string"}}],"inLanguage":"cs"}]}},"_links":{"self":[{"href":"https:\/\/zsjosefov.cz\/index.php?rest_route=\/wp\/v2\/pages\/1193","targetHints":{"allow":["GET"]}}],"collection":[{"href":"https:\/\/zsjosefov.cz\/index.php?rest_route=\/wp\/v2\/pages"}],"about":[{"href":"https:\/\/zsjosefov.cz\/index.php?rest_route=\/wp\/v2\/types\/page"}],"author":[{"embeddable":true,"href":"https:\/\/zsjosefov.cz\/index.php?rest_route=\/wp\/v2\/users\/2"}],"replies":[{"embeddable":true,"href":"https:\/\/zsjosefov.cz\/index.php?rest_route=%2Fwp%2Fv2%2Fcomments&post=1193"}],"version-history":[{"count":10,"href":"https:\/\/zsjosefov.cz\/index.php?rest_route=\/wp\/v2\/pages\/1193\/revisions"}],"predecessor-version":[{"id":1739,"href":"https:\/\/zsjosefov.cz\/index.php?rest_route=\/wp\/v2\/pages\/1193\/revisions\/1739"}],"up":[{"embeddable":true,"href":"https:\/\/zsjosefov.cz\/index.php?rest_route=\/wp\/v2\/pages\/685"}],"wp:attachment":[{"href":"https:\/\/zsjosefov.cz\/index.php?rest_route=%2Fwp%2Fv2%2Fmedia&parent=1193"}],"curies":[{"name":"wp","href":"https:\/\/api.w.org\/{rel}","templated":true}]}}