{"id":10,"date":"2024-04-04T21:55:02","date_gmt":"2024-04-04T19:55:02","guid":{"rendered":"https:\/\/zsjosefov.cz\/?page_id=10"},"modified":"2025-06-23T17:59:36","modified_gmt":"2025-06-23T15:59:36","slug":"uvod","status":"publish","type":"page","link":"https:\/\/zsjosefov.cz\/","title":{"rendered":"\u00davod"},"content":{"rendered":"\t\t<div data-elementor-type=\"wp-page\" data-elementor-id=\"10\" class=\"elementor elementor-10\">\n\t\t\t\t<div class=\"elementor-element elementor-element-65b713e e-flex e-con-boxed e-con e-parent\" data-id=\"65b713e\" data-element_type=\"container\">\n\t\t\t\t\t<div class=\"e-con-inner\">\n\t\t\t\t<div class=\"elementor-element elementor-element-e70d51f elementor-widget elementor-widget-heading\" data-id=\"e70d51f\" data-element_type=\"widget\" data-widget_type=\"heading.default\">\n\t\t\t\t<div class=\"elementor-widget-container\">\n\t\t\t\t\t<h2 class=\"elementor-heading-title elementor-size-default\">AKTUALITY<\/h2>\t\t\t\t<\/div>\n\t\t\t\t<\/div>\n\t\t\t\t<div class=\"elementor-element elementor-element-3d8d179 pp-equal-height-yes elementor-grid-3 elementor-grid-tablet-2 elementor-grid-mobile-1 elementor-widget elementor-widget-pp-posts\" data-id=\"3d8d179\" data-element_type=\"widget\" data-widget_type=\"pp-posts.classic\">\n\t\t\t\t<div class=\"elementor-widget-container\">\n\t\t\t\t\t\t\t<div class=\"pp-posts-container\">\n\t\t\t\n\t\t\t\t\t\t\t\t\t\t\n\t\t\t<div class=\"pp-posts pp-posts-skin-classic elementor-grid pp-posts-grid\" data-query-type=\"custom\" data-layout=\"grid\" data-page=\"10\" data-skin=\"classic\">\n\t\t\t\t\t\t\t\t\t\t\t<div class=\"pp-post-wrap pp-grid-item-wrap elementor-grid-item post-1932 post type-post status-publish format-standard has-post-thumbnail hentry category-nezarazene\">\n\t\t\t\t\t\t<div class=\"pp-post pp-grid-item\">\n\t\t\t\t\t\t<div class=\"pp-post-thumbnail\">\n\t\t\t<a class=\"pp-post-thumbnail-wrap\" href=\"https:\/\/zsjosefov.cz\/?p=1932\" title=\"Pl\u00e1n akc\u00ed na duben\">\n\t\t\t\t<img fetchpriority=\"high\" decoding=\"async\" width=\"768\" height=\"512\" src=\"https:\/\/zsjosefov.cz\/wp-content\/uploads\/2026\/04\/ChatGPT-Image-1.-4.-2026-14_13_06-768x512.png\" class=\"attachment-medium_large size-medium_large wp-image-1934\" alt=\"\" srcset=\"https:\/\/zsjosefov.cz\/wp-content\/uploads\/2026\/04\/ChatGPT-Image-1.-4.-2026-14_13_06-768x512.png 768w, https:\/\/zsjosefov.cz\/wp-content\/uploads\/2026\/04\/ChatGPT-Image-1.-4.-2026-14_13_06-300x200.png 300w, https:\/\/zsjosefov.cz\/wp-content\/uploads\/2026\/04\/ChatGPT-Image-1.-4.-2026-14_13_06-1024x683.png 1024w, https:\/\/zsjosefov.cz\/wp-content\/uploads\/2026\/04\/ChatGPT-Image-1.-4.-2026-14_13_06.png 1536w\" sizes=\"(max-width: 768px) 100vw, 768px\" \/>\t\t\t<\/a>\n\t\t<\/div>\n\t\t\n\t\t\t\t\n\t\t\t\t<div class=\"pp-post-content-wrap\">\n\t\t\t\t\t<div class=\"pp-post-content\">\n\t\t\t\t\t\t\t\t\t\t\t\t<h2 class=\"pp-post-title\">\n\t\t\t\t<a href=\"https:\/\/zsjosefov.cz\/?p=1932\">Pl\u00e1n akc\u00ed na duben<\/a>\t\t\t<\/h2>\n\t\t\t\t\t\t\t\t\t<div class=\"pp-post-meta\">\n\t\t\t\t\t\t\t<\/div>\n\t\t\t\t\t\t\t\t<\/div>\n\t\t\t\t\t\t\t\t\t<\/div>\n\n\t\t\t\t\t\t\t<\/div>\n\t\t\t\t\t<\/div>\n\t\t\t\t<div class=\"pp-post-wrap pp-grid-item-wrap elementor-grid-item post-1897 post type-post status-publish format-standard has-post-thumbnail hentry category-nezarazene\">\n\t\t\t\t\t\t<div class=\"pp-post pp-grid-item\">\n\t\t\t\t\t\t<div class=\"pp-post-thumbnail\">\n\t\t\t<a class=\"pp-post-thumbnail-wrap\" href=\"https:\/\/zsjosefov.cz\/?p=1897\" title=\"Z\u00e1pis do p\u0159\u00edpravn\u00e9 t\u0159\u00eddy\">\n\t\t\t\t<img decoding=\"async\" width=\"351\" height=\"351\" src=\"https:\/\/zsjosefov.cz\/wp-content\/uploads\/2024\/09\/vykricnik.jpg\" class=\"attachment-medium_large size-medium_large wp-image-969\" alt=\"\" srcset=\"https:\/\/zsjosefov.cz\/wp-content\/uploads\/2024\/09\/vykricnik.jpg 351w, https:\/\/zsjosefov.cz\/wp-content\/uploads\/2024\/09\/vykricnik-300x300.jpg 300w, https:\/\/zsjosefov.cz\/wp-content\/uploads\/2024\/09\/vykricnik-150x150.jpg 150w\" sizes=\"(max-width: 351px) 100vw, 351px\" \/>\t\t\t<\/a>\n\t\t<\/div>\n\t\t\n\t\t\t\t\n\t\t\t\t<div class=\"pp-post-content-wrap\">\n\t\t\t\t\t<div class=\"pp-post-content\">\n\t\t\t\t\t\t\t\t\t\t\t\t<h2 class=\"pp-post-title\">\n\t\t\t\t<a href=\"https:\/\/zsjosefov.cz\/?p=1897\">Z\u00e1pis do p\u0159\u00edpravn\u00e9 t\u0159\u00eddy<\/a>\t\t\t<\/h2>\n\t\t\t\t\t\t\t\t\t<div class=\"pp-post-meta\">\n\t\t\t\t\t\t\t<\/div>\n\t\t\t\t\t\t\t\t<\/div>\n\t\t\t\t\t\t\t\t\t<\/div>\n\n\t\t\t\t\t\t\t<\/div>\n\t\t\t\t\t<\/div>\n\t\t\t\t<div class=\"pp-post-wrap pp-grid-item-wrap elementor-grid-item post-1892 post type-post status-publish format-standard has-post-thumbnail hentry category-nezarazene\">\n\t\t\t\t\t\t<div class=\"pp-post pp-grid-item\">\n\t\t\t\t\t\t<div class=\"pp-post-thumbnail\">\n\t\t\t<a class=\"pp-post-thumbnail-wrap\" href=\"https:\/\/zsjosefov.cz\/?p=1892\" title=\"Pl\u00e1n na b\u0159ezen\">\n\t\t\t\t<img decoding=\"async\" width=\"768\" height=\"1152\" src=\"https:\/\/zsjosefov.cz\/wp-content\/uploads\/2026\/03\/brezen-768x1152.png\" class=\"attachment-medium_large size-medium_large wp-image-1889\" alt=\"\" srcset=\"https:\/\/zsjosefov.cz\/wp-content\/uploads\/2026\/03\/brezen-768x1152.png 768w, https:\/\/zsjosefov.cz\/wp-content\/uploads\/2026\/03\/brezen-200x300.png 200w, https:\/\/zsjosefov.cz\/wp-content\/uploads\/2026\/03\/brezen-683x1024.png 683w, https:\/\/zsjosefov.cz\/wp-content\/uploads\/2026\/03\/brezen.png 1024w\" sizes=\"(max-width: 768px) 100vw, 768px\" \/>\t\t\t<\/a>\n\t\t<\/div>\n\t\t\n\t\t\t\t\n\t\t\t\t<div class=\"pp-post-content-wrap\">\n\t\t\t\t\t<div class=\"pp-post-content\">\n\t\t\t\t\t\t\t\t\t\t\t\t<h2 class=\"pp-post-title\">\n\t\t\t\t<a href=\"https:\/\/zsjosefov.cz\/?p=1892\">Pl\u00e1n na b\u0159ezen<\/a>\t\t\t<\/h2>\n\t\t\t\t\t\t\t\t\t<div class=\"pp-post-meta\">\n\t\t\t\t\t\t\t<\/div>\n\t\t\t\t\t\t\t\t<\/div>\n\t\t\t\t\t\t\t\t\t<\/div>\n\n\t\t\t\t\t\t\t<\/div>\n\t\t\t\t\t<\/div>\n\t\t\t\t\t\t\t\t\t<\/div>\n\t\t\t\n\t\t\t\n\t\t\t\n\t\t\t\n\t\t\t\t\t\t\t\t\t\t\t\t<\/div>\n\n\t\t\n\t\t\t\t\t\t<\/div>\n\t\t\t\t<\/div>\n\t\t\t\t\t<\/div>\n\t\t\t\t<\/div>\n\t\t<div class=\"elementor-element elementor-element-8531672 e-flex e-con-boxed e-con e-parent\" data-id=\"8531672\" data-element_type=\"container\">\n\t\t\t\t\t<div class=\"e-con-inner\">\n\t\t\t\t<div class=\"elementor-element elementor-element-b89cf7e elementor-invisible elementor-widget elementor-widget-heading\" data-id=\"b89cf7e\" data-element_type=\"widget\" data-settings=\"{&quot;_animation&quot;:&quot;zoomIn&quot;}\" data-widget_type=\"heading.default\">\n\t\t\t\t<div class=\"elementor-widget-container\">\n\t\t\t\t\t<h2 class=\"elementor-heading-title elementor-size-default\"><a href=\"https:\/\/www.facebook.com\/zakladniskola.josefov\/\">SLEDUJTE N\u00c1S NA FACEBOOKU, TAM TO \u017dIJE (SPOUSTA FOTEK, KOMENT\u00c1\u0158\u016e ...)!<\/a><\/h2>\t\t\t\t<\/div>\n\t\t\t\t<\/div>\n\t\t\t\t\t<\/div>\n\t\t\t\t<\/div>\n\t\t\t\t<\/div>\n\t\t","protected":false},"excerpt":{"rendered":"<p>AKTUALITY \u00da\u0159edn\u00ed hodiny b\u011bhem letn\u00edch pr\u00e1zdnin Pl\u00e1n akc\u00ed na \u010derven Pl\u00e1n akc\u00ed na kv\u011bten SLEDUJTE N\u00c1S NA FACEBOOKU, TAM TO \u017dIJE (SPOUSTA FOTEK, KOMENT\u00c1\u0158\u016e &#8230;)!<\/p>\n","protected":false},"author":1,"featured_media":0,"parent":0,"menu_order":0,"comment_status":"closed","ping_status":"closed","template":"","meta":{"footnotes":""},"class_list":["post-10","page","type-page","status-publish","hentry"],"yoast_head":"<!-- This site is optimized with the Yoast SEO plugin v24.3 - https:\/\/yoast.com\/wordpress\/plugins\/seo\/ -->\n<title>\u00davod - Z\u00e1kladn\u00ed \u0161kola Jarom\u011b\u0159 - Josefov<\/title>\n<meta name=\"robots\" content=\"index, follow, max-snippet:-1, max-image-preview:large, max-video-preview:-1\" \/>\n<link rel=\"canonical\" href=\"https:\/\/zsjosefov.cz\/\" \/>\n<meta property=\"og:locale\" content=\"cs_CZ\" \/>\n<meta property=\"og:type\" content=\"article\" \/>\n<meta property=\"og:title\" content=\"\u00davod - Z\u00e1kladn\u00ed \u0161kola Jarom\u011b\u0159 - Josefov\" \/>\n<meta property=\"og:description\" content=\"AKTUALITY \u00da\u0159edn\u00ed hodiny b\u011bhem letn\u00edch pr\u00e1zdnin Pl\u00e1n akc\u00ed na \u010derven Pl\u00e1n akc\u00ed na kv\u011bten SLEDUJTE N\u00c1S NA FACEBOOKU, TAM TO \u017dIJE (SPOUSTA FOTEK, KOMENT\u00c1\u0158\u016e &#8230;)!\" \/>\n<meta property=\"og:url\" content=\"https:\/\/zsjosefov.cz\/\" \/>\n<meta property=\"og:site_name\" content=\"Z\u00e1kladn\u00ed \u0161kola Jarom\u011b\u0159 - Josefov\" \/>\n<meta property=\"article:modified_time\" content=\"2025-06-23T15:59:36+00:00\" \/>\n<meta property=\"og:image\" content=\"https:\/\/zsjosefov.cz\/wp-content\/uploads\/2024\/09\/vykricnik.jpg\" \/>\n\t<meta property=\"og:image:width\" content=\"351\" \/>\n\t<meta property=\"og:image:height\" content=\"351\" \/>\n\t<meta property=\"og:image:type\" content=\"image\/jpeg\" \/>\n<meta name=\"twitter:card\" content=\"summary_large_image\" \/>\n<meta name=\"twitter:label1\" content=\"Odhadovan\u00e1 doba \u010dten\u00ed\" \/>\n\t<meta name=\"twitter:data1\" content=\"1 minuta\" \/>\n<script type=\"application\/ld+json\" class=\"yoast-schema-graph\">{\"@context\":\"https:\/\/schema.org\",\"@graph\":[{\"@type\":\"WebPage\",\"@id\":\"https:\/\/zsjosefov.cz\/\",\"url\":\"https:\/\/zsjosefov.cz\/\",\"name\":\"\u00davod - Z\u00e1kladn\u00ed \u0161kola Jarom\u011b\u0159 - Josefov\",\"isPartOf\":{\"@id\":\"https:\/\/dev.zsjosefov.cz\/#website\"},\"primaryImageOfPage\":{\"@id\":\"https:\/\/zsjosefov.cz\/#primaryimage\"},\"image\":{\"@id\":\"https:\/\/zsjosefov.cz\/#primaryimage\"},\"thumbnailUrl\":\"https:\/\/zsjosefov.cz\/wp-content\/uploads\/2024\/09\/vykricnik.jpg\",\"datePublished\":\"2024-04-04T19:55:02+00:00\",\"dateModified\":\"2025-06-23T15:59:36+00:00\",\"breadcrumb\":{\"@id\":\"https:\/\/zsjosefov.cz\/#breadcrumb\"},\"inLanguage\":\"cs\",\"potentialAction\":[{\"@type\":\"ReadAction\",\"target\":[\"https:\/\/zsjosefov.cz\/\"]}]},{\"@type\":\"ImageObject\",\"inLanguage\":\"cs\",\"@id\":\"https:\/\/zsjosefov.cz\/#primaryimage\",\"url\":\"https:\/\/zsjosefov.cz\/wp-content\/uploads\/2024\/09\/vykricnik.jpg\",\"contentUrl\":\"https:\/\/zsjosefov.cz\/wp-content\/uploads\/2024\/09\/vykricnik.jpg\",\"width\":351,\"height\":351},{\"@type\":\"BreadcrumbList\",\"@id\":\"https:\/\/zsjosefov.cz\/#breadcrumb\",\"itemListElement\":[{\"@type\":\"ListItem\",\"position\":1,\"name\":\"Dom\u016f\",\"item\":\"https:\/\/zsjosefov.cz\/\"},{\"@type\":\"ListItem\",\"position\":2,\"name\":\"\u00davod\"}]},{\"@type\":\"WebSite\",\"@id\":\"https:\/\/dev.zsjosefov.cz\/#website\",\"url\":\"https:\/\/dev.zsjosefov.cz\/\",\"name\":\"Z\u00e1kladn\u00ed \u0161kola Jarom\u011b\u0159 - Josefov\",\"description\":\"\",\"potentialAction\":[{\"@type\":\"SearchAction\",\"target\":{\"@type\":\"EntryPoint\",\"urlTemplate\":\"https:\/\/dev.zsjosefov.cz\/?s={search_term_string}\"},\"query-input\":{\"@type\":\"PropertyValueSpecification\",\"valueRequired\":true,\"valueName\":\"search_term_string\"}}],\"inLanguage\":\"cs\"}]}<\/script>\n<!-- \/ Yoast SEO plugin. -->","yoast_head_json":{"title":"\u00davod - Z\u00e1kladn\u00ed \u0161kola Jarom\u011b\u0159 - Josefov","robots":{"index":"index","follow":"follow","max-snippet":"max-snippet:-1","max-image-preview":"max-image-preview:large","max-video-preview":"max-video-preview:-1"},"canonical":"https:\/\/zsjosefov.cz\/","og_locale":"cs_CZ","og_type":"article","og_title":"\u00davod - Z\u00e1kladn\u00ed \u0161kola Jarom\u011b\u0159 - Josefov","og_description":"AKTUALITY \u00da\u0159edn\u00ed hodiny b\u011bhem letn\u00edch pr\u00e1zdnin Pl\u00e1n akc\u00ed na \u010derven Pl\u00e1n akc\u00ed na kv\u011bten SLEDUJTE N\u00c1S NA FACEBOOKU, TAM TO \u017dIJE (SPOUSTA FOTEK, KOMENT\u00c1\u0158\u016e &#8230;)!","og_url":"https:\/\/zsjosefov.cz\/","og_site_name":"Z\u00e1kladn\u00ed \u0161kola Jarom\u011b\u0159 - Josefov","article_modified_time":"2025-06-23T15:59:36+00:00","og_image":[{"width":351,"height":351,"url":"https:\/\/zsjosefov.cz\/wp-content\/uploads\/2024\/09\/vykricnik.jpg","type":"image\/jpeg"}],"twitter_card":"summary_large_image","twitter_misc":{"Odhadovan\u00e1 doba \u010dten\u00ed":"1 minuta"},"schema":{"@context":"https:\/\/schema.org","@graph":[{"@type":"WebPage","@id":"https:\/\/zsjosefov.cz\/","url":"https:\/\/zsjosefov.cz\/","name":"\u00davod - Z\u00e1kladn\u00ed \u0161kola Jarom\u011b\u0159 - Josefov","isPartOf":{"@id":"https:\/\/dev.zsjosefov.cz\/#website"},"primaryImageOfPage":{"@id":"https:\/\/zsjosefov.cz\/#primaryimage"},"image":{"@id":"https:\/\/zsjosefov.cz\/#primaryimage"},"thumbnailUrl":"https:\/\/zsjosefov.cz\/wp-content\/uploads\/2024\/09\/vykricnik.jpg","datePublished":"2024-04-04T19:55:02+00:00","dateModified":"2025-06-23T15:59:36+00:00","breadcrumb":{"@id":"https:\/\/zsjosefov.cz\/#breadcrumb"},"inLanguage":"cs","potentialAction":[{"@type":"ReadAction","target":["https:\/\/zsjosefov.cz\/"]}]},{"@type":"ImageObject","inLanguage":"cs","@id":"https:\/\/zsjosefov.cz\/#primaryimage","url":"https:\/\/zsjosefov.cz\/wp-content\/uploads\/2024\/09\/vykricnik.jpg","contentUrl":"https:\/\/zsjosefov.cz\/wp-content\/uploads\/2024\/09\/vykricnik.jpg","width":351,"height":351},{"@type":"BreadcrumbList","@id":"https:\/\/zsjosefov.cz\/#breadcrumb","itemListElement":[{"@type":"ListItem","position":1,"name":"Dom\u016f","item":"https:\/\/zsjosefov.cz\/"},{"@type":"ListItem","position":2,"name":"\u00davod"}]},{"@type":"WebSite","@id":"https:\/\/dev.zsjosefov.cz\/#website","url":"https:\/\/dev.zsjosefov.cz\/","name":"Z\u00e1kladn\u00ed \u0161kola Jarom\u011b\u0159 - Josefov","description":"","potentialAction":[{"@type":"SearchAction","target":{"@type":"EntryPoint","urlTemplate":"https:\/\/dev.zsjosefov.cz\/?s={search_term_string}"},"query-input":{"@type":"PropertyValueSpecification","valueRequired":true,"valueName":"search_term_string"}}],"inLanguage":"cs"}]}},"_links":{"self":[{"href":"https:\/\/zsjosefov.cz\/index.php?rest_route=\/wp\/v2\/pages\/10","targetHints":{"allow":["GET"]}}],"collection":[{"href":"https:\/\/zsjosefov.cz\/index.php?rest_route=\/wp\/v2\/pages"}],"about":[{"href":"https:\/\/zsjosefov.cz\/index.php?rest_route=\/wp\/v2\/types\/page"}],"author":[{"embeddable":true,"href":"https:\/\/zsjosefov.cz\/index.php?rest_route=\/wp\/v2\/users\/1"}],"replies":[{"embeddable":true,"href":"https:\/\/zsjosefov.cz\/index.php?rest_route=%2Fwp%2Fv2%2Fcomments&post=10"}],"version-history":[{"count":76,"href":"https:\/\/zsjosefov.cz\/index.php?rest_route=\/wp\/v2\/pages\/10\/revisions"}],"predecessor-version":[{"id":1564,"href":"https:\/\/zsjosefov.cz\/index.php?rest_route=\/wp\/v2\/pages\/10\/revisions\/1564"}],"wp:attachment":[{"href":"https:\/\/zsjosefov.cz\/index.php?rest_route=%2Fwp%2Fv2%2Fmedia&parent=10"}],"curies":[{"name":"wp","href":"https:\/\/api.w.org\/{rel}","templated":true}]}}